{"id":40086,"date":"2026-04-23T21:48:14","date_gmt":"2026-04-23T18:48:14","guid":{"rendered":"https:\/\/a-pant.ee\/product\/poverbank-sandberg-10000mah\/"},"modified":"2026-05-07T15:31:56","modified_gmt":"2026-05-07T12:31:56","slug":"poverbank-sandberg-10000mah","status":"publish","type":"product","link":"https:\/\/a-pant.ee\/ru\/product\/poverbank-sandberg-10000mah\/","title":{"rendered":"\u041f\u043e\u0432\u0435\u0440\u0431\u0430\u043d\u043a Sandberg 10000Mah"},"content":{"rendered":"\n<p> Akupank Sandberg 10000Mah\u00a0, heas seisu- ja t\u00f6\u00f6korras! <\/p><p> KIRJELDUS <\/p><ul><li> Seadme t\u00fc\u00fcp: v\u00e4line aku (powerbank) <\/li><li> Aku maht: 10000 mAh (37 Wh) <\/li><li> Aku t\u00fc\u00fcp: Li-Ion <\/li><li> Nominaalpinge: 3,7 V <\/li><li> Kiirlaadimise tugi: Power Delivery kuni 20 W <\/li><li> Micro-USB sisend: 5 V \/ 2 A, 9 V \/ 2 A, 12 V \/ 1,5 A <\/li><li> USB-C sisend: 5 V \/ 3 A, 9 V \/ 2 A, 12 V \/ 1,5 A (kuni 18 W) <\/li><li> USB-C v\u00e4ljund: 5 V \/ 3 A, 9 V \/ 2,22 A, 12 V \/ 1,67 A (kuni 20 W) <\/li><li> USB-A v\u00e4ljund: 5 V \/ 4,5 A, 9 V \/ 2 A, 12 V \/ 1,5 A (kuni 22,5 W) <\/li><li> V\u00f5imalus laadida mitut seadet korraga <\/li><li> Laadimise taseme indikaator <\/li><li> Power-through funktsioon (seadmete laadimine samal ajal kui powerbank laeb) <\/li><li> Kaal: umbes 250 g <\/li><\/ul>\n","protected":false},"excerpt":{"rendered":"<p>Akupank Sandberg 10000Mah\u00a0, heas seisu- ja t\u00f6\u00f6korras! KIRJELDUS Seadme t\u00fc\u00fcp: v\u00e4line aku (powerbank) Aku maht: 10000 mAh (37 Wh) Aku t\u00fc\u00fcp: Li-Ion Nominaalpinge: 3,7 V Kiirlaadimise tugi: Power Delivery kuni 20 W Micro-USB sisend: 5 V \/ 2 A, 9 V \/ 2 A, 12 V \/ 1,5 A USB-C sisend: 5 V \/ 3 [&hellip;]<\/p>\n","protected":false},"featured_media":37690,"comment_status":"closed","ping_status":"closed","template":"","meta":{"inline_featured_image":false},"product_brand":[],"product_cat":[172],"product_tag":[],"class_list":{"0":"post-40086","1":"product","2":"type-product","3":"status-publish","4":"has-post-thumbnail","6":"product_cat-vse-dlya-telefonov","7":"pa_asukoht-mustamae","9":"first","10":"outofstock","11":"taxable","12":"shipping-taxable","13":"purchasable","14":"product-type-simple"},"_links":{"self":[{"href":"https:\/\/a-pant.ee\/ru\/wp-json\/wp\/v2\/product\/40086","targetHints":{"allow":["GET"]}}],"collection":[{"href":"https:\/\/a-pant.ee\/ru\/wp-json\/wp\/v2\/product"}],"about":[{"href":"https:\/\/a-pant.ee\/ru\/wp-json\/wp\/v2\/types\/product"}],"replies":[{"embeddable":true,"href":"https:\/\/a-pant.ee\/ru\/wp-json\/wp\/v2\/comments?post=40086"}],"wp:featuredmedia":[{"embeddable":true,"href":"https:\/\/a-pant.ee\/ru\/wp-json\/wp\/v2\/media\/37690"}],"wp:attachment":[{"href":"https:\/\/a-pant.ee\/ru\/wp-json\/wp\/v2\/media?parent=40086"}],"wp:term":[{"taxonomy":"product_brand","embeddable":true,"href":"https:\/\/a-pant.ee\/ru\/wp-json\/wp\/v2\/product_brand?post=40086"},{"taxonomy":"product_cat","embeddable":true,"href":"https:\/\/a-pant.ee\/ru\/wp-json\/wp\/v2\/product_cat?post=40086"},{"taxonomy":"product_tag","embeddable":true,"href":"https:\/\/a-pant.ee\/ru\/wp-json\/wp\/v2\/product_tag?post=40086"}],"curies":[{"name":"wp","href":"https:\/\/api.w.org\/{rel}","templated":true}]}}