{"id":40080,"date":"2026-04-23T21:48:14","date_gmt":"2026-04-23T18:48:14","guid":{"rendered":"https:\/\/a-pant.ee\/product\/planshet-redmi-pad-2-128gb-chehol\/"},"modified":"2026-04-30T11:48:32","modified_gmt":"2026-04-30T08:48:32","slug":"planshet-redmi-pad-2-128gb-chehol","status":"publish","type":"product","link":"https:\/\/a-pant.ee\/ru\/product\/planshet-redmi-pad-2-128gb-chehol\/","title":{"rendered":"\u041f\u043b\u0430\u043d\u0448\u0435\u0442 Redmi Pad 2 128GB + \u0427\u0435\u0445\u043e\u043b"},"content":{"rendered":"\n<p> Tahvelarvuti Redmi Pad 2 128GB + Kaane\u00a0, heas seisu- ja t\u00f6\u00f6korras! <\/p><p> KIRJELDUS <\/p><ul><li> Seadme t\u00fc\u00fcp: tahvelarvuti <\/li><li> Ekraan: 11\u2033 IPS LCD <\/li><li> Ekraani resolutsioon: 2560 \u00d7 1600 (2.5K) <\/li><li> V\u00e4rskendussagedus: kuni 90 Hz <\/li><li> Protsessor: MediaTek Helio G100-Ultra, 8-tuumaline <\/li><li> Graafika: Mali-G57 <\/li><li> Muutm\u00e4lu (RAM): 4 GB <\/li><li> Sisem\u00e4lu: 128 GB <\/li><li> M\u00e4lukaardi tugi: microSD <\/li><li> Tagumine kaamera: 8 MP <\/li><li> Esikaamera: 5 MP <\/li><li> \u00dchendused: Wi-Fi, Bluetooth 5.3 <\/li><li> Heli: neli k\u00f5larit ruumilise heli toega <\/li><li> Port: USB Type-C <\/li><li> Aku: umbes 9000 mAh <\/li><li> Operatsioonis\u00fcsteem: Android \/ HyperOS <\/li><li> Kaal: umbes 510 g <\/li><li> Korpuse paksus: umbes 7,3 mm <\/li><\/ul>\n","protected":false},"excerpt":{"rendered":"<p>Tahvelarvuti Redmi Pad 2 128GB + Kaane\u00a0, heas seisu- ja t\u00f6\u00f6korras! KIRJELDUS Seadme t\u00fc\u00fcp: tahvelarvuti Ekraan: 11\u2033 IPS LCD Ekraani resolutsioon: 2560 \u00d7 1600 (2.5K) V\u00e4rskendussagedus: kuni 90 Hz Protsessor: MediaTek Helio G100-Ultra, 8-tuumaline Graafika: Mali-G57 Muutm\u00e4lu (RAM): 4 GB Sisem\u00e4lu: 128 GB M\u00e4lukaardi tugi: microSD Tagumine kaamera: 8 MP Esikaamera: 5 MP \u00dchendused: Wi-Fi, [&hellip;]<\/p>\n","protected":false},"featured_media":37684,"comment_status":"closed","ping_status":"closed","template":"","meta":{"inline_featured_image":false},"product_brand":[],"product_cat":[180],"product_tag":[],"class_list":{"0":"post-40080","1":"product","2":"type-product","3":"status-publish","4":"has-post-thumbnail","6":"product_cat-planshety","7":"pa_asukoht-mustamae","9":"first","10":"outofstock","11":"taxable","12":"shipping-taxable","13":"purchasable","14":"product-type-simple"},"_links":{"self":[{"href":"https:\/\/a-pant.ee\/ru\/wp-json\/wp\/v2\/product\/40080","targetHints":{"allow":["GET"]}}],"collection":[{"href":"https:\/\/a-pant.ee\/ru\/wp-json\/wp\/v2\/product"}],"about":[{"href":"https:\/\/a-pant.ee\/ru\/wp-json\/wp\/v2\/types\/product"}],"replies":[{"embeddable":true,"href":"https:\/\/a-pant.ee\/ru\/wp-json\/wp\/v2\/comments?post=40080"}],"wp:featuredmedia":[{"embeddable":true,"href":"https:\/\/a-pant.ee\/ru\/wp-json\/wp\/v2\/media\/37684"}],"wp:attachment":[{"href":"https:\/\/a-pant.ee\/ru\/wp-json\/wp\/v2\/media?parent=40080"}],"wp:term":[{"taxonomy":"product_brand","embeddable":true,"href":"https:\/\/a-pant.ee\/ru\/wp-json\/wp\/v2\/product_brand?post=40080"},{"taxonomy":"product_cat","embeddable":true,"href":"https:\/\/a-pant.ee\/ru\/wp-json\/wp\/v2\/product_cat?post=40080"},{"taxonomy":"product_tag","embeddable":true,"href":"https:\/\/a-pant.ee\/ru\/wp-json\/wp\/v2\/product_tag?post=40080"}],"curies":[{"name":"wp","href":"https:\/\/api.w.org\/{rel}","templated":true}]}}