{"id":40032,"date":"2026-04-23T21:46:44","date_gmt":"2026-04-23T18:46:44","guid":{"rendered":"https:\/\/a-pant.ee\/product\/akkumulyator-makita-bl1840b-4-0ach-2\/"},"modified":"2026-04-30T11:27:42","modified_gmt":"2026-04-30T08:27:42","slug":"akkumulyator-makita-bl1840b-4-0ach-2","status":"publish","type":"product","link":"https:\/\/a-pant.ee\/ru\/product\/akkumulyator-makita-bl1840b-4-0ach-2\/","title":{"rendered":"\u0410\u043a\u043a\u0443\u043c\u0443\u043b\u044f\u0442\u043e\u0440 Makita BL1840B 4.0\u0410\u0447"},"content":{"rendered":"\n<p> Aku Makita BL1840B 4.0Ah, heas seisu- ja t\u00f6\u00f6korras! <\/p><p> KIRJELDUS <\/p><p> Aku laetuse indikaator. <br \/> Pinge: LXT <br \/> Aku nimipinge: 18 V <br \/> Aku mahtuvus: 4,0 Ah <br \/> Energiamaht: 72 Wh <br \/> Aku t\u00fc\u00fcp: Liitiumioon <br \/> Toote m\u00f5\u00f5tmed (P x L x K): 113 x 75 x 62 mm <br \/> Toote kaal: 0,64 kg <\/p>\n","protected":false},"excerpt":{"rendered":"<p>Aku Makita BL1840B 4.0Ah, heas seisu- ja t\u00f6\u00f6korras! KIRJELDUS Aku laetuse indikaator. Pinge: LXT Aku nimipinge: 18 V Aku mahtuvus: 4,0 Ah Energiamaht: 72 Wh Aku t\u00fc\u00fcp: Liitiumioon Toote m\u00f5\u00f5tmed (P x L x K): 113 x 75 x 62 mm Toote kaal: 0,64 kg<\/p>\n","protected":false},"featured_media":37636,"comment_status":"closed","ping_status":"closed","template":"","meta":{"inline_featured_image":false},"product_brand":[],"product_cat":[223],"product_tag":[],"class_list":{"0":"post-40032","1":"product","2":"type-product","3":"status-publish","4":"has-post-thumbnail","6":"product_cat-vsyo-dlya-instrumenta","7":"pa_asukoht-mustamae","9":"first","10":"outofstock","11":"taxable","12":"shipping-taxable","13":"product-type-simple"},"_links":{"self":[{"href":"https:\/\/a-pant.ee\/ru\/wp-json\/wp\/v2\/product\/40032","targetHints":{"allow":["GET"]}}],"collection":[{"href":"https:\/\/a-pant.ee\/ru\/wp-json\/wp\/v2\/product"}],"about":[{"href":"https:\/\/a-pant.ee\/ru\/wp-json\/wp\/v2\/types\/product"}],"replies":[{"embeddable":true,"href":"https:\/\/a-pant.ee\/ru\/wp-json\/wp\/v2\/comments?post=40032"}],"wp:featuredmedia":[{"embeddable":true,"href":"https:\/\/a-pant.ee\/ru\/wp-json\/wp\/v2\/media\/37636"}],"wp:attachment":[{"href":"https:\/\/a-pant.ee\/ru\/wp-json\/wp\/v2\/media?parent=40032"}],"wp:term":[{"taxonomy":"product_brand","embeddable":true,"href":"https:\/\/a-pant.ee\/ru\/wp-json\/wp\/v2\/product_brand?post=40032"},{"taxonomy":"product_cat","embeddable":true,"href":"https:\/\/a-pant.ee\/ru\/wp-json\/wp\/v2\/product_cat?post=40032"},{"taxonomy":"product_tag","embeddable":true,"href":"https:\/\/a-pant.ee\/ru\/wp-json\/wp\/v2\/product_tag?post=40032"}],"curies":[{"name":"wp","href":"https:\/\/api.w.org\/{rel}","templated":true}]}}