{"id":40025,"date":"2026-04-23T21:46:11","date_gmt":"2026-04-23T18:46:11","guid":{"rendered":"https:\/\/a-pant.ee\/product\/mobilnyj-telefon-redmi-note-14-256gb-chehol-garantiya\/"},"modified":"2026-05-04T10:46:19","modified_gmt":"2026-05-04T07:46:19","slug":"mobilnyj-telefon-redmi-note-14-256gb-chehol-garantiya","status":"publish","type":"product","link":"https:\/\/a-pant.ee\/ru\/product\/mobilnyj-telefon-redmi-note-14-256gb-chehol-garantiya\/","title":{"rendered":"\u041c\u043e\u0431\u0438\u043b\u044c\u043d\u044b\u0439 \u0442\u0435\u043b\u0435\u0444\u043e\u043d Redmi Note 14 256GB + \u0447\u0435\u0445\u043e\u043b + \u0433\u0430\u0440\u0430\u043d\u0442\u0438\u044f"},"content":{"rendered":"\n<p> Mobiiltelefon Redmi Note 14 256GB + kaane + garantii, t\u00f6\u00f6korras! <\/p><p> Garantii kehtib kuni 11.02.27 <\/p><p> KIRJELDUS <\/p><p> 6,67-tolline AMOLED-ekraan <br \/> 108-megapiksline tehisintellektiga kaameras\u00fcsteem <br \/> 8 GB muutm\u00e4lu + 256 GB sisem\u00e4lu <br \/> Corning\u00ae Gorilla\u00ae klaas 5, IP54 kaitseklass <br \/> 5500 mAh aku <\/p>\n","protected":false},"excerpt":{"rendered":"<p>Mobiiltelefon Redmi Note 14 256GB + kaane + garantii, t\u00f6\u00f6korras! Garantii kehtib kuni 11.02.27 KIRJELDUS 6,67-tolline AMOLED-ekraan 108-megapiksline tehisintellektiga kaameras\u00fcsteem 8 GB muutm\u00e4lu + 256 GB sisem\u00e4lu Corning\u00ae Gorilla\u00ae klaas 5, IP54 kaitseklass 5500 mAh aku<\/p>\n","protected":false},"featured_media":37629,"comment_status":"closed","ping_status":"closed","template":"","meta":{"inline_featured_image":false},"product_brand":[],"product_cat":[171],"product_tag":[],"class_list":{"0":"post-40025","1":"product","2":"type-product","3":"status-publish","4":"has-post-thumbnail","6":"product_cat-mobilnye-telefony","7":"pa_asukoht-mustamae","9":"first","10":"outofstock","11":"taxable","12":"shipping-taxable","13":"purchasable","14":"product-type-simple"},"_links":{"self":[{"href":"https:\/\/a-pant.ee\/ru\/wp-json\/wp\/v2\/product\/40025","targetHints":{"allow":["GET"]}}],"collection":[{"href":"https:\/\/a-pant.ee\/ru\/wp-json\/wp\/v2\/product"}],"about":[{"href":"https:\/\/a-pant.ee\/ru\/wp-json\/wp\/v2\/types\/product"}],"replies":[{"embeddable":true,"href":"https:\/\/a-pant.ee\/ru\/wp-json\/wp\/v2\/comments?post=40025"}],"wp:featuredmedia":[{"embeddable":true,"href":"https:\/\/a-pant.ee\/ru\/wp-json\/wp\/v2\/media\/37629"}],"wp:attachment":[{"href":"https:\/\/a-pant.ee\/ru\/wp-json\/wp\/v2\/media?parent=40025"}],"wp:term":[{"taxonomy":"product_brand","embeddable":true,"href":"https:\/\/a-pant.ee\/ru\/wp-json\/wp\/v2\/product_brand?post=40025"},{"taxonomy":"product_cat","embeddable":true,"href":"https:\/\/a-pant.ee\/ru\/wp-json\/wp\/v2\/product_cat?post=40025"},{"taxonomy":"product_tag","embeddable":true,"href":"https:\/\/a-pant.ee\/ru\/wp-json\/wp\/v2\/product_tag?post=40025"}],"curies":[{"name":"wp","href":"https:\/\/api.w.org\/{rel}","templated":true}]}}