{"id":40000,"date":"2026-04-23T21:45:35","date_gmt":"2026-04-23T18:45:35","guid":{"rendered":"https:\/\/a-pant.ee\/product\/proektor-philips-neopix-320-polnyj-komplekt\/"},"modified":"2026-05-08T13:13:58","modified_gmt":"2026-05-08T10:13:58","slug":"proektor-philips-neopix-320-polnyj-komplekt","status":"publish","type":"product","link":"https:\/\/a-pant.ee\/ru\/product\/proektor-philips-neopix-320-polnyj-komplekt\/","title":{"rendered":"\u041f\u0440\u043e\u0435\u043a\u0442\u043e\u0440 Philips NeoPix 320, \u041f\u043e\u043b\u043d\u044b\u0439 \u043a\u043e\u043c\u043f\u043b\u0435\u043a\u0442"},"content":{"rendered":"\n<p> Projektor Philips NeoPix 320, T\u00e4iskomlekt\u00a0, heas seisu- ja t\u00f6\u00f6korras! <\/p><p> KIRJELDUS <\/p><ul><li> Seadme t\u00fc\u00fcp: kaasaskantav multimeedia projektor <\/li><li> Projektsioonitehnoloogia:\u00a0LCD <\/li><li> Valgusallikas:\u00a0LED <\/li><li> Resolutsioon:\u00a01920 \u00d7 1080 (Full HD) <\/li><li> Heledus:\u00a0kuni 250 luumenit <\/li><li> Kontrastsus:\u00a03000:1 <\/li><li> Kuvasuhe:\u00a016:9 <\/li><li> Projektsioonisuhe:\u00a01.4:1 <\/li><li> Pildi suurus: kuni\u00a0\u224880&#8243;\u00a0(soovitatav pimedas ruumis) <\/li><li> Fookus:\u00a0manuaalne <\/li><li> Keystone korrigeerimine:\u00a0digitaalne <\/li><li> LED eluiga:\u00a0kuni 30 000 tundi <\/li><\/ul><p> \u00dchendused: <\/p><ul><li> HDMI \u00d71 <\/li><li> USB \u00d71 <\/li><li> 3.5 mm audio v\u00e4ljund <\/li><li> Wi-Fi (ekraani peegeldamine) <\/li><li> Bluetooth (v\u00e4lised k\u00f5larid) <\/li><\/ul><p> Heli: <\/p><ul><li> sisseehitatud k\u00f5larid\u00a02 \u00d7 5 W\u00a0(2.1 s\u00fcsteem) <\/li><\/ul><p> Lisafunktsioonid: <\/p><ul><li> sisseehitatud meediapleier <\/li><li> voogedastuse rakenduste tugi <\/li><li> ekraani peegeldamine <\/li><\/ul><p> M\u00f5\u00f5dud ja kaal: <\/p><ul><li> M\u00f5\u00f5dud:\u00a0216 \u00d7 246 \u00d7 93 mm <\/li><li> Kaal:\u00a0umbes 1.2 kg <\/li><li> Energiatarve:\u00a0kuni 100 W <\/li><\/ul>\n","protected":false},"excerpt":{"rendered":"<p>Projektor Philips NeoPix 320, T\u00e4iskomlekt\u00a0, heas seisu- ja t\u00f6\u00f6korras! KIRJELDUS Seadme t\u00fc\u00fcp: kaasaskantav multimeedia projektor Projektsioonitehnoloogia:\u00a0LCD Valgusallikas:\u00a0LED Resolutsioon:\u00a01920 \u00d7 1080 (Full HD) Heledus:\u00a0kuni 250 luumenit Kontrastsus:\u00a03000:1 Kuvasuhe:\u00a016:9 Projektsioonisuhe:\u00a01.4:1 Pildi suurus: kuni\u00a0\u224880&#8243;\u00a0(soovitatav pimedas ruumis) Fookus:\u00a0manuaalne Keystone korrigeerimine:\u00a0digitaalne LED eluiga:\u00a0kuni 30 000 tundi \u00dchendused: HDMI \u00d71 USB \u00d71 3.5 mm audio v\u00e4ljund Wi-Fi (ekraani peegeldamine) Bluetooth (v\u00e4lised [&hellip;]<\/p>\n","protected":false},"featured_media":37604,"comment_status":"closed","ping_status":"open","template":"","meta":{"inline_featured_image":false},"product_brand":[],"product_cat":[177],"product_tag":[],"class_list":{"0":"post-40000","1":"product","2":"type-product","3":"status-publish","4":"has-post-thumbnail","6":"product_cat-proektory","7":"pa_asukoht-mustamae","9":"first","10":"instock","11":"taxable","12":"shipping-taxable","13":"purchasable","14":"product-type-simple"},"_links":{"self":[{"href":"https:\/\/a-pant.ee\/ru\/wp-json\/wp\/v2\/product\/40000","targetHints":{"allow":["GET"]}}],"collection":[{"href":"https:\/\/a-pant.ee\/ru\/wp-json\/wp\/v2\/product"}],"about":[{"href":"https:\/\/a-pant.ee\/ru\/wp-json\/wp\/v2\/types\/product"}],"replies":[{"embeddable":true,"href":"https:\/\/a-pant.ee\/ru\/wp-json\/wp\/v2\/comments?post=40000"}],"wp:featuredmedia":[{"embeddable":true,"href":"https:\/\/a-pant.ee\/ru\/wp-json\/wp\/v2\/media\/37604"}],"wp:attachment":[{"href":"https:\/\/a-pant.ee\/ru\/wp-json\/wp\/v2\/media?parent=40000"}],"wp:term":[{"taxonomy":"product_brand","embeddable":true,"href":"https:\/\/a-pant.ee\/ru\/wp-json\/wp\/v2\/product_brand?post=40000"},{"taxonomy":"product_cat","embeddable":true,"href":"https:\/\/a-pant.ee\/ru\/wp-json\/wp\/v2\/product_cat?post=40000"},{"taxonomy":"product_tag","embeddable":true,"href":"https:\/\/a-pant.ee\/ru\/wp-json\/wp\/v2\/product_tag?post=40000"}],"curies":[{"name":"wp","href":"https:\/\/api.w.org\/{rel}","templated":true}]}}