{"id":39988,"date":"2026-04-23T21:45:16","date_gmt":"2026-04-23T18:45:16","guid":{"rendered":"https:\/\/a-pant.ee\/product\/naushniki-sony-wf-c500\/"},"modified":"2026-05-12T13:53:08","modified_gmt":"2026-05-12T10:53:08","slug":"naushniki-sony-wf-c500","status":"publish","type":"product","link":"https:\/\/a-pant.ee\/ru\/product\/naushniki-sony-wf-c500\/","title":{"rendered":"\u041d\u0430\u0443\u0448\u043d\u0438\u043a\u0438 Sony WF-C500"},"content":{"rendered":"<p>K\u00f5rvaklappid Sony WF-C500, heas seisu- ja t\u00f6\u00f6korras!<\/p>\n<p>karp . laadija<\/p>\n<p>KIRJELDUS<\/p>\n<ul>\n<li>K\u00f5rvaklappide t\u00fc\u00fcp: t\u00e4ielikult juhtmevabad True Wireless<\/li>\n<li>Kuju: k\u00f5rvakanalisse paigaldatavad<\/li>\n<li>\u00dchendus: Bluetooth<\/li>\n<li>Toetatud koodekid: SBC, AAC<\/li>\n<li>Juhtimine: puuteplaadid k\u00f5rvaklappidel<\/li>\n<li>Mikrofon: sisseehitatud k\u00f5nede jaoks<\/li>\n<li>Aku t\u00f6\u00f6iga: pikaajaline aku kasutusaeg<\/li>\n<li>K\u00f5rvaklappide t\u00f6\u00f6aeg ilma karbita: pikk<\/li>\n<li>T\u00f6\u00f6aeg koos laadimiskarbiga: oluliselt pikem<\/li>\n<li>Kiirlaadimine<\/li>\n<li>Veekindlus \/ pritsmekindlus<\/li>\n<li>Mugav ja kindel istuvus<\/li>\n<li>\u00dchilduvus enamiku nutitelefonide ja seadmetega<\/li>\n<\/ul>\n","protected":false},"excerpt":{"rendered":"<p>K\u00f5rvaklappid Sony WF-C500, heas seisu- ja t\u00f6\u00f6korras! karp . laadija KIRJELDUS K\u00f5rvaklappide t\u00fc\u00fcp: t\u00e4ielikult juhtmevabad True Wireless Kuju: k\u00f5rvakanalisse paigaldatavad \u00dchendus: Bluetooth Toetatud koodekid: SBC, AAC Juhtimine: puuteplaadid k\u00f5rvaklappidel Mikrofon: sisseehitatud k\u00f5nede jaoks Aku t\u00f6\u00f6iga: pikaajaline aku kasutusaeg K\u00f5rvaklappide t\u00f6\u00f6aeg ilma karbita: pikk T\u00f6\u00f6aeg koos laadimiskarbiga: oluliselt pikem Kiirlaadimine Veekindlus \/ pritsmekindlus Mugav ja kindel [&hellip;]<\/p>\n","protected":false},"featured_media":37592,"comment_status":"closed","ping_status":"open","template":"","meta":{"inline_featured_image":false},"product_brand":[],"product_cat":[168],"product_tag":[],"class_list":{"0":"post-39988","1":"product","2":"type-product","3":"status-publish","4":"has-post-thumbnail","6":"product_cat-naushniki","7":"pa_asukoht-mustamae","9":"first","10":"instock","11":"taxable","12":"shipping-taxable","13":"purchasable","14":"product-type-simple"},"_links":{"self":[{"href":"https:\/\/a-pant.ee\/ru\/wp-json\/wp\/v2\/product\/39988","targetHints":{"allow":["GET"]}}],"collection":[{"href":"https:\/\/a-pant.ee\/ru\/wp-json\/wp\/v2\/product"}],"about":[{"href":"https:\/\/a-pant.ee\/ru\/wp-json\/wp\/v2\/types\/product"}],"replies":[{"embeddable":true,"href":"https:\/\/a-pant.ee\/ru\/wp-json\/wp\/v2\/comments?post=39988"}],"wp:featuredmedia":[{"embeddable":true,"href":"https:\/\/a-pant.ee\/ru\/wp-json\/wp\/v2\/media\/37592"}],"wp:attachment":[{"href":"https:\/\/a-pant.ee\/ru\/wp-json\/wp\/v2\/media?parent=39988"}],"wp:term":[{"taxonomy":"product_brand","embeddable":true,"href":"https:\/\/a-pant.ee\/ru\/wp-json\/wp\/v2\/product_brand?post=39988"},{"taxonomy":"product_cat","embeddable":true,"href":"https:\/\/a-pant.ee\/ru\/wp-json\/wp\/v2\/product_cat?post=39988"},{"taxonomy":"product_tag","embeddable":true,"href":"https:\/\/a-pant.ee\/ru\/wp-json\/wp\/v2\/product_tag?post=39988"}],"curies":[{"name":"wp","href":"https:\/\/api.w.org\/{rel}","templated":true}]}}