{"id":39982,"date":"2026-04-23T21:45:16","date_gmt":"2026-04-23T18:45:16","guid":{"rendered":"https:\/\/a-pant.ee\/product\/akudrel-makita-ddf453-aku-30ach-zaryadka\/"},"modified":"2026-05-06T16:04:11","modified_gmt":"2026-05-06T13:04:11","slug":"akudrel-makita-ddf453-aku-30ach-zaryadka","status":"publish","type":"product","link":"https:\/\/a-pant.ee\/ru\/product\/akudrel-makita-ddf453-aku-30ach-zaryadka\/","title":{"rendered":"\u0410\u043a\u0443\u0434\u0440\u0435\u043b\u044c Makita DDF453 + \u0410\u043a\u0443 3,0\u0410\u0427 + \u0417\u0430\u0440\u044f\u0434\u043a\u0430"},"content":{"rendered":"\n<p> Akutrell Makita DDF453 + AKu 3,0AH + Laadija\u00a0, heas seisu- ja t\u00f6\u00f6korras! <\/p><p> KIRJELDUS <\/p><ul><li> T\u00fc\u00fcp: \u00f5hukompressor <\/li><li> Mudel: TE\u2011AC 230\/24\/8 <\/li><li> Ajami t\u00fc\u00fcp: elektriline v\u00f5rgu toitel <\/li><li> Toitepinge: 230\u202fV <\/li><li> V\u00f5imsus: sobiv kodu ja poolprofessionaalse kasutuse jaoks <\/li><li> Paagi maht: 24\u202fl <\/li><li> Maksimaalne t\u00f6\u00f6\u00f5hur\u00f5hk: umbes 8\u202fbar <\/li><li> T\u00f5husus: piisav keskmise v\u00f5imsusega t\u00f6\u00f6riistade jaoks <\/li><li> T\u00f6\u00f6ts\u00fckkel: sobiv nii pidevaks kui ka vahelduvaks kasutamiseks <\/li><li> Kasutusala: v\u00e4rvimine, rehvide pumpamine, pihustust\u00f6\u00f6riistad, keskmise klassi pneumaatika <\/li><li> Rattad ja k\u00e4epide lihtsaks liigutamiseks <\/li><li> \u00dclekuumenemiskaitse <\/li><li> R\u00f5hu n\u00e4idikud t\u00f6\u00f6 j\u00e4lgimiseks <\/li><\/ul>\n","protected":false},"excerpt":{"rendered":"<p>Akutrell Makita DDF453 + AKu 3,0AH + Laadija\u00a0, heas seisu- ja t\u00f6\u00f6korras! KIRJELDUS T\u00fc\u00fcp: \u00f5hukompressor Mudel: TE\u2011AC 230\/24\/8 Ajami t\u00fc\u00fcp: elektriline v\u00f5rgu toitel Toitepinge: 230\u202fV V\u00f5imsus: sobiv kodu ja poolprofessionaalse kasutuse jaoks Paagi maht: 24\u202fl Maksimaalne t\u00f6\u00f6\u00f5hur\u00f5hk: umbes 8\u202fbar T\u00f5husus: piisav keskmise v\u00f5imsusega t\u00f6\u00f6riistade jaoks T\u00f6\u00f6ts\u00fckkel: sobiv nii pidevaks kui ka vahelduvaks kasutamiseks Kasutusala: v\u00e4rvimine, [&hellip;]<\/p>\n","protected":false},"featured_media":37586,"comment_status":"closed","ping_status":"closed","template":"","meta":{"inline_featured_image":false},"product_brand":[],"product_cat":[221],"product_tag":[],"class_list":{"0":"post-39982","1":"product","2":"type-product","3":"status-publish","4":"has-post-thumbnail","6":"product_cat-akkumulyatornye-dreli","7":"pa_asukoht-mustamae","9":"first","10":"outofstock","11":"taxable","12":"shipping-taxable","13":"purchasable","14":"product-type-simple"},"_links":{"self":[{"href":"https:\/\/a-pant.ee\/ru\/wp-json\/wp\/v2\/product\/39982","targetHints":{"allow":["GET"]}}],"collection":[{"href":"https:\/\/a-pant.ee\/ru\/wp-json\/wp\/v2\/product"}],"about":[{"href":"https:\/\/a-pant.ee\/ru\/wp-json\/wp\/v2\/types\/product"}],"replies":[{"embeddable":true,"href":"https:\/\/a-pant.ee\/ru\/wp-json\/wp\/v2\/comments?post=39982"}],"wp:featuredmedia":[{"embeddable":true,"href":"https:\/\/a-pant.ee\/ru\/wp-json\/wp\/v2\/media\/37586"}],"wp:attachment":[{"href":"https:\/\/a-pant.ee\/ru\/wp-json\/wp\/v2\/media?parent=39982"}],"wp:term":[{"taxonomy":"product_brand","embeddable":true,"href":"https:\/\/a-pant.ee\/ru\/wp-json\/wp\/v2\/product_brand?post=39982"},{"taxonomy":"product_cat","embeddable":true,"href":"https:\/\/a-pant.ee\/ru\/wp-json\/wp\/v2\/product_cat?post=39982"},{"taxonomy":"product_tag","embeddable":true,"href":"https:\/\/a-pant.ee\/ru\/wp-json\/wp\/v2\/product_tag?post=39982"}],"curies":[{"name":"wp","href":"https:\/\/api.w.org\/{rel}","templated":true}]}}