{"id":39958,"date":"2026-04-23T21:44:35","date_gmt":"2026-04-23T18:44:35","guid":{"rendered":"https:\/\/a-pant.ee\/product\/bolgarka-makita-ga5030r-2\/"},"modified":"2026-04-30T11:48:06","modified_gmt":"2026-04-30T08:48:06","slug":"bolgarka-makita-ga5030r-2","status":"publish","type":"product","link":"https:\/\/a-pant.ee\/ru\/product\/bolgarka-makita-ga5030r-2\/","title":{"rendered":"\u0411\u043e\u043b\u0433\u0430\u0440\u043a\u0430 Makita GA5030R"},"content":{"rendered":"\n<p> Relakas Makita GA5030R, heas seisu- ja t\u00f6\u00f6korras! <\/p><p> KIRJELDUS <\/p><ul><li> T\u00f6\u00f6riista t\u00fc\u00fcp: nurgalihvija (angaarlihvija) <\/li><li> Mudel: Makita GA5030R <\/li><li> V\u00f5imsus: 720 W <\/li><li> L\u00f5ikeketta l\u00e4bim\u00f5\u00f5t: 125 mm <\/li><li> T\u00fchik\u00e4igu p\u00f6\u00f6rded: 11\u202f000 p\/min <\/li><li> Spindlil\u00f5ng: M14 <\/li><li> Kaitsekattega <\/li><li> K\u00fclgmine k\u00e4epide <\/li><li> Kompaktne ja mugav disain <\/li><li> Kasutus: metalli ja muude materjalide lihvimine, l\u00f5ikamine ja puhastamine <\/li><\/ul>\n","protected":false},"excerpt":{"rendered":"<p>Relakas Makita GA5030R, heas seisu- ja t\u00f6\u00f6korras! KIRJELDUS T\u00f6\u00f6riista t\u00fc\u00fcp: nurgalihvija (angaarlihvija) Mudel: Makita GA5030R V\u00f5imsus: 720 W L\u00f5ikeketta l\u00e4bim\u00f5\u00f5t: 125 mm T\u00fchik\u00e4igu p\u00f6\u00f6rded: 11\u202f000 p\/min Spindlil\u00f5ng: M14 Kaitsekattega K\u00fclgmine k\u00e4epide Kompaktne ja mugav disain Kasutus: metalli ja muude materjalide lihvimine, l\u00f5ikamine ja puhastamine<\/p>\n","protected":false},"featured_media":37562,"comment_status":"closed","ping_status":"closed","template":"","meta":{"inline_featured_image":false},"product_brand":[],"product_cat":[235],"product_tag":[],"class_list":{"0":"post-39958","1":"product","2":"type-product","3":"status-publish","4":"has-post-thumbnail","6":"product_cat-bolgarki","7":"pa_asukoht-mustamae","9":"first","10":"outofstock","11":"taxable","12":"shipping-taxable","13":"purchasable","14":"product-type-simple"},"_links":{"self":[{"href":"https:\/\/a-pant.ee\/ru\/wp-json\/wp\/v2\/product\/39958","targetHints":{"allow":["GET"]}}],"collection":[{"href":"https:\/\/a-pant.ee\/ru\/wp-json\/wp\/v2\/product"}],"about":[{"href":"https:\/\/a-pant.ee\/ru\/wp-json\/wp\/v2\/types\/product"}],"replies":[{"embeddable":true,"href":"https:\/\/a-pant.ee\/ru\/wp-json\/wp\/v2\/comments?post=39958"}],"wp:featuredmedia":[{"embeddable":true,"href":"https:\/\/a-pant.ee\/ru\/wp-json\/wp\/v2\/media\/37562"}],"wp:attachment":[{"href":"https:\/\/a-pant.ee\/ru\/wp-json\/wp\/v2\/media?parent=39958"}],"wp:term":[{"taxonomy":"product_brand","embeddable":true,"href":"https:\/\/a-pant.ee\/ru\/wp-json\/wp\/v2\/product_brand?post=39958"},{"taxonomy":"product_cat","embeddable":true,"href":"https:\/\/a-pant.ee\/ru\/wp-json\/wp\/v2\/product_cat?post=39958"},{"taxonomy":"product_tag","embeddable":true,"href":"https:\/\/a-pant.ee\/ru\/wp-json\/wp\/v2\/product_tag?post=39958"}],"curies":[{"name":"wp","href":"https:\/\/api.w.org\/{rel}","templated":true}]}}