{"id":39928,"date":"2026-04-23T21:43:27","date_gmt":"2026-04-23T18:43:27","guid":{"rendered":"https:\/\/a-pant.ee\/product\/akudrel-einhell-tc-cd-18-35-li-40ach-zaryadka\/"},"modified":"2026-05-09T10:29:01","modified_gmt":"2026-05-09T07:29:01","slug":"akudrel-einhell-tc-cd-18-35-li-40ach-zaryadka","status":"publish","type":"product","link":"https:\/\/a-pant.ee\/ru\/product\/akudrel-einhell-tc-cd-18-35-li-40ach-zaryadka\/","title":{"rendered":"\u0410\u043a\u0443\u0434\u0440\u0435\u043b\u044c Einhell TC-CD 18\/35 LI + 4,0\u0410\u0447 + \u0417\u0430\u0440\u044f\u0434\u043a\u0430"},"content":{"rendered":"\n<p><strong> Akutrell Einhell TC-CD 18\/35 LI + 4,0Ah + Laadija <\/strong> , heas seisu- ja t\u00f6\u00f6korras! <\/p><p> KIRJELDUS <\/p><ul><li> T\u00fc\u00fcp: <strong> akutrell \/ kruvikeeraja <\/strong><\/li><li> Aku pinge: <strong> 18 V (Li-Ion) <\/strong><\/li><li> Maksimaalne p\u00f6\u00f6rdemoment: <strong> 35 Nm <\/strong><\/li><li> T\u00fchik\u00e4igu kiirus: <strong> 0\u2013550 p\/min <\/strong><\/li><li> K\u00e4ikude arv: <strong> 1 <\/strong><\/li><li> P\u00f6\u00f6rdemomendi astmed: <strong> 21+1 <\/strong><\/li><li> Padrun: <strong> 10 mm kiirkinnitusega padrun <\/strong><\/li><\/ul>\n","protected":false},"excerpt":{"rendered":"<p>Akutrell Einhell TC-CD 18\/35 LI + 4,0Ah + Laadija , heas seisu- ja t\u00f6\u00f6korras! KIRJELDUS T\u00fc\u00fcp: akutrell \/ kruvikeeraja Aku pinge: 18 V (Li-Ion) Maksimaalne p\u00f6\u00f6rdemoment: 35 Nm T\u00fchik\u00e4igu kiirus: 0\u2013550 p\/min K\u00e4ikude arv: 1 P\u00f6\u00f6rdemomendi astmed: 21+1 Padrun: 10 mm kiirkinnitusega padrun<\/p>\n","protected":false},"featured_media":37532,"comment_status":"closed","ping_status":"closed","template":"","meta":{"inline_featured_image":false},"product_brand":[],"product_cat":[221],"product_tag":[],"class_list":{"0":"post-39928","1":"product","2":"type-product","3":"status-publish","4":"has-post-thumbnail","6":"product_cat-akkumulyatornye-dreli","7":"pa_asukoht-lasnamae","9":"first","10":"outofstock","11":"taxable","12":"shipping-taxable","13":"purchasable","14":"product-type-simple"},"_links":{"self":[{"href":"https:\/\/a-pant.ee\/ru\/wp-json\/wp\/v2\/product\/39928","targetHints":{"allow":["GET"]}}],"collection":[{"href":"https:\/\/a-pant.ee\/ru\/wp-json\/wp\/v2\/product"}],"about":[{"href":"https:\/\/a-pant.ee\/ru\/wp-json\/wp\/v2\/types\/product"}],"replies":[{"embeddable":true,"href":"https:\/\/a-pant.ee\/ru\/wp-json\/wp\/v2\/comments?post=39928"}],"wp:featuredmedia":[{"embeddable":true,"href":"https:\/\/a-pant.ee\/ru\/wp-json\/wp\/v2\/media\/37532"}],"wp:attachment":[{"href":"https:\/\/a-pant.ee\/ru\/wp-json\/wp\/v2\/media?parent=39928"}],"wp:term":[{"taxonomy":"product_brand","embeddable":true,"href":"https:\/\/a-pant.ee\/ru\/wp-json\/wp\/v2\/product_brand?post=39928"},{"taxonomy":"product_cat","embeddable":true,"href":"https:\/\/a-pant.ee\/ru\/wp-json\/wp\/v2\/product_cat?post=39928"},{"taxonomy":"product_tag","embeddable":true,"href":"https:\/\/a-pant.ee\/ru\/wp-json\/wp\/v2\/product_tag?post=39928"}],"curies":[{"name":"wp","href":"https:\/\/api.w.org\/{rel}","templated":true}]}}