{"id":39819,"date":"2026-04-23T21:39:41","date_gmt":"2026-04-23T18:39:41","guid":{"rendered":"https:\/\/a-pant.ee\/product\/akkumulyatornaya-drel-makita-dtd153-akku-5-0ach\/"},"modified":"2026-05-07T16:33:04","modified_gmt":"2026-05-07T13:33:04","slug":"akkumulyatornaya-drel-makita-dtd153-akku-5-0ach","status":"publish","type":"product","link":"https:\/\/a-pant.ee\/ru\/product\/akkumulyatornaya-drel-makita-dtd153-akku-5-0ach\/","title":{"rendered":"\u0410\u043a\u043a\u0443\u043c\u0443\u043b\u044f\u0442\u043e\u0440\u043d\u0430\u044f \u0434\u0440\u0435\u043b\u044c Makita DTD153 + \u0430\u043a\u043a\u0443 5.0\u0410\u0447"},"content":{"rendered":"\n<p> Akutrell Makita DTD153 + aku 5.0Ah, heas seisu- ja t\u00f6\u00f6korras! <\/p><p> KIRJELDUS <\/p><p> Li-ion aku 18V \u2013 <br \/> Aku kaitses\u00fcsteem <br \/> P\u00f6\u00f6retearv (min-1) 0-3400 <br \/> Maks. pingutusmoment170 Nm <br \/> Standardse poldi pingutusv\u00f5ime M5-M16 <br \/> Masinkruvi M4-M8 <br \/> K\u00f5rgpingutuspoldi pingutusv\u00f5ime M5-M14 <br \/> L\u00f6\u00f6gisagedus (min-1) 0-3600 <br \/> Heliv\u00f5imsuse tase (LWA)105 dB(A) <br \/> Helir\u00f5hu tase (LpA)94 dB(A) <br \/> M\u00e4\u00e4ramatu m\u00fcra (K faktor)3 dB(A) <br \/> Vibratsioonitase (3 teljel), poltide kinnitamisel 15,0 m\/sec\u00b2 <br \/> M\u00e4\u00e4ramatu vibratsioon (K faktor)1,5 m\/sec\u00b2 <br \/> Kaal koos standardse akuga (EPTA-Protseduur 01\/2003)1,5 kg <\/p>\n","protected":false},"excerpt":{"rendered":"<p>Akutrell Makita DTD153 + aku 5.0Ah, heas seisu- ja t\u00f6\u00f6korras! KIRJELDUS Li-ion aku 18V \u2013 Aku kaitses\u00fcsteem P\u00f6\u00f6retearv (min-1) 0-3400 Maks. pingutusmoment170 Nm Standardse poldi pingutusv\u00f5ime M5-M16 Masinkruvi M4-M8 K\u00f5rgpingutuspoldi pingutusv\u00f5ime M5-M14 L\u00f6\u00f6gisagedus (min-1) 0-3600 Heliv\u00f5imsuse tase (LWA)105 dB(A) Helir\u00f5hu tase (LpA)94 dB(A) M\u00e4\u00e4ramatu m\u00fcra (K faktor)3 dB(A) Vibratsioonitase (3 teljel), poltide kinnitamisel 15,0 m\/sec\u00b2 [&hellip;]<\/p>\n","protected":false},"featured_media":37423,"comment_status":"closed","ping_status":"closed","template":"","meta":{"inline_featured_image":false},"product_brand":[],"product_cat":[221],"product_tag":[],"class_list":{"0":"post-39819","1":"product","2":"type-product","3":"status-publish","4":"has-post-thumbnail","6":"product_cat-akkumulyatornye-dreli","7":"pa_asukoht-mustamae","9":"first","10":"outofstock","11":"taxable","12":"shipping-taxable","13":"purchasable","14":"product-type-simple"},"_links":{"self":[{"href":"https:\/\/a-pant.ee\/ru\/wp-json\/wp\/v2\/product\/39819","targetHints":{"allow":["GET"]}}],"collection":[{"href":"https:\/\/a-pant.ee\/ru\/wp-json\/wp\/v2\/product"}],"about":[{"href":"https:\/\/a-pant.ee\/ru\/wp-json\/wp\/v2\/types\/product"}],"replies":[{"embeddable":true,"href":"https:\/\/a-pant.ee\/ru\/wp-json\/wp\/v2\/comments?post=39819"}],"wp:featuredmedia":[{"embeddable":true,"href":"https:\/\/a-pant.ee\/ru\/wp-json\/wp\/v2\/media\/37423"}],"wp:attachment":[{"href":"https:\/\/a-pant.ee\/ru\/wp-json\/wp\/v2\/media?parent=39819"}],"wp:term":[{"taxonomy":"product_brand","embeddable":true,"href":"https:\/\/a-pant.ee\/ru\/wp-json\/wp\/v2\/product_brand?post=39819"},{"taxonomy":"product_cat","embeddable":true,"href":"https:\/\/a-pant.ee\/ru\/wp-json\/wp\/v2\/product_cat?post=39819"},{"taxonomy":"product_tag","embeddable":true,"href":"https:\/\/a-pant.ee\/ru\/wp-json\/wp\/v2\/product_tag?post=39819"}],"curies":[{"name":"wp","href":"https:\/\/api.w.org\/{rel}","templated":true}]}}