{"id":39813,"date":"2026-04-23T21:39:14","date_gmt":"2026-04-23T18:39:14","guid":{"rendered":"https:\/\/a-pant.ee\/product\/mobilnyj-telefon-samsung-galaxy-s21-128gb-chehol\/"},"modified":"2026-04-30T11:31:00","modified_gmt":"2026-04-30T08:31:00","slug":"mobilnyj-telefon-samsung-galaxy-s21-128gb-chehol","status":"publish","type":"product","link":"https:\/\/a-pant.ee\/ru\/product\/mobilnyj-telefon-samsung-galaxy-s21-128gb-chehol\/","title":{"rendered":"\u041c\u043e\u0431\u0438\u043b\u044c\u043d\u044b\u0439 \u0442\u0435\u043b\u0435\u0444\u043e\u043d Samsung Galaxy S21 128GB + \u0447\u0435\u0445\u043e\u043b"},"content":{"rendered":"\n<p> Mobiiltelefon Samsung Galaxy S21 128GB + kaane, heas seisu- ja t\u00f6\u00f6korras! <\/p><p> KIRJELDUS <\/p><p> Ekraani omadused <\/p><ul><li> Ekraani diagonaal:6.2 &#187; (tolli) <\/li><li> Ekraani t\u00fc\u00fcp:Dynamic AMOLED <\/li><li> Resolutsioon:2400 x 1080 pikslit <\/li><li> Piksli tihedus:441 ppi <\/li><li> Lisaomadused:Corning Gorilla Glass 7 ekraaniklaas <\/li><\/ul><p> Riistvara omadused <\/p><ul><li> Protsessor:Samsung Exynos 2100 Octa-Core 1x 2.9 GHz + 3x 2.8 GHz + 4x 2.2 GHz <\/li><li> P\u00f5him\u00e4lu:8 GB <\/li><li> Telefoni m\u00e4lu:128 GB <\/li><\/ul><p> Kaamera <\/p><ul><li> Eesmine kaamera:10 Mpix <\/li><li> Videosalvestus:7680 x 4320 pikslit <\/li><\/ul><p> Omadused <\/p><ul><li> SIM kaardi t\u00fc\u00fcp:Nano SIM + eSIM (Pull\/Push) <\/li><li> Kahe SIM-kaardi tugi:Jah <\/li><li> Kahe SIM kaardi olek:Active Stand-By <\/li><li> Aku mahtuvus:4000 mAh <\/li><li> Laadija t\u00fc\u00fcp:USB t\u00fc\u00fcp C kaabel <\/li><li> Juhtmevaba laadimine:Jah <\/li><li> MicroSD:Ei toeta <\/li><li> Audio v\u00e4ljund (3,5 mm):Ei <\/li><\/ul><p> J\u00e4tkusuutlikkuse omadused <\/p><ul><li> Vee- ja tolmukindlus (IP klass):IP68 <\/li><\/ul>\n","protected":false},"excerpt":{"rendered":"<p>Mobiiltelefon Samsung Galaxy S21 128GB + kaane, heas seisu- ja t\u00f6\u00f6korras! KIRJELDUS Ekraani omadused Ekraani diagonaal:6.2 &#187; (tolli) Ekraani t\u00fc\u00fcp:Dynamic AMOLED Resolutsioon:2400 x 1080 pikslit Piksli tihedus:441 ppi Lisaomadused:Corning Gorilla Glass 7 ekraaniklaas Riistvara omadused Protsessor:Samsung Exynos 2100 Octa-Core 1x 2.9 GHz + 3x 2.8 GHz + 4x 2.2 GHz P\u00f5him\u00e4lu:8 GB Telefoni m\u00e4lu:128 GB [&hellip;]<\/p>\n","protected":false},"featured_media":37417,"comment_status":"closed","ping_status":"closed","template":"","meta":{"inline_featured_image":false},"product_brand":[],"product_cat":[171],"product_tag":[],"class_list":{"0":"post-39813","1":"product","2":"type-product","3":"status-publish","4":"has-post-thumbnail","6":"product_cat-mobilnye-telefony","7":"pa_asukoht-mustamae","9":"first","10":"outofstock","11":"taxable","12":"shipping-taxable","13":"purchasable","14":"product-type-simple"},"_links":{"self":[{"href":"https:\/\/a-pant.ee\/ru\/wp-json\/wp\/v2\/product\/39813","targetHints":{"allow":["GET"]}}],"collection":[{"href":"https:\/\/a-pant.ee\/ru\/wp-json\/wp\/v2\/product"}],"about":[{"href":"https:\/\/a-pant.ee\/ru\/wp-json\/wp\/v2\/types\/product"}],"replies":[{"embeddable":true,"href":"https:\/\/a-pant.ee\/ru\/wp-json\/wp\/v2\/comments?post=39813"}],"wp:featuredmedia":[{"embeddable":true,"href":"https:\/\/a-pant.ee\/ru\/wp-json\/wp\/v2\/media\/37417"}],"wp:attachment":[{"href":"https:\/\/a-pant.ee\/ru\/wp-json\/wp\/v2\/media?parent=39813"}],"wp:term":[{"taxonomy":"product_brand","embeddable":true,"href":"https:\/\/a-pant.ee\/ru\/wp-json\/wp\/v2\/product_brand?post=39813"},{"taxonomy":"product_cat","embeddable":true,"href":"https:\/\/a-pant.ee\/ru\/wp-json\/wp\/v2\/product_cat?post=39813"},{"taxonomy":"product_tag","embeddable":true,"href":"https:\/\/a-pant.ee\/ru\/wp-json\/wp\/v2\/product_tag?post=39813"}],"curies":[{"name":"wp","href":"https:\/\/api.w.org\/{rel}","templated":true}]}}