{"id":39587,"date":"2026-04-23T21:30:32","date_gmt":"2026-04-23T18:30:32","guid":{"rendered":"https:\/\/a-pant.ee\/product\/xiaomi-power-bank-10000mah-22-5w-lite\/"},"modified":"2026-05-02T16:47:51","modified_gmt":"2026-05-02T13:47:51","slug":"xiaomi-power-bank-10000mah-22-5w-lite","status":"publish","type":"product","link":"https:\/\/a-pant.ee\/ru\/product\/xiaomi-power-bank-10000mah-22-5w-lite\/","title":{"rendered":"Xiaomi Power Bank 10000mAh 22.5W Lite"},"content":{"rendered":"\n<p> Xiaomi Power Bank 10000mAh 22.5W Lite\u00a0, heas seisu- ja t\u00f6\u00f6korras! <\/p><p> KIRJELDUS <\/p><p> Kompaktne ja v\u00f5imas 10 000 mAh akupank. <br \/> Toetab 22.5 W kiirlaadimist. <br \/> Sobib igap\u00e4evaseks kasutamiseks ja reisidele. <\/p>\n","protected":false},"excerpt":{"rendered":"<p>Xiaomi Power Bank 10000mAh 22.5W Lite\u00a0, heas seisu- ja t\u00f6\u00f6korras! KIRJELDUS Kompaktne ja v\u00f5imas 10 000 mAh akupank. Toetab 22.5 W kiirlaadimist. Sobib igap\u00e4evaseks kasutamiseks ja reisidele.<\/p>\n","protected":false},"featured_media":37192,"comment_status":"closed","ping_status":"open","template":"","meta":{"inline_featured_image":false},"product_brand":[],"product_cat":[172],"product_tag":[],"class_list":{"0":"post-39587","1":"product","2":"type-product","3":"status-publish","4":"has-post-thumbnail","6":"product_cat-vse-dlya-telefonov","7":"pa_asukoht-lasnamae","9":"first","10":"outofstock","11":"taxable","12":"shipping-taxable","13":"purchasable","14":"product-type-simple"},"_links":{"self":[{"href":"https:\/\/a-pant.ee\/ru\/wp-json\/wp\/v2\/product\/39587","targetHints":{"allow":["GET"]}}],"collection":[{"href":"https:\/\/a-pant.ee\/ru\/wp-json\/wp\/v2\/product"}],"about":[{"href":"https:\/\/a-pant.ee\/ru\/wp-json\/wp\/v2\/types\/product"}],"replies":[{"embeddable":true,"href":"https:\/\/a-pant.ee\/ru\/wp-json\/wp\/v2\/comments?post=39587"}],"wp:featuredmedia":[{"embeddable":true,"href":"https:\/\/a-pant.ee\/ru\/wp-json\/wp\/v2\/media\/37192"}],"wp:attachment":[{"href":"https:\/\/a-pant.ee\/ru\/wp-json\/wp\/v2\/media?parent=39587"}],"wp:term":[{"taxonomy":"product_brand","embeddable":true,"href":"https:\/\/a-pant.ee\/ru\/wp-json\/wp\/v2\/product_brand?post=39587"},{"taxonomy":"product_cat","embeddable":true,"href":"https:\/\/a-pant.ee\/ru\/wp-json\/wp\/v2\/product_cat?post=39587"},{"taxonomy":"product_tag","embeddable":true,"href":"https:\/\/a-pant.ee\/ru\/wp-json\/wp\/v2\/product_tag?post=39587"}],"curies":[{"name":"wp","href":"https:\/\/api.w.org\/{rel}","templated":true}]}}