{"id":39570,"date":"2026-04-23T21:29:49","date_gmt":"2026-04-23T18:29:49","guid":{"rendered":"https:\/\/a-pant.ee\/product\/paverbank-20000mah\/"},"modified":"2026-05-07T15:33:20","modified_gmt":"2026-05-07T12:33:20","slug":"paverbank-20000mah","status":"publish","type":"product","link":"https:\/\/a-pant.ee\/ru\/product\/paverbank-20000mah\/","title":{"rendered":"\u041f\u0430\u0432\u0435\u0440\u0431\u0430\u043d\u043a 20000Mah"},"content":{"rendered":"\n<p> Silikoonp\u00fcstol Makita DCG180 + Karp + Tsekk, Nagu UUS\u00a0, heas seisu- ja t\u00f6\u00f6korras! <\/p><p> KIRJELDUS <\/p><ul><li> T\u00fc\u00fcp: v\u00e4line akupank (Power Bank) <\/li><li> Mahtuvus:\u00a020000 mAh <\/li><li> Micro-USB sisend:\u00a05V\/2A, 9V\/2A, 12V\/1.5A <\/li><li> Type-C sisend:\u00a05V\/3A, 9V\/2A, 12V\/1.5A <\/li><li> Type-C v\u00e4ljund:\u00a05V\/3A, 9V\/2A, 12V\/1.5A <\/li><li> USB-A v\u00e4ljund:\u00a04.5V\/5A, 5V\/3A, 9V\/2A, 12V\/1.5A <\/li><li> Kiirlaadimise tugi <\/li><li> Sobib telefonide, tahvelarvutite ja teiste USB-seadmete laadimiseks <\/li><li> Sertifikaadid: CE, FCC, RoHS <\/li><\/ul>\n","protected":false},"excerpt":{"rendered":"<p>Silikoonp\u00fcstol Makita DCG180 + Karp + Tsekk, Nagu UUS\u00a0, heas seisu- ja t\u00f6\u00f6korras! KIRJELDUS T\u00fc\u00fcp: v\u00e4line akupank (Power Bank) Mahtuvus:\u00a020000 mAh Micro-USB sisend:\u00a05V\/2A, 9V\/2A, 12V\/1.5A Type-C sisend:\u00a05V\/3A, 9V\/2A, 12V\/1.5A Type-C v\u00e4ljund:\u00a05V\/3A, 9V\/2A, 12V\/1.5A USB-A v\u00e4ljund:\u00a04.5V\/5A, 5V\/3A, 9V\/2A, 12V\/1.5A Kiirlaadimise tugi Sobib telefonide, tahvelarvutite ja teiste USB-seadmete laadimiseks Sertifikaadid: CE, FCC, RoHS<\/p>\n","protected":false},"featured_media":37175,"comment_status":"closed","ping_status":"closed","template":"","meta":{"inline_featured_image":false},"product_brand":[],"product_cat":[172],"product_tag":[],"class_list":{"0":"post-39570","1":"product","2":"type-product","3":"status-publish","4":"has-post-thumbnail","6":"product_cat-vse-dlya-telefonov","7":"pa_asukoht-mustamae","9":"first","10":"outofstock","11":"taxable","12":"shipping-taxable","13":"purchasable","14":"product-type-simple"},"_links":{"self":[{"href":"https:\/\/a-pant.ee\/ru\/wp-json\/wp\/v2\/product\/39570","targetHints":{"allow":["GET"]}}],"collection":[{"href":"https:\/\/a-pant.ee\/ru\/wp-json\/wp\/v2\/product"}],"about":[{"href":"https:\/\/a-pant.ee\/ru\/wp-json\/wp\/v2\/types\/product"}],"replies":[{"embeddable":true,"href":"https:\/\/a-pant.ee\/ru\/wp-json\/wp\/v2\/comments?post=39570"}],"wp:featuredmedia":[{"embeddable":true,"href":"https:\/\/a-pant.ee\/ru\/wp-json\/wp\/v2\/media\/37175"}],"wp:attachment":[{"href":"https:\/\/a-pant.ee\/ru\/wp-json\/wp\/v2\/media?parent=39570"}],"wp:term":[{"taxonomy":"product_brand","embeddable":true,"href":"https:\/\/a-pant.ee\/ru\/wp-json\/wp\/v2\/product_brand?post=39570"},{"taxonomy":"product_cat","embeddable":true,"href":"https:\/\/a-pant.ee\/ru\/wp-json\/wp\/v2\/product_cat?post=39570"},{"taxonomy":"product_tag","embeddable":true,"href":"https:\/\/a-pant.ee\/ru\/wp-json\/wp\/v2\/product_tag?post=39570"}],"curies":[{"name":"wp","href":"https:\/\/api.w.org\/{rel}","templated":true}]}}