{"id":39543,"date":"2026-04-23T21:29:01","date_gmt":"2026-04-23T18:29:01","guid":{"rendered":"https:\/\/a-pant.ee\/product\/igrovaya-pristavka-nintendo-switch-hac-001\/"},"modified":"2026-05-09T13:25:12","modified_gmt":"2026-05-09T10:25:12","slug":"igrovaya-pristavka-nintendo-switch-hac-001","status":"publish","type":"product","link":"https:\/\/a-pant.ee\/ru\/product\/igrovaya-pristavka-nintendo-switch-hac-001\/","title":{"rendered":"\u0418\u0433\u0440\u043e\u0432\u0430\u044f \u043f\u0440\u0438\u0441\u0442\u0430\u0432\u043a\u0430 Nintendo Switch HAC-001"},"content":{"rendered":"\n<p><strong> Nintendo Switch HAC-001 <\/strong> , heas seisu- ja t\u00f6\u00f6korras! <\/p><p> KIRJELDUS <\/p><ul><li><strong> T\u00fc\u00fcp: <\/strong> h\u00fcbriidkonsool <\/li><li><strong> Ekraan: <\/strong> 6,2\u2033 LCD, 1280\u00d7720 <\/li><li><strong> Resolutsioon teleris: <\/strong> kuni 1080p (dokijaamaga) <\/li><li><strong> Protsessor: <\/strong> NVIDIA Tegra X1 <\/li><li><strong> RAM: <\/strong> 4 GB <\/li><li><strong> Salvestusruum: <\/strong> 32 GB + microSD <\/li><li><strong> Aku: <\/strong> 4310 mAh <\/li><li><strong> Aku kestvus: <\/strong> ~2,5\u20136,5 tundi <\/li><li><strong> \u00dchenduvus: <\/strong> Wi-Fi, Bluetooth 4.1 <\/li><li><strong> Pordid: <\/strong> USB-C, HDMI, 3,5 mm <\/li><li><strong> Kaal: <\/strong> 297 g (398 g koos Joy-Conidega) <\/li><\/ul>\n","protected":false},"excerpt":{"rendered":"<p>Nintendo Switch HAC-001 , heas seisu- ja t\u00f6\u00f6korras! KIRJELDUS T\u00fc\u00fcp: h\u00fcbriidkonsool Ekraan: 6,2\u2033 LCD, 1280\u00d7720 Resolutsioon teleris: kuni 1080p (dokijaamaga) Protsessor: NVIDIA Tegra X1 RAM: 4 GB Salvestusruum: 32 GB + microSD Aku: 4310 mAh Aku kestvus: ~2,5\u20136,5 tundi \u00dchenduvus: Wi-Fi, Bluetooth 4.1 Pordid: USB-C, HDMI, 3,5 mm Kaal: 297 g (398 g koos Joy-Conidega)<\/p>\n","protected":false},"featured_media":37148,"comment_status":"closed","ping_status":"closed","template":"","meta":{"inline_featured_image":false},"product_brand":[],"product_cat":[174],"product_tag":[],"class_list":{"0":"post-39543","1":"product","2":"type-product","3":"status-publish","4":"has-post-thumbnail","6":"product_cat-igrovye-konsoli","7":"pa_asukoht-lasnamae","9":"first","10":"outofstock","11":"taxable","12":"shipping-taxable","13":"purchasable","14":"product-type-simple"},"_links":{"self":[{"href":"https:\/\/a-pant.ee\/ru\/wp-json\/wp\/v2\/product\/39543","targetHints":{"allow":["GET"]}}],"collection":[{"href":"https:\/\/a-pant.ee\/ru\/wp-json\/wp\/v2\/product"}],"about":[{"href":"https:\/\/a-pant.ee\/ru\/wp-json\/wp\/v2\/types\/product"}],"replies":[{"embeddable":true,"href":"https:\/\/a-pant.ee\/ru\/wp-json\/wp\/v2\/comments?post=39543"}],"wp:featuredmedia":[{"embeddable":true,"href":"https:\/\/a-pant.ee\/ru\/wp-json\/wp\/v2\/media\/37148"}],"wp:attachment":[{"href":"https:\/\/a-pant.ee\/ru\/wp-json\/wp\/v2\/media?parent=39543"}],"wp:term":[{"taxonomy":"product_brand","embeddable":true,"href":"https:\/\/a-pant.ee\/ru\/wp-json\/wp\/v2\/product_brand?post=39543"},{"taxonomy":"product_cat","embeddable":true,"href":"https:\/\/a-pant.ee\/ru\/wp-json\/wp\/v2\/product_cat?post=39543"},{"taxonomy":"product_tag","embeddable":true,"href":"https:\/\/a-pant.ee\/ru\/wp-json\/wp\/v2\/product_tag?post=39543"}],"curies":[{"name":"wp","href":"https:\/\/api.w.org\/{rel}","templated":true}]}}