{"id":39524,"date":"2026-04-23T21:28:25","date_gmt":"2026-04-23T18:28:25","guid":{"rendered":"https:\/\/a-pant.ee\/product\/laptop-apple-macbook-air-retina-13-inch-2020\/"},"modified":"2026-05-08T17:15:38","modified_gmt":"2026-05-08T14:15:38","slug":"laptop-apple-macbook-air-retina-13-inch-2020","status":"publish","type":"product","link":"https:\/\/a-pant.ee\/ru\/product\/laptop-apple-macbook-air-retina-13-inch-2020\/","title":{"rendered":"\u041b\u0430\u043f\u0442\u043e\u043f Apple MacBook Air (Retina, 13-inch, 2020)"},"content":{"rendered":"\n<p> Sulearvuti Apple MacBook Air (Retina, 13-inch, 2020) ilma laadija\u00a0, heas seisu- ja t\u00f6\u00f6korras! <\/p><p> KIRJELDUS <\/p><ul><li> Mudel:\u00a0MacBook Air 13\u2033 A2179 <\/li><li> V\u00e4ljalaskeaasta:\u00a02020 <\/li><li> Protsessor:\u00a0Intel Core i3, 2 tuuma <\/li><li> Protsessori t\u00fc\u00fcp: Intel <\/li><li> Muutm\u00e4lu (RAM):\u00a08 GB <\/li><li> Salvestusruum:\u00a0SSD 256 GB <\/li><li> Graafika: integreeritud Intel <\/li><li> Ekraan:\u00a013,3\u2033 Retina <\/li><li> Resolutsioon:\u00a02560 \u00d7 1600 <\/li><li> Ekraani t\u00fc\u00fcp: Retina <\/li><li> True Tone: olemas <\/li><li> Veebikaamera: olemas <\/li><li> Bluetooth: olemas <\/li><li> Thunderbolt:\u00a02 porti <\/li><li> USB-C: olemas <\/li><li> USB-A: puudub <\/li><li> HDMI: puudub <\/li><li> K\u00f5rvaklapi pesa 3,5 mm: olemas <\/li><li> M\u00e4lukaardilugeja: puudub <\/li><li> MagSafe: puudub <\/li><li> Touch Bar: puudub <\/li><li> Operatsioonis\u00fcsteem:\u00a0macOS Sequoia 15.0 <\/li><li> V\u00e4rv: Silver <\/li><li> Aku laadimists\u00fcklid:\u00a0535 <\/li><li> Aku projekteeritud t\u00f6\u00f6iga:\u00a01100 ts\u00fcklit <\/li><\/ul>\n","protected":false},"excerpt":{"rendered":"<p>Sulearvuti Apple MacBook Air (Retina, 13-inch, 2020) ilma laadija\u00a0, heas seisu- ja t\u00f6\u00f6korras! KIRJELDUS Mudel:\u00a0MacBook Air 13\u2033 A2179 V\u00e4ljalaskeaasta:\u00a02020 Protsessor:\u00a0Intel Core i3, 2 tuuma Protsessori t\u00fc\u00fcp: Intel Muutm\u00e4lu (RAM):\u00a08 GB Salvestusruum:\u00a0SSD 256 GB Graafika: integreeritud Intel Ekraan:\u00a013,3\u2033 Retina Resolutsioon:\u00a02560 \u00d7 1600 Ekraani t\u00fc\u00fcp: Retina True Tone: olemas Veebikaamera: olemas Bluetooth: olemas Thunderbolt:\u00a02 porti USB-C: olemas [&hellip;]<\/p>\n","protected":false},"featured_media":37129,"comment_status":"closed","ping_status":"closed","template":"","meta":{"inline_featured_image":false},"product_brand":[],"product_cat":[179],"product_tag":[],"class_list":{"0":"post-39524","1":"product","2":"type-product","3":"status-publish","4":"has-post-thumbnail","6":"product_cat-noutbuki","7":"pa_asukoht-mustamae","9":"first","10":"outofstock","11":"taxable","12":"shipping-taxable","13":"purchasable","14":"product-type-simple"},"_links":{"self":[{"href":"https:\/\/a-pant.ee\/ru\/wp-json\/wp\/v2\/product\/39524","targetHints":{"allow":["GET"]}}],"collection":[{"href":"https:\/\/a-pant.ee\/ru\/wp-json\/wp\/v2\/product"}],"about":[{"href":"https:\/\/a-pant.ee\/ru\/wp-json\/wp\/v2\/types\/product"}],"replies":[{"embeddable":true,"href":"https:\/\/a-pant.ee\/ru\/wp-json\/wp\/v2\/comments?post=39524"}],"wp:featuredmedia":[{"embeddable":true,"href":"https:\/\/a-pant.ee\/ru\/wp-json\/wp\/v2\/media\/37129"}],"wp:attachment":[{"href":"https:\/\/a-pant.ee\/ru\/wp-json\/wp\/v2\/media?parent=39524"}],"wp:term":[{"taxonomy":"product_brand","embeddable":true,"href":"https:\/\/a-pant.ee\/ru\/wp-json\/wp\/v2\/product_brand?post=39524"},{"taxonomy":"product_cat","embeddable":true,"href":"https:\/\/a-pant.ee\/ru\/wp-json\/wp\/v2\/product_cat?post=39524"},{"taxonomy":"product_tag","embeddable":true,"href":"https:\/\/a-pant.ee\/ru\/wp-json\/wp\/v2\/product_tag?post=39524"}],"curies":[{"name":"wp","href":"https:\/\/api.w.org\/{rel}","templated":true}]}}