{"id":39503,"date":"2026-04-23T21:27:43","date_gmt":"2026-04-23T18:27:43","guid":{"rendered":"https:\/\/a-pant.ee\/product\/universalnyj-instrumentrenovator-makita-tm3010c-yashhik\/"},"modified":"2026-05-02T09:56:23","modified_gmt":"2026-05-02T06:56:23","slug":"universalnyj-instrumentrenovator-makita-tm3010c-yashhik","status":"publish","type":"product","link":"https:\/\/a-pant.ee\/ru\/product\/universalnyj-instrumentrenovator-makita-tm3010c-yashhik\/","title":{"rendered":"\u0423\u043d\u0438\u0432\u0435\u0440\u0441\u0430\u043b\u044c\u043d\u044b\u0439 \u0438\u043d\u0441\u0442\u0440\u0443\u043c\u0435\u043d\u0442(\u0440\u0435\u043d\u043e\u0432\u0430\u0442\u043e\u0440) Makita TM3010C + \u042f\u0449\u0438\u043a"},"content":{"rendered":"\n<p> Multit\u00f6\u00f6rist Makita TM3010C + Tarvikud + Kohver, heas seisu- ja t\u00f6\u00f6korras! <\/p><p> KIRJELDUS <\/p><ul><li> T\u00fc\u00fcp: v\u00f5rgutoitega multifunktsionaalne t\u00f6\u00f6riist (renovaator) <\/li><li> V\u00f5imsus:\u00a0320 W <\/li><li> Mootor: harjadega <\/li><li> Kiiruse reguleerimine: elektrooniline <\/li><li> V\u00f5nkesagedus:\u00a06 000 \u2013 20 000 v\u00f5nget\/min <\/li><li> V\u00f5nkenurk:\u00a02 \u00d7 1,6\u00b0 (kokku 3,2\u00b0) <\/li><li> Pehme k\u00e4ivitus: olemas <\/li><li> P\u00f6\u00f6rete hoidmine koormuse all: olemas <\/li><li> Tarvikute kinnitus: universaalne, poldiga fikseeritav <\/li><li> Tarviku paigaldus eri asendites (30\u00b0 sammuga) <\/li><li> Kaabli pikkus:\u00a02,5 m <\/li><li> M\u00f5\u00f5tmed (P\u00d7L\u00d7K):\u00a0283 \u00d7 68 \u00d7 87 mm <\/li><li> Kaal:\u00a01,4 kg <\/li><li> Sobib: puidu, metalli ja plasti l\u00f5ikamiseks, lihvimiseks ja demonteerimist\u00f6\u00f6deks <\/li><\/ul>\n","protected":false},"excerpt":{"rendered":"<p>Multit\u00f6\u00f6rist Makita TM3010C + Tarvikud + Kohver, heas seisu- ja t\u00f6\u00f6korras! KIRJELDUS T\u00fc\u00fcp: v\u00f5rgutoitega multifunktsionaalne t\u00f6\u00f6riist (renovaator) V\u00f5imsus:\u00a0320 W Mootor: harjadega Kiiruse reguleerimine: elektrooniline V\u00f5nkesagedus:\u00a06 000 \u2013 20 000 v\u00f5nget\/min V\u00f5nkenurk:\u00a02 \u00d7 1,6\u00b0 (kokku 3,2\u00b0) Pehme k\u00e4ivitus: olemas P\u00f6\u00f6rete hoidmine koormuse all: olemas Tarvikute kinnitus: universaalne, poldiga fikseeritav Tarviku paigaldus eri asendites (30\u00b0 sammuga) Kaabli [&hellip;]<\/p>\n","protected":false},"featured_media":37108,"comment_status":"closed","ping_status":"closed","template":"","meta":{"inline_featured_image":false},"product_brand":[],"product_cat":[247],"product_tag":[],"class_list":{"0":"post-39503","1":"product","2":"type-product","3":"status-publish","4":"has-post-thumbnail","6":"product_cat-universalnye-instrumenty","7":"pa_asukoht-mustamae","9":"first","10":"outofstock","11":"taxable","12":"shipping-taxable","13":"purchasable","14":"product-type-simple"},"_links":{"self":[{"href":"https:\/\/a-pant.ee\/ru\/wp-json\/wp\/v2\/product\/39503","targetHints":{"allow":["GET"]}}],"collection":[{"href":"https:\/\/a-pant.ee\/ru\/wp-json\/wp\/v2\/product"}],"about":[{"href":"https:\/\/a-pant.ee\/ru\/wp-json\/wp\/v2\/types\/product"}],"replies":[{"embeddable":true,"href":"https:\/\/a-pant.ee\/ru\/wp-json\/wp\/v2\/comments?post=39503"}],"wp:featuredmedia":[{"embeddable":true,"href":"https:\/\/a-pant.ee\/ru\/wp-json\/wp\/v2\/media\/37108"}],"wp:attachment":[{"href":"https:\/\/a-pant.ee\/ru\/wp-json\/wp\/v2\/media?parent=39503"}],"wp:term":[{"taxonomy":"product_brand","embeddable":true,"href":"https:\/\/a-pant.ee\/ru\/wp-json\/wp\/v2\/product_brand?post=39503"},{"taxonomy":"product_cat","embeddable":true,"href":"https:\/\/a-pant.ee\/ru\/wp-json\/wp\/v2\/product_cat?post=39503"},{"taxonomy":"product_tag","embeddable":true,"href":"https:\/\/a-pant.ee\/ru\/wp-json\/wp\/v2\/product_tag?post=39503"}],"curies":[{"name":"wp","href":"https:\/\/api.w.org\/{rel}","templated":true}]}}