{"id":39482,"date":"2026-04-23T21:27:04","date_gmt":"2026-04-23T18:27:04","guid":{"rendered":"https:\/\/a-pant.ee\/product\/pnevmaticheskaya-vintovka-kandar-b2-4\/"},"modified":"2026-05-12T14:31:02","modified_gmt":"2026-05-12T11:31:02","slug":"pnevmaticheskaya-vintovka-kandar-b2-4","status":"publish","type":"product","link":"https:\/\/a-pant.ee\/ru\/product\/pnevmaticheskaya-vintovka-kandar-b2-4\/","title":{"rendered":"\u041f\u043d\u0435\u0432\u043c\u0430\u0442\u0438\u0447\u0435\u0441\u043a\u0430\u044f \u0432\u0438\u043d\u0442\u043e\u0432\u043a\u0430 Kandar B2-4"},"content":{"rendered":"\n<p><strong> \u00d5hup\u00fcss Kandar B2-4 <\/strong> , <strong> NB +18 <\/strong><\/p><p> KIRJELDUS <\/p><p> \u2022 T\u00fc\u00fcp: vedru-p\u00fcstoniga, murduva toruga <br \/> \u2022 Kaliiber: 4,5 mm (.177) <br \/> \u2022 Algkiirus: ~200 m\/s <br \/> \u2022 Energia: kuni ~16\u201317 J <br \/> \u2022 Pikkus: ~1090 mm <br \/> \u2022 Toru pikkus: ~480 mm <br \/> \u2022 Kaal: ~2,6 kg <br \/> \u2022 Laadimine: 1 kuul <br \/> \u2022 Sihik: avatud sihik, 11 mm siin optika jaoks <\/p>\n","protected":false},"excerpt":{"rendered":"<p>\u00d5hup\u00fcss Kandar B2-4 , NB +18 KIRJELDUS \u2022 T\u00fc\u00fcp: vedru-p\u00fcstoniga, murduva toruga \u2022 Kaliiber: 4,5 mm (.177) \u2022 Algkiirus: ~200 m\/s \u2022 Energia: kuni ~16\u201317 J \u2022 Pikkus: ~1090 mm \u2022 Toru pikkus: ~480 mm \u2022 Kaal: ~2,6 kg \u2022 Laadimine: 1 kuul \u2022 Sihik: avatud sihik, 11 mm siin optika jaoks<\/p>\n","protected":false},"featured_media":37087,"comment_status":"closed","ping_status":"closed","template":"","meta":{"inline_featured_image":false},"product_brand":[],"product_cat":[214],"product_tag":[],"class_list":{"0":"post-39482","1":"product","2":"type-product","3":"status-publish","4":"has-post-thumbnail","6":"product_cat-aktivnyj-otdyh","7":"pa_asukoht-lasnamae","9":"first","10":"outofstock","11":"taxable","12":"shipping-taxable","13":"purchasable","14":"product-type-simple"},"_links":{"self":[{"href":"https:\/\/a-pant.ee\/ru\/wp-json\/wp\/v2\/product\/39482","targetHints":{"allow":["GET"]}}],"collection":[{"href":"https:\/\/a-pant.ee\/ru\/wp-json\/wp\/v2\/product"}],"about":[{"href":"https:\/\/a-pant.ee\/ru\/wp-json\/wp\/v2\/types\/product"}],"replies":[{"embeddable":true,"href":"https:\/\/a-pant.ee\/ru\/wp-json\/wp\/v2\/comments?post=39482"}],"wp:featuredmedia":[{"embeddable":true,"href":"https:\/\/a-pant.ee\/ru\/wp-json\/wp\/v2\/media\/37087"}],"wp:attachment":[{"href":"https:\/\/a-pant.ee\/ru\/wp-json\/wp\/v2\/media?parent=39482"}],"wp:term":[{"taxonomy":"product_brand","embeddable":true,"href":"https:\/\/a-pant.ee\/ru\/wp-json\/wp\/v2\/product_brand?post=39482"},{"taxonomy":"product_cat","embeddable":true,"href":"https:\/\/a-pant.ee\/ru\/wp-json\/wp\/v2\/product_cat?post=39482"},{"taxonomy":"product_tag","embeddable":true,"href":"https:\/\/a-pant.ee\/ru\/wp-json\/wp\/v2\/product_tag?post=39482"}],"curies":[{"name":"wp","href":"https:\/\/api.w.org\/{rel}","templated":true}]}}