{"id":39440,"date":"2026-04-23T21:25:12","date_gmt":"2026-04-23T18:25:12","guid":{"rendered":"https:\/\/a-pant.ee\/product\/lobzik-makita-4324\/"},"modified":"2026-05-09T12:27:20","modified_gmt":"2026-05-09T09:27:20","slug":"lobzik-makita-4324","status":"publish","type":"product","link":"https:\/\/a-pant.ee\/ru\/product\/lobzik-makita-4324\/","title":{"rendered":"\u041b\u043e\u0431\u0437\u0438\u043a Makita 4324"},"content":{"rendered":"\n<p> Tikksaag Makita 4324, heas seisu- ja t\u00f6\u00f6korras! <\/p><p> KIRJELDUS <\/p><p> T\u00fc\u00fcp: elektriline saag (lobzik) <\/p><p> V\u00f5imsus: 450 W <\/p><p> Toide: 220\u2013240 V <\/p><p> Saelehe kiirus t\u00fchik\u00e4igul: 500\u20133100 l\u00f6\u00f6ki\/min <\/p><p> Saelehe liikumine: 20 mm <\/p><p> Maksimaalne l\u00f5ikes\u00fcgavus: <br \/> \u2022 Puidus: 70 mm <br \/> \u2022 Terases: 6 mm <\/p><p> Kiiruse reguleerimine <\/p><p> T\u00f6\u00f6riistavaba tera vahetamine <\/p><p> T\u00e4pne l\u00f5ige <\/p>\n","protected":false},"excerpt":{"rendered":"<p>Tikksaag Makita 4324, heas seisu- ja t\u00f6\u00f6korras! KIRJELDUS T\u00fc\u00fcp: elektriline saag (lobzik) V\u00f5imsus: 450 W Toide: 220\u2013240 V Saelehe kiirus t\u00fchik\u00e4igul: 500\u20133100 l\u00f6\u00f6ki\/min Saelehe liikumine: 20 mm Maksimaalne l\u00f5ikes\u00fcgavus: \u2022 Puidus: 70 mm \u2022 Terases: 6 mm Kiiruse reguleerimine T\u00f6\u00f6riistavaba tera vahetamine T\u00e4pne l\u00f5ige<\/p>\n","protected":false},"featured_media":37045,"comment_status":"closed","ping_status":"closed","template":"","meta":{"inline_featured_image":false},"product_brand":[],"product_cat":[244],"product_tag":[],"class_list":{"0":"post-39440","1":"product","2":"type-product","3":"status-publish","4":"has-post-thumbnail","6":"product_cat-lobziki","7":"pa_asukoht-mustamae","9":"first","10":"outofstock","11":"taxable","12":"shipping-taxable","13":"purchasable","14":"product-type-simple"},"_links":{"self":[{"href":"https:\/\/a-pant.ee\/ru\/wp-json\/wp\/v2\/product\/39440","targetHints":{"allow":["GET"]}}],"collection":[{"href":"https:\/\/a-pant.ee\/ru\/wp-json\/wp\/v2\/product"}],"about":[{"href":"https:\/\/a-pant.ee\/ru\/wp-json\/wp\/v2\/types\/product"}],"replies":[{"embeddable":true,"href":"https:\/\/a-pant.ee\/ru\/wp-json\/wp\/v2\/comments?post=39440"}],"wp:featuredmedia":[{"embeddable":true,"href":"https:\/\/a-pant.ee\/ru\/wp-json\/wp\/v2\/media\/37045"}],"wp:attachment":[{"href":"https:\/\/a-pant.ee\/ru\/wp-json\/wp\/v2\/media?parent=39440"}],"wp:term":[{"taxonomy":"product_brand","embeddable":true,"href":"https:\/\/a-pant.ee\/ru\/wp-json\/wp\/v2\/product_brand?post=39440"},{"taxonomy":"product_cat","embeddable":true,"href":"https:\/\/a-pant.ee\/ru\/wp-json\/wp\/v2\/product_cat?post=39440"},{"taxonomy":"product_tag","embeddable":true,"href":"https:\/\/a-pant.ee\/ru\/wp-json\/wp\/v2\/product_tag?post=39440"}],"curies":[{"name":"wp","href":"https:\/\/api.w.org\/{rel}","templated":true}]}}