{"id":39268,"date":"2026-04-23T21:20:23","date_gmt":"2026-04-23T18:20:23","guid":{"rendered":"https:\/\/a-pant.ee\/product\/akkumulyatornaya-drel-makita-dtd153-ak-60ach\/"},"modified":"2026-04-30T09:21:41","modified_gmt":"2026-04-30T06:21:41","slug":"akkumulyatornaya-drel-makita-dtd153-ak-60ach","status":"publish","type":"product","link":"https:\/\/a-pant.ee\/ru\/product\/akkumulyatornaya-drel-makita-dtd153-ak-60ach\/","title":{"rendered":"\u0410\u043a\u043a\u0443\u043c\u0443\u043b\u044f\u0442\u043e\u0440\u043d\u0430\u044f \u0434\u0440\u0435\u043b\u044c Makita DTD153 + \u0430\u043a 6,0\u0410\u0447"},"content":{"rendered":"\n<p> Akutrell Makita DTD153 + aku 6,0Ah\u00a0, heas seisu- ja t\u00f6\u00f6korras! <\/p><p> KIRJELDUS <\/p><p> Mootor harjadeta \u2013 kergem ja v\u00e4iksem, pikem t\u00f6\u00f6aeg, suurem v\u00f5imsus ja kiirus; <\/p><ul><li> Maksimaalne p\u00f6\u00f6rlemiskiirus saavutatakse maksimaalse kiiruse seadmisega; <\/li><li> Kompaktne kuusnurkne haarats; <\/li><li> Usaldusv\u00e4\u00e4rne kruvikeeraja kinnitus; <\/li><li> Ergonoomiline kummeeritud k\u00e4epide; <\/li><li> T\u00f6\u00f6riista ja aku kaitses\u00fcsteem tagab, et t\u00f6\u00f6riist \u00fchendub automaatselt lahti, kui aku tase on langenud miinimumini. See s\u00e4\u00e4stab aku kasutusiga ja pikendab selle kasutusiga; <\/li><li> T\u00f6\u00f6valgusdiood; <\/li><li> M\u00f5\u00f5dud (pikkus x laius x k\u00f5rgus): 126 x 79 x 238 mm; <\/li><li> P\u00f6\u00f6rete arv: 0\u20133 600 min-1; <\/li><li> Suure t\u00f5mbekruvi pingutusvool: M5\u2013M16; <\/li><li> Kruvid: M4\u2013M8; <\/li><li> Poldi l\u00e4bim\u00f5\u00f5t: M5\u2013M16; <\/li><li> Maks. p\u00f6\u00f6rdemoment: 170 Nm; <\/li><li> Kiirus ilma koormuseta: 0\u20133 400 min-1; <\/li><li> Kaal standard akuga: 1,5 kg; <\/li><li> T\u00f6\u00f6riist m\u00fc\u00fcakse ilma laadijata ja ilma akuta. <\/li><\/ul>\n","protected":false},"excerpt":{"rendered":"<p>Akutrell Makita DTD153 + aku 6,0Ah\u00a0, heas seisu- ja t\u00f6\u00f6korras! KIRJELDUS Mootor harjadeta \u2013 kergem ja v\u00e4iksem, pikem t\u00f6\u00f6aeg, suurem v\u00f5imsus ja kiirus; Maksimaalne p\u00f6\u00f6rlemiskiirus saavutatakse maksimaalse kiiruse seadmisega; Kompaktne kuusnurkne haarats; Usaldusv\u00e4\u00e4rne kruvikeeraja kinnitus; Ergonoomiline kummeeritud k\u00e4epide; T\u00f6\u00f6riista ja aku kaitses\u00fcsteem tagab, et t\u00f6\u00f6riist \u00fchendub automaatselt lahti, kui aku tase on langenud miinimumini. See [&hellip;]<\/p>\n","protected":false},"featured_media":36873,"comment_status":"closed","ping_status":"closed","template":"","meta":{"inline_featured_image":false},"product_brand":[],"product_cat":[221],"product_tag":[],"class_list":{"0":"post-39268","1":"product","2":"type-product","3":"status-publish","4":"has-post-thumbnail","6":"product_cat-akkumulyatornye-dreli","7":"pa_asukoht-lasnamae","9":"first","10":"outofstock","11":"taxable","12":"shipping-taxable","13":"purchasable","14":"product-type-simple"},"_links":{"self":[{"href":"https:\/\/a-pant.ee\/ru\/wp-json\/wp\/v2\/product\/39268","targetHints":{"allow":["GET"]}}],"collection":[{"href":"https:\/\/a-pant.ee\/ru\/wp-json\/wp\/v2\/product"}],"about":[{"href":"https:\/\/a-pant.ee\/ru\/wp-json\/wp\/v2\/types\/product"}],"replies":[{"embeddable":true,"href":"https:\/\/a-pant.ee\/ru\/wp-json\/wp\/v2\/comments?post=39268"}],"wp:featuredmedia":[{"embeddable":true,"href":"https:\/\/a-pant.ee\/ru\/wp-json\/wp\/v2\/media\/36873"}],"wp:attachment":[{"href":"https:\/\/a-pant.ee\/ru\/wp-json\/wp\/v2\/media?parent=39268"}],"wp:term":[{"taxonomy":"product_brand","embeddable":true,"href":"https:\/\/a-pant.ee\/ru\/wp-json\/wp\/v2\/product_brand?post=39268"},{"taxonomy":"product_cat","embeddable":true,"href":"https:\/\/a-pant.ee\/ru\/wp-json\/wp\/v2\/product_cat?post=39268"},{"taxonomy":"product_tag","embeddable":true,"href":"https:\/\/a-pant.ee\/ru\/wp-json\/wp\/v2\/product_tag?post=39268"}],"curies":[{"name":"wp","href":"https:\/\/api.w.org\/{rel}","templated":true}]}}