{"id":39171,"date":"2026-04-23T21:18:03","date_gmt":"2026-04-23T18:18:03","guid":{"rendered":"https:\/\/a-pant.ee\/product\/bluetooth-naushniki-jbl-tune-flex-2\/"},"modified":"2026-05-12T14:54:20","modified_gmt":"2026-05-12T11:54:20","slug":"bluetooth-naushniki-jbl-tune-flex-2","status":"publish","type":"product","link":"https:\/\/a-pant.ee\/ru\/product\/bluetooth-naushniki-jbl-tune-flex-2\/","title":{"rendered":"Bluetooth \u041d\u0430\u0443\u0448\u043d\u0438\u043a\u0438 JBL Tune Flex 2"},"content":{"rendered":"\n<p> Bluetooth K\u00f5rvaklappid JBL Tune Flex 2, heas seisu- ja t\u00f6\u00f6korras! <\/p><p> KIRJELDUS <\/p><p> T\u00fc\u00fcp: t\u00e4iesti juhtmevabad k\u00f5rvaklapid (TWS) <br \/> \u00dchenduvus: Bluetooth 5.3 <br \/> M\u00fcra summutus: adaptiivne m\u00fcrasummutus <br \/> Heli funktsioonid: <\/p><p> JBL Pure Bass Sound <\/p><p> Smart Ambient (\u00fcmbruskonna heli re\u017eiim) <br \/> Mikrofonid: sisseehitatud k\u00f5nede jaoks (6 mikrofoniga) <br \/> Juhtimine: puutetundlik <br \/> Rakenduse tugi: olemas <br \/> Mitme seadme tugi: jah <br \/> Kaitseklass: IP54 (tolmu ja pritsmete vastane) <br \/> Aku t\u00f6\u00f6iga: <\/p><p> K\u00f5rvaklapid: kuni 12 t (ilma ANC) <\/p><p> Kokku ja laadimiskarbiga: kuni 48 t <br \/> Laadimisaeg: umbes 2 tundi <br \/> Laadimisport: USB-C <br \/> Korpus: earbuds-stiilis <\/p>\n","protected":false},"excerpt":{"rendered":"<p>Bluetooth K\u00f5rvaklappid JBL Tune Flex 2, heas seisu- ja t\u00f6\u00f6korras! KIRJELDUS T\u00fc\u00fcp: t\u00e4iesti juhtmevabad k\u00f5rvaklapid (TWS) \u00dchenduvus: Bluetooth 5.3 M\u00fcra summutus: adaptiivne m\u00fcrasummutus Heli funktsioonid: JBL Pure Bass Sound Smart Ambient (\u00fcmbruskonna heli re\u017eiim) Mikrofonid: sisseehitatud k\u00f5nede jaoks (6 mikrofoniga) Juhtimine: puutetundlik Rakenduse tugi: olemas Mitme seadme tugi: jah Kaitseklass: IP54 (tolmu ja pritsmete vastane) [&hellip;]<\/p>\n","protected":false},"featured_media":36776,"comment_status":"closed","ping_status":"closed","template":"","meta":{"inline_featured_image":false},"product_brand":[],"product_cat":[168],"product_tag":[],"class_list":{"0":"post-39171","1":"product","2":"type-product","3":"status-publish","4":"has-post-thumbnail","6":"product_cat-naushniki","7":"pa_asukoht-mustamae","9":"first","10":"outofstock","11":"taxable","12":"shipping-taxable","13":"purchasable","14":"product-type-simple"},"_links":{"self":[{"href":"https:\/\/a-pant.ee\/ru\/wp-json\/wp\/v2\/product\/39171","targetHints":{"allow":["GET"]}}],"collection":[{"href":"https:\/\/a-pant.ee\/ru\/wp-json\/wp\/v2\/product"}],"about":[{"href":"https:\/\/a-pant.ee\/ru\/wp-json\/wp\/v2\/types\/product"}],"replies":[{"embeddable":true,"href":"https:\/\/a-pant.ee\/ru\/wp-json\/wp\/v2\/comments?post=39171"}],"wp:featuredmedia":[{"embeddable":true,"href":"https:\/\/a-pant.ee\/ru\/wp-json\/wp\/v2\/media\/36776"}],"wp:attachment":[{"href":"https:\/\/a-pant.ee\/ru\/wp-json\/wp\/v2\/media?parent=39171"}],"wp:term":[{"taxonomy":"product_brand","embeddable":true,"href":"https:\/\/a-pant.ee\/ru\/wp-json\/wp\/v2\/product_brand?post=39171"},{"taxonomy":"product_cat","embeddable":true,"href":"https:\/\/a-pant.ee\/ru\/wp-json\/wp\/v2\/product_cat?post=39171"},{"taxonomy":"product_tag","embeddable":true,"href":"https:\/\/a-pant.ee\/ru\/wp-json\/wp\/v2\/product_tag?post=39171"}],"curies":[{"name":"wp","href":"https:\/\/api.w.org\/{rel}","templated":true}]}}