{"id":39118,"date":"2026-04-23T21:14:53","date_gmt":"2026-04-23T18:14:53","guid":{"rendered":"https:\/\/a-pant.ee\/product\/kolonka-jbl-go\/"},"modified":"2026-05-12T21:51:01","modified_gmt":"2026-05-12T18:51:01","slug":"kolonka-jbl-go","status":"publish","type":"product","link":"https:\/\/a-pant.ee\/ru\/product\/kolonka-jbl-go\/","title":{"rendered":"\u041a\u043e\u043b\u043e\u043d\u043a\u0430 JBL GO"},"content":{"rendered":"\n<p> K\u00f5lar JBL GO\u00a0, heas seisu- ja t\u00f6\u00f6korras! <\/p><p> KIRJELDUS <\/p><p> T\u00fc\u00fcp:\u00a0kaasaskantav juhtmevaba k\u00f5lar <br \/> \u00dchenduvus:\u00a0Bluetooth <br \/> Aku t\u00f6\u00f6aeg:\u00a0kuni\u00a05 tundi <br \/> Aku t\u00fc\u00fcp:\u00a0sisseehitatud <br \/> K\u00f5lari v\u00f5imsus:\u00a03 W <br \/> Sagedusala:\u00a0180 Hz \u2013 20 000 Hz <br \/> Takistus:\u00a0standard <br \/> Traadita standard:\u00a0Bluetooth <br \/> Mikrofon:\u00a0sisseehitatud k\u00f5nede jaoks <br \/> Liidesed:\u00a0Bluetooth, 3,5 mm audio sisend <br \/> Toide:\u00a0USB-kaabli kaudu <br \/> Kaal:\u00a0umbes\u00a0130 g <br \/> Kasutus:\u00a0muusika kuulamine, telefonik\u00f5ned, meedia <\/p>\n","protected":false},"excerpt":{"rendered":"<p>K\u00f5lar JBL GO\u00a0, heas seisu- ja t\u00f6\u00f6korras! KIRJELDUS T\u00fc\u00fcp:\u00a0kaasaskantav juhtmevaba k\u00f5lar \u00dchenduvus:\u00a0Bluetooth Aku t\u00f6\u00f6aeg:\u00a0kuni\u00a05 tundi Aku t\u00fc\u00fcp:\u00a0sisseehitatud K\u00f5lari v\u00f5imsus:\u00a03 W Sagedusala:\u00a0180 Hz \u2013 20 000 Hz Takistus:\u00a0standard Traadita standard:\u00a0Bluetooth Mikrofon:\u00a0sisseehitatud k\u00f5nede jaoks Liidesed:\u00a0Bluetooth, 3,5 mm audio sisend Toide:\u00a0USB-kaabli kaudu Kaal:\u00a0umbes\u00a0130 g Kasutus:\u00a0muusika kuulamine, telefonik\u00f5ned, meedia<\/p>\n","protected":false},"featured_media":36726,"comment_status":"closed","ping_status":"closed","template":"","meta":{"inline_featured_image":false},"product_brand":[],"product_cat":[167],"product_tag":[],"class_list":{"0":"post-39118","1":"product","2":"type-product","3":"status-publish","4":"has-post-thumbnail","6":"product_cat-kolonki","7":"pa_asukoht-mustamae","9":"first","10":"outofstock","11":"taxable","12":"shipping-taxable","13":"purchasable","14":"product-type-simple"},"_links":{"self":[{"href":"https:\/\/a-pant.ee\/ru\/wp-json\/wp\/v2\/product\/39118","targetHints":{"allow":["GET"]}}],"collection":[{"href":"https:\/\/a-pant.ee\/ru\/wp-json\/wp\/v2\/product"}],"about":[{"href":"https:\/\/a-pant.ee\/ru\/wp-json\/wp\/v2\/types\/product"}],"replies":[{"embeddable":true,"href":"https:\/\/a-pant.ee\/ru\/wp-json\/wp\/v2\/comments?post=39118"}],"wp:featuredmedia":[{"embeddable":true,"href":"https:\/\/a-pant.ee\/ru\/wp-json\/wp\/v2\/media\/36726"}],"wp:attachment":[{"href":"https:\/\/a-pant.ee\/ru\/wp-json\/wp\/v2\/media?parent=39118"}],"wp:term":[{"taxonomy":"product_brand","embeddable":true,"href":"https:\/\/a-pant.ee\/ru\/wp-json\/wp\/v2\/product_brand?post=39118"},{"taxonomy":"product_cat","embeddable":true,"href":"https:\/\/a-pant.ee\/ru\/wp-json\/wp\/v2\/product_cat?post=39118"},{"taxonomy":"product_tag","embeddable":true,"href":"https:\/\/a-pant.ee\/ru\/wp-json\/wp\/v2\/product_tag?post=39118"}],"curies":[{"name":"wp","href":"https:\/\/api.w.org\/{rel}","templated":true}]}}