{"id":39073,"date":"2026-04-23T21:13:02","date_gmt":"2026-04-23T18:13:02","guid":{"rendered":"https:\/\/a-pant.ee\/product\/noutbuk-fujitsu-h740-zaryadka\/"},"modified":"2026-04-29T14:02:28","modified_gmt":"2026-04-29T11:02:28","slug":"noutbuk-fujitsu-h740-zaryadka","status":"publish","type":"product","link":"https:\/\/a-pant.ee\/ru\/product\/noutbuk-fujitsu-h740-zaryadka\/","title":{"rendered":"\u041d\u043e\u0443\u0442\u0431\u0443\u043a Fujitsu H740 + \u0437\u0430\u0440\u044f\u0434\u043a\u0430"},"content":{"rendered":"\n<p> S\u00fclearvuti Fujitsu H740 + laadija,\u00a0t\u00f6\u00f6korras! <\/p><p> Korpusel on kriimustused. <\/p><p> KIRJELDUS <\/p><p> Protsessor (CPU): intel Core TM i7-4710MQ CPU 2,50Ghz (8Cpu&#8217;s) &#8212; 2,5 Ghz <br \/> Operatiiv m\u00e4lu: 16 GB <br \/> Videokaart : Intel UHD Graphics 4600 <br \/> K\u00f5vaketas: SAMSUNG MZ7LN256HCHP-00000 237GB <br \/> Operatsioonis\u00fcsteem: Windows 10 Pro 64bit <\/p>\n","protected":false},"excerpt":{"rendered":"<p>S\u00fclearvuti Fujitsu H740 + laadija,\u00a0t\u00f6\u00f6korras! Korpusel on kriimustused. KIRJELDUS Protsessor (CPU): intel Core TM i7-4710MQ CPU 2,50Ghz (8Cpu&#8217;s) &#8212; 2,5 Ghz Operatiiv m\u00e4lu: 16 GB Videokaart : Intel UHD Graphics 4600 K\u00f5vaketas: SAMSUNG MZ7LN256HCHP-00000 237GB Operatsioonis\u00fcsteem: Windows 10 Pro 64bit<\/p>\n","protected":false},"featured_media":36681,"comment_status":"closed","ping_status":"closed","template":"","meta":{"inline_featured_image":false},"product_brand":[],"product_cat":[179],"product_tag":[],"class_list":{"0":"post-39073","1":"product","2":"type-product","3":"status-publish","4":"has-post-thumbnail","6":"product_cat-noutbuki","7":"pa_asukoht-mustamae","9":"first","10":"outofstock","11":"taxable","12":"shipping-taxable","13":"purchasable","14":"product-type-simple"},"_links":{"self":[{"href":"https:\/\/a-pant.ee\/ru\/wp-json\/wp\/v2\/product\/39073","targetHints":{"allow":["GET"]}}],"collection":[{"href":"https:\/\/a-pant.ee\/ru\/wp-json\/wp\/v2\/product"}],"about":[{"href":"https:\/\/a-pant.ee\/ru\/wp-json\/wp\/v2\/types\/product"}],"replies":[{"embeddable":true,"href":"https:\/\/a-pant.ee\/ru\/wp-json\/wp\/v2\/comments?post=39073"}],"wp:featuredmedia":[{"embeddable":true,"href":"https:\/\/a-pant.ee\/ru\/wp-json\/wp\/v2\/media\/36681"}],"wp:attachment":[{"href":"https:\/\/a-pant.ee\/ru\/wp-json\/wp\/v2\/media?parent=39073"}],"wp:term":[{"taxonomy":"product_brand","embeddable":true,"href":"https:\/\/a-pant.ee\/ru\/wp-json\/wp\/v2\/product_brand?post=39073"},{"taxonomy":"product_cat","embeddable":true,"href":"https:\/\/a-pant.ee\/ru\/wp-json\/wp\/v2\/product_cat?post=39073"},{"taxonomy":"product_tag","embeddable":true,"href":"https:\/\/a-pant.ee\/ru\/wp-json\/wp\/v2\/product_tag?post=39073"}],"curies":[{"name":"wp","href":"https:\/\/api.w.org\/{rel}","templated":true}]}}