{"id":39022,"date":"2026-04-23T21:11:54","date_gmt":"2026-04-23T18:11:54","guid":{"rendered":"https:\/\/a-pant.ee\/product\/zerkalnaya-kamera-canon-eos-600d-18-55mm-zaryadka-sumka\/"},"modified":"2026-05-09T12:19:54","modified_gmt":"2026-05-09T09:19:54","slug":"zerkalnaya-kamera-canon-eos-600d-18-55mm-zaryadka-sumka","status":"publish","type":"product","link":"https:\/\/a-pant.ee\/ru\/product\/zerkalnaya-kamera-canon-eos-600d-18-55mm-zaryadka-sumka\/","title":{"rendered":"\u0417\u0435\u0440\u043a\u0430\u043b\u044c\u043d\u0430\u044f \u043a\u0430\u043c\u0435\u0440\u0430 Canon EOS 600D 18-55mm + \u0437\u0430\u0440\u044f\u0434\u043a\u0430 + \u0441\u0443\u043c\u043a\u0430"},"content":{"rendered":"\n<p><strong> Peegelkaamera \u00a0Canon EOS 600D 18-55mm + laadija + kott + objektiiv <\/strong> , \u00a0t\u00f6\u00f6korras! <\/p><p> KIRJELDUS <\/p><ul><li><strong> Sensor ja resolutsioon <\/strong> : 18\u2011megapiksline APS\u2011C CMOS (22,3 \u00d7 14,9\u202fmm). <\/li><li><strong> Pildit\u00f6\u00f6tlus <\/strong> : DIGIC\u202f4 protsessor, 14-bitine v\u00e4rviprotsess. <\/li><li><strong> ISO\u2011tundlikkus <\/strong> : p\u00f5hivalik 100\u20136400, laiendatav kuni ISO\u202f12\u202f800. <\/li><li><strong> Autofookus <\/strong> : 9 punkti, toetab One Shot, AI Focus ja AI Servo re\u017eiime, fookuspunktid valitavad automaatselt v\u00f5i k\u00e4sitsi. <\/li><li><strong> Sariv\u00f5te <\/strong> : umbes 3,7 kaadrit sekundis. <\/li><li><strong> Video <\/strong> : Full HD (1080p) salvestus, digitaalne suum 3\u201310\u00d7, Video Snapshot funktsioon \u2014 l\u00fchikeste l\u00f5ikude kokkupannimine kaamera sees. <\/li><li><strong> Ekraan <\/strong> : p\u00f6\u00f6rlev 3\u2033 LCD, \u00fcle miljoni piksli. <\/li><li><strong> Algajare\u017eiimid <\/strong> : Basic+ re\u017eiim koos ekraanijuhendiga, loomingulised filtrid (nt toy camera, fisheye, miniature). <\/li><li><strong> V\u00e4lk <\/strong> : sisseehitatud ja v\u00f5imalus juhtida traadita Speedlite\u2011v\u00e4lke. <\/li><li><strong> Objektiivide \u00fchilduvus <\/strong> : Canon EF ja EF\u2011S. <\/li><li><strong> Salvestus <\/strong> : SD \/ SDHC \/ SDXC kaardid. <\/li><li><strong> Kere ja kaal <\/strong> : roostevaba teras ja pol\u00fckarbonaat, kaal umbes 570\u202fg (aku ja kaardiga). <\/li><li><strong> M\u00f5\u00f5tmed <\/strong> : 133,1 \u00d7 99,5 \u00d7 79,7\u202fmm. <\/li><\/ul>\n","protected":false},"excerpt":{"rendered":"<p>Peegelkaamera \u00a0Canon EOS 600D 18-55mm + laadija + kott + objektiiv , \u00a0t\u00f6\u00f6korras! KIRJELDUS Sensor ja resolutsioon : 18\u2011megapiksline APS\u2011C CMOS (22,3 \u00d7 14,9\u202fmm). Pildit\u00f6\u00f6tlus : DIGIC\u202f4 protsessor, 14-bitine v\u00e4rviprotsess. ISO\u2011tundlikkus : p\u00f5hivalik 100\u20136400, laiendatav kuni ISO\u202f12\u202f800. Autofookus : 9 punkti, toetab One Shot, AI Focus ja AI Servo re\u017eiime, fookuspunktid valitavad automaatselt v\u00f5i k\u00e4sitsi. [&hellip;]<\/p>\n","protected":false},"featured_media":36633,"comment_status":"closed","ping_status":"closed","template":"","meta":{"inline_featured_image":false},"product_brand":[],"product_cat":[163],"product_tag":[],"class_list":{"0":"post-39022","1":"product","2":"type-product","3":"status-publish","4":"has-post-thumbnail","6":"product_cat-fototehnika","7":"pa_asukoht-lasnamae","9":"first","10":"outofstock","11":"taxable","12":"shipping-taxable","13":"purchasable","14":"product-type-simple"},"_links":{"self":[{"href":"https:\/\/a-pant.ee\/ru\/wp-json\/wp\/v2\/product\/39022","targetHints":{"allow":["GET"]}}],"collection":[{"href":"https:\/\/a-pant.ee\/ru\/wp-json\/wp\/v2\/product"}],"about":[{"href":"https:\/\/a-pant.ee\/ru\/wp-json\/wp\/v2\/types\/product"}],"replies":[{"embeddable":true,"href":"https:\/\/a-pant.ee\/ru\/wp-json\/wp\/v2\/comments?post=39022"}],"wp:featuredmedia":[{"embeddable":true,"href":"https:\/\/a-pant.ee\/ru\/wp-json\/wp\/v2\/media\/36633"}],"wp:attachment":[{"href":"https:\/\/a-pant.ee\/ru\/wp-json\/wp\/v2\/media?parent=39022"}],"wp:term":[{"taxonomy":"product_brand","embeddable":true,"href":"https:\/\/a-pant.ee\/ru\/wp-json\/wp\/v2\/product_brand?post=39022"},{"taxonomy":"product_cat","embeddable":true,"href":"https:\/\/a-pant.ee\/ru\/wp-json\/wp\/v2\/product_cat?post=39022"},{"taxonomy":"product_tag","embeddable":true,"href":"https:\/\/a-pant.ee\/ru\/wp-json\/wp\/v2\/product_tag?post=39022"}],"curies":[{"name":"wp","href":"https:\/\/api.w.org\/{rel}","templated":true}]}}