{"id":39009,"date":"2026-04-23T21:11:54","date_gmt":"2026-04-23T18:11:54","guid":{"rendered":"https:\/\/a-pant.ee\/product\/besprovodnaya-kolonka-jbl-flip-6-2\/"},"modified":"2026-05-09T18:47:53","modified_gmt":"2026-05-09T15:47:53","slug":"besprovodnaya-kolonka-jbl-flip-6-2","status":"publish","type":"product","link":"https:\/\/a-pant.ee\/ru\/product\/besprovodnaya-kolonka-jbl-flip-6-2\/","title":{"rendered":"\u0411\u0435\u0441\u043f\u0440\u043e\u0432\u043e\u0434\u043d\u0430\u044f \u043a\u043e\u043b\u043e\u043d\u043a\u0430  JBL Flip 6"},"content":{"rendered":"\n<p><strong> Juhtmevaba k\u00f5lar JBL Flip 6 <\/strong> , t\u00f6\u00f6korras! <\/p><p> KIRJELDUS <\/p><ul><li><strong> V\u00f5imsus <\/strong> : 30\u202fW <\/li><li><strong> Sagedusvahemik <\/strong> : 63\u202fHz \u2013 20\u202fkHz <\/li><li><strong> Bluetooth <\/strong> : versioon 5.1 <\/li><li><strong> Aku <\/strong> : kuni 12 tundi, laadimine ~2,5 tundi (USB-C) <\/li><li><strong> Kaitseklass <\/strong> : IP67 (tolmu- ja veekindel) <\/li><li><strong> M\u00f5\u00f5dud \/ kaal <\/strong> : 178\u00d768\u00d772\u202fmm \/ 550\u202fg <\/li><li><strong> Lisa <\/strong> : PartyBoost tugi, juhitav rakendusega <\/li><\/ul><p> \u00a0 <\/p>\n","protected":false},"excerpt":{"rendered":"<p>Juhtmevaba k\u00f5lar JBL Flip 6 , t\u00f6\u00f6korras! KIRJELDUS V\u00f5imsus : 30\u202fW Sagedusvahemik : 63\u202fHz \u2013 20\u202fkHz Bluetooth : versioon 5.1 Aku : kuni 12 tundi, laadimine ~2,5 tundi (USB-C) Kaitseklass : IP67 (tolmu- ja veekindel) M\u00f5\u00f5dud \/ kaal : 178\u00d768\u00d772\u202fmm \/ 550\u202fg Lisa : PartyBoost tugi, juhitav rakendusega \u00a0<\/p>\n","protected":false},"featured_media":36620,"comment_status":"closed","ping_status":"closed","template":"","meta":{"inline_featured_image":false},"product_brand":[],"product_cat":[167],"product_tag":[],"class_list":{"0":"post-39009","1":"product","2":"type-product","3":"status-publish","4":"has-post-thumbnail","6":"product_cat-kolonki","7":"pa_asukoht-lasnamae","9":"first","10":"outofstock","11":"taxable","12":"shipping-taxable","13":"purchasable","14":"product-type-simple"},"_links":{"self":[{"href":"https:\/\/a-pant.ee\/ru\/wp-json\/wp\/v2\/product\/39009","targetHints":{"allow":["GET"]}}],"collection":[{"href":"https:\/\/a-pant.ee\/ru\/wp-json\/wp\/v2\/product"}],"about":[{"href":"https:\/\/a-pant.ee\/ru\/wp-json\/wp\/v2\/types\/product"}],"replies":[{"embeddable":true,"href":"https:\/\/a-pant.ee\/ru\/wp-json\/wp\/v2\/comments?post=39009"}],"wp:featuredmedia":[{"embeddable":true,"href":"https:\/\/a-pant.ee\/ru\/wp-json\/wp\/v2\/media\/36620"}],"wp:attachment":[{"href":"https:\/\/a-pant.ee\/ru\/wp-json\/wp\/v2\/media?parent=39009"}],"wp:term":[{"taxonomy":"product_brand","embeddable":true,"href":"https:\/\/a-pant.ee\/ru\/wp-json\/wp\/v2\/product_brand?post=39009"},{"taxonomy":"product_cat","embeddable":true,"href":"https:\/\/a-pant.ee\/ru\/wp-json\/wp\/v2\/product_cat?post=39009"},{"taxonomy":"product_tag","embeddable":true,"href":"https:\/\/a-pant.ee\/ru\/wp-json\/wp\/v2\/product_tag?post=39009"}],"curies":[{"name":"wp","href":"https:\/\/api.w.org\/{rel}","templated":true}]}}