{"id":38961,"date":"2026-04-23T21:10:22","date_gmt":"2026-04-23T18:10:22","guid":{"rendered":"https:\/\/a-pant.ee\/product\/mobilnyj-telefon-xiaomi-redmi-12-4-128gb-midnight-black\/"},"modified":"2026-05-11T14:16:35","modified_gmt":"2026-05-11T11:16:35","slug":"mobilnyj-telefon-xiaomi-redmi-12-4-128gb-midnight-black","status":"publish","type":"product","link":"https:\/\/a-pant.ee\/ru\/product\/mobilnyj-telefon-xiaomi-redmi-12-4-128gb-midnight-black\/","title":{"rendered":"\u041c\u043e\u0431\u0438\u043b\u044c\u043d\u044b\u0439 \u0422\u0435\u043b\u0435\u0444\u043e\u043d Xiaomi Redmi 12 4\/128GB Midnight Black"},"content":{"rendered":"\n<p> M\u00fc\u00fcakse\u00a0Mobiiltelefon Xiaomi Redmi 12 4GB\/128GB Midnight Black + karp + juhe\u00a0, t\u00f6\u00f6korras! <\/p><p> Telefonil on valged laigud, vaata foto! <\/p><p> KIRJELDUS <br \/><br \/> \u2022 Ekraan 6,79&#8243; IPS, Full HD+ (2460\u00d71080) <br \/> \u2022 V\u00e4rskendussagedus 90 Hz <br \/> \u2022 Protsessor \u2013 MediaTek Helio G88 <br \/> \u2022 RAM \u2013 4 GB <br \/> \u2022 Salvestusm\u00e4lu \u2013 128 GB <br \/> \u2022 P\u00f5hikaamera \u2013 50 MP + 8 MP + 2 MP <br \/> \u2022 Esikaamera \u2013 8 MP <br \/> \u2022 Aku \u2013 5000 mAh, kiirlaadimine 18 W <br \/> \u2022 microSD toetus kuni 1 TB <br \/> \u2022 S\u00f5rmej\u00e4ljelugeja k\u00fclgnupul <br \/> \u2022 IP53 kaitse tolmu ja pritsmete vastu <br \/> \u2022 Operatsioonis\u00fcsteem \u2013 Android 13 (MIUI 14) <br \/> \u2022 Kaal \u2013 umbes 198 g <\/p>\n","protected":false},"excerpt":{"rendered":"<p>M\u00fc\u00fcakse\u00a0Mobiiltelefon Xiaomi Redmi 12 4GB\/128GB Midnight Black + karp + juhe\u00a0, t\u00f6\u00f6korras! Telefonil on valged laigud, vaata foto! KIRJELDUS \u2022 Ekraan 6,79&#8243; IPS, Full HD+ (2460\u00d71080) \u2022 V\u00e4rskendussagedus 90 Hz \u2022 Protsessor \u2013 MediaTek Helio G88 \u2022 RAM \u2013 4 GB \u2022 Salvestusm\u00e4lu \u2013 128 GB \u2022 P\u00f5hikaamera \u2013 50 MP + 8 MP + [&hellip;]<\/p>\n","protected":false},"featured_media":36574,"comment_status":"closed","ping_status":"closed","template":"","meta":{"inline_featured_image":false},"product_brand":[],"product_cat":[171],"product_tag":[],"class_list":{"0":"post-38961","1":"product","2":"type-product","3":"status-publish","4":"has-post-thumbnail","6":"product_cat-mobilnye-telefony","7":"pa_asukoht-mustamae","9":"first","10":"outofstock","11":"taxable","12":"shipping-taxable","13":"purchasable","14":"product-type-simple"},"_links":{"self":[{"href":"https:\/\/a-pant.ee\/ru\/wp-json\/wp\/v2\/product\/38961","targetHints":{"allow":["GET"]}}],"collection":[{"href":"https:\/\/a-pant.ee\/ru\/wp-json\/wp\/v2\/product"}],"about":[{"href":"https:\/\/a-pant.ee\/ru\/wp-json\/wp\/v2\/types\/product"}],"replies":[{"embeddable":true,"href":"https:\/\/a-pant.ee\/ru\/wp-json\/wp\/v2\/comments?post=38961"}],"wp:featuredmedia":[{"embeddable":true,"href":"https:\/\/a-pant.ee\/ru\/wp-json\/wp\/v2\/media\/36574"}],"wp:attachment":[{"href":"https:\/\/a-pant.ee\/ru\/wp-json\/wp\/v2\/media?parent=38961"}],"wp:term":[{"taxonomy":"product_brand","embeddable":true,"href":"https:\/\/a-pant.ee\/ru\/wp-json\/wp\/v2\/product_brand?post=38961"},{"taxonomy":"product_cat","embeddable":true,"href":"https:\/\/a-pant.ee\/ru\/wp-json\/wp\/v2\/product_cat?post=38961"},{"taxonomy":"product_tag","embeddable":true,"href":"https:\/\/a-pant.ee\/ru\/wp-json\/wp\/v2\/product_tag?post=38961"}],"curies":[{"name":"wp","href":"https:\/\/api.w.org\/{rel}","templated":true}]}}