{"id":34138,"date":"2026-02-04T15:33:40","date_gmt":"2026-02-04T12:33:40","guid":{"rendered":"https:\/\/a-pant.ee\/product\/akkumulyatornaya-sabelnaya-pila-bosch-gsa-18v-32\/"},"modified":"2026-02-22T12:11:22","modified_gmt":"2026-02-22T09:11:22","slug":"akkumulyatornaya-sabelnaya-pila-bosch-gsa-18v-32-ak-40ach","status":"publish","type":"product","link":"https:\/\/a-pant.ee\/ru\/product\/akkumulyatornaya-sabelnaya-pila-bosch-gsa-18v-32-ak-40ach\/","title":{"rendered":"\u0410\u043a\u043a\u0443\u043c\u0443\u043b\u044f\u0442\u043e\u0440\u043d\u0430\u044f \u0441\u0430\u0431\u0435\u043b\u044c\u043d\u0430\u044f \u043f\u0438\u043b\u0430 Bosch GSA 18V-32 + \u0430\u043a 4,0\u0410\u0447"},"content":{"rendered":"\n<p> Akutigersaag Bosch GSA 18V-32 + aku 4,0Ah\u00a0, heas seisu- ja t\u00f6\u00f6korras! <\/p><p> KIRJELDUS <\/p><p> Kompaktne 18V saeveski madala vibratsiooniga <\/p><p> K\u00e4ep\u00e4rane disain ja v\u00e4hendatud vibratsioon lihtsamaks t\u00f6\u00f6ks <\/p><p> V\u00f5imas mootor kiireks saagimise edenemiseks <\/p><p> T\u00f6\u00f6riistavaba Bosch SDS-s\u00fcsteem muudab saetera vahetamise kiireks ja lihtsaks <\/p><p> V\u00e4ga kompaktne GSA 18 V-LI C Professional akutr\u00fckisaag koos kolmeseptsioonilise saeteraga tagab madala vibratsioonitaseme mugavaks t\u00f6\u00f6ks. V\u00f5imsa mootoriga varustatud 18 V-ga kolmesahk tagab kiire t\u00f6\u00f6 edenemise. Selle Bosch SDS-s\u00fcsteem muudab t\u00f6\u00f6 palju lihtsamaks, v\u00f5imaldades saetera vahetamist ilma t\u00f6\u00f6riistadeta. <\/p><p> Omadused ja rakendused <\/p><p> GSA 18 V-LI C Professional sobib suurep\u00e4raselt nii puidu, metalli, plastide kui ka puidukomposiitide ja isolatsioonimaterjalide l\u00f5ikamiseks. \u00dchildub k\u00f5igi Bosch Professional 18 V akude ja laadijatega (Professional 18V s\u00fcsteem). <\/p><p> T\u00e4iendav teave <\/p><p> GSA 18 V-LI C Professional on varustatud ka LED-valgustuse ja reguleeritava kiirusega. <\/p>\n","protected":false},"excerpt":{"rendered":"<p>Akutigersaag Bosch GSA 18V-32 + aku 4,0Ah\u00a0, heas seisu- ja t\u00f6\u00f6korras! KIRJELDUS Kompaktne 18V saeveski madala vibratsiooniga K\u00e4ep\u00e4rane disain ja v\u00e4hendatud vibratsioon lihtsamaks t\u00f6\u00f6ks V\u00f5imas mootor kiireks saagimise edenemiseks T\u00f6\u00f6riistavaba Bosch SDS-s\u00fcsteem muudab saetera vahetamise kiireks ja lihtsaks V\u00e4ga kompaktne GSA 18 V-LI C Professional akutr\u00fckisaag koos kolmeseptsioonilise saeteraga tagab madala vibratsioonitaseme mugavaks t\u00f6\u00f6ks. V\u00f5imsa [&hellip;]<\/p>\n","protected":false},"featured_media":34139,"comment_status":"closed","ping_status":"open","template":"","meta":{"inline_featured_image":false},"product_brand":[],"product_cat":[221],"product_tag":[],"class_list":{"0":"post-34138","1":"product","2":"type-product","3":"status-publish","4":"has-post-thumbnail","6":"product_cat-akkumulyatornye-dreli","7":"pa_asukoht-lasnamae","8":"pa_seisukord-ispolzovano","10":"first","11":"instock","12":"taxable","13":"shipping-taxable","14":"purchasable","15":"product-type-simple"},"_links":{"self":[{"href":"https:\/\/a-pant.ee\/ru\/wp-json\/wp\/v2\/product\/34138","targetHints":{"allow":["GET"]}}],"collection":[{"href":"https:\/\/a-pant.ee\/ru\/wp-json\/wp\/v2\/product"}],"about":[{"href":"https:\/\/a-pant.ee\/ru\/wp-json\/wp\/v2\/types\/product"}],"replies":[{"embeddable":true,"href":"https:\/\/a-pant.ee\/ru\/wp-json\/wp\/v2\/comments?post=34138"}],"wp:featuredmedia":[{"embeddable":true,"href":"https:\/\/a-pant.ee\/ru\/wp-json\/wp\/v2\/media\/34139"}],"wp:attachment":[{"href":"https:\/\/a-pant.ee\/ru\/wp-json\/wp\/v2\/media?parent=34138"}],"wp:term":[{"taxonomy":"product_brand","embeddable":true,"href":"https:\/\/a-pant.ee\/ru\/wp-json\/wp\/v2\/product_brand?post=34138"},{"taxonomy":"product_cat","embeddable":true,"href":"https:\/\/a-pant.ee\/ru\/wp-json\/wp\/v2\/product_cat?post=34138"},{"taxonomy":"product_tag","embeddable":true,"href":"https:\/\/a-pant.ee\/ru\/wp-json\/wp\/v2\/product_tag?post=34138"}],"curies":[{"name":"wp","href":"https:\/\/api.w.org\/{rel}","templated":true}]}}