{"id":34132,"date":"2026-02-04T15:33:40","date_gmt":"2026-02-04T12:33:40","guid":{"rendered":"https:\/\/a-pant.ee\/product\/televizor-e-star-ledtv24r2t2\/"},"modified":"2026-02-22T12:11:22","modified_gmt":"2026-02-22T09:11:22","slug":"televizor-e-star-ledtv24r2t2-pult-nozhki-korobka","status":"publish","type":"product","link":"https:\/\/a-pant.ee\/ru\/product\/televizor-e-star-ledtv24r2t2-pult-nozhki-korobka\/","title":{"rendered":"\u0422\u0435\u043b\u0435\u0432\u0438\u0437\u043e\u0440 E-Star LEDTV24R2T2 + \u043f\u0443\u043b\u044c\u0442 + \u043d\u043e\u0436\u043a\u0438 + \u043a\u043e\u0440\u043e\u0431\u043a\u0430"},"content":{"rendered":"\n<p> Teler E-Star LEDTV24R2T2 + pult + jalgad + karp\u00a0, heas seisu- ja t\u00f6\u00f6korras! <\/p><p> KIRJELDUS <\/p><ul><li> Kompaktne 24-tolline ekraan: LED-ekraan pakub selget ja erksat pilti, sobides v\u00e4iksematesse ruumidesse v\u00f5i teiseks teleriks. <\/li><li> Vajalikud \u00fchendused: Teleril on HDMI ja USB \u00fchendused, mis v\u00f5imaldavad h\u00f5lpsasti \u00fchendada erinevaid seadmeid, nagu m\u00e4ngukonsoolid ja meediam\u00e4ngijad. <\/li><li> Universaalsed TV-tuunerid: DVB-C, DVB-S2, DVB-T ja DVB-T2 (H.265), mis v\u00f5imaldavad paindlikult vastu v\u00f5tta erinevaid edastussignaale. <\/li><li> Mugav VESA kinnituse \u00fchilduvus: Kinnitage teler lihtsalt seinale VESA 100 x 100 standardi j\u00e4rgi, s\u00e4\u00e4stes ruumi ja parandades ruumi esteetikat. <\/li><li> T\u00f5hus disain: Koos alusega kaalub vaid 2,4 kg, mist\u00f5ttu on telerit lihtne liigutada ja vajadusel asukohta muuta. <\/li><\/ul>\n","protected":false},"excerpt":{"rendered":"<p>Teler E-Star LEDTV24R2T2 + pult + jalgad + karp\u00a0, heas seisu- ja t\u00f6\u00f6korras! KIRJELDUS Kompaktne 24-tolline ekraan: LED-ekraan pakub selget ja erksat pilti, sobides v\u00e4iksematesse ruumidesse v\u00f5i teiseks teleriks. Vajalikud \u00fchendused: Teleril on HDMI ja USB \u00fchendused, mis v\u00f5imaldavad h\u00f5lpsasti \u00fchendada erinevaid seadmeid, nagu m\u00e4ngukonsoolid ja meediam\u00e4ngijad. Universaalsed TV-tuunerid: DVB-C, DVB-S2, DVB-T ja DVB-T2 (H.265), [&hellip;]<\/p>\n","protected":false},"featured_media":34133,"comment_status":"closed","ping_status":"open","template":"","meta":{"inline_featured_image":false},"product_brand":[],"product_cat":[181],"product_tag":[],"class_list":{"0":"post-34132","1":"product","2":"type-product","3":"status-publish","4":"has-post-thumbnail","6":"product_cat-televizory","7":"product_shipping_class-oversize","8":"pa_asukoht-lasnamae","9":"pa_seisukord-ispolzovano","11":"first","12":"instock","13":"taxable","14":"shipping-taxable","15":"purchasable","16":"product-type-simple"},"_links":{"self":[{"href":"https:\/\/a-pant.ee\/ru\/wp-json\/wp\/v2\/product\/34132","targetHints":{"allow":["GET"]}}],"collection":[{"href":"https:\/\/a-pant.ee\/ru\/wp-json\/wp\/v2\/product"}],"about":[{"href":"https:\/\/a-pant.ee\/ru\/wp-json\/wp\/v2\/types\/product"}],"replies":[{"embeddable":true,"href":"https:\/\/a-pant.ee\/ru\/wp-json\/wp\/v2\/comments?post=34132"}],"wp:featuredmedia":[{"embeddable":true,"href":"https:\/\/a-pant.ee\/ru\/wp-json\/wp\/v2\/media\/34133"}],"wp:attachment":[{"href":"https:\/\/a-pant.ee\/ru\/wp-json\/wp\/v2\/media?parent=34132"}],"wp:term":[{"taxonomy":"product_brand","embeddable":true,"href":"https:\/\/a-pant.ee\/ru\/wp-json\/wp\/v2\/product_brand?post=34132"},{"taxonomy":"product_cat","embeddable":true,"href":"https:\/\/a-pant.ee\/ru\/wp-json\/wp\/v2\/product_cat?post=34132"},{"taxonomy":"product_tag","embeddable":true,"href":"https:\/\/a-pant.ee\/ru\/wp-json\/wp\/v2\/product_tag?post=34132"}],"curies":[{"name":"wp","href":"https:\/\/api.w.org\/{rel}","templated":true}]}}