{"id":34126,"date":"2026-02-04T15:29:09","date_gmt":"2026-02-04T12:29:09","guid":{"rendered":"https:\/\/a-pant.ee\/product\/plitkorez-rubi-star-63-chemodan\/"},"modified":"2026-02-22T12:11:26","modified_gmt":"2026-02-22T09:11:26","slug":"plitkorez-rubi-star-63-chemodan","status":"publish","type":"product","link":"https:\/\/a-pant.ee\/ru\/product\/plitkorez-rubi-star-63-chemodan\/","title":{"rendered":"\u041f\u043b\u0438\u0442\u043a\u043e\u0440\u0435\u0437 RUBI Star 63 + \u0447\u0435\u043c\u043e\u0434\u0430\u043d"},"content":{"rendered":"\n<p> Plaadil\u00f5ikur RUBI Star 63 + kohver\u00a0, heas seisu- ja t\u00f6\u00f6korras! <\/p><p> KIRJELDUS <\/p><p> Toode Plaatide l\u00f5ikur <\/p><p> Kaal, kg 11.5 <\/p><p> L\u00f5ike paksus, mm 5 \u2014 20 <\/p><p> L\u00f5ikepikkus, cm 63 <\/p><p> Diagonaalne l\u00f5ikamine, cm 46 x 46 <\/p><p> Plaatide purunemistugevus, kg 1000 <\/p>\n","protected":false},"excerpt":{"rendered":"<p>Plaadil\u00f5ikur RUBI Star 63 + kohver\u00a0, heas seisu- ja t\u00f6\u00f6korras! KIRJELDUS Toode Plaatide l\u00f5ikur Kaal, kg 11.5 L\u00f5ike paksus, mm 5 \u2014 20 L\u00f5ikepikkus, cm 63 Diagonaalne l\u00f5ikamine, cm 46 x 46 Plaatide purunemistugevus, kg 1000<\/p>\n","protected":false},"featured_media":34127,"comment_status":"closed","ping_status":"open","template":"","meta":{"inline_featured_image":false},"product_brand":[],"product_cat":[246],"product_tag":[],"class_list":{"0":"post-34126","1":"product","2":"type-product","3":"status-publish","4":"has-post-thumbnail","6":"product_cat-instrumenty-drugoe","7":"pa_asukoht-lasnamae","8":"pa_seisukord-ispolzovano","10":"first","11":"instock","12":"taxable","13":"shipping-taxable","14":"purchasable","15":"product-type-simple"},"_links":{"self":[{"href":"https:\/\/a-pant.ee\/ru\/wp-json\/wp\/v2\/product\/34126","targetHints":{"allow":["GET"]}}],"collection":[{"href":"https:\/\/a-pant.ee\/ru\/wp-json\/wp\/v2\/product"}],"about":[{"href":"https:\/\/a-pant.ee\/ru\/wp-json\/wp\/v2\/types\/product"}],"replies":[{"embeddable":true,"href":"https:\/\/a-pant.ee\/ru\/wp-json\/wp\/v2\/comments?post=34126"}],"wp:featuredmedia":[{"embeddable":true,"href":"https:\/\/a-pant.ee\/ru\/wp-json\/wp\/v2\/media\/34127"}],"wp:attachment":[{"href":"https:\/\/a-pant.ee\/ru\/wp-json\/wp\/v2\/media?parent=34126"}],"wp:term":[{"taxonomy":"product_brand","embeddable":true,"href":"https:\/\/a-pant.ee\/ru\/wp-json\/wp\/v2\/product_brand?post=34126"},{"taxonomy":"product_cat","embeddable":true,"href":"https:\/\/a-pant.ee\/ru\/wp-json\/wp\/v2\/product_cat?post=34126"},{"taxonomy":"product_tag","embeddable":true,"href":"https:\/\/a-pant.ee\/ru\/wp-json\/wp\/v2\/product_tag?post=34126"}],"curies":[{"name":"wp","href":"https:\/\/api.w.org\/{rel}","templated":true}]}}