{"id":34114,"date":"2026-02-04T15:29:09","date_gmt":"2026-02-04T12:29:09","guid":{"rendered":"https:\/\/a-pant.ee\/product\/mojushhaya-mashina-bissel-spotclean-pro\/"},"modified":"2026-02-22T12:11:25","modified_gmt":"2026-02-22T09:11:25","slug":"moyushhaya-mashina-bissel-spotclean-pro-nasadki","status":"publish","type":"product","link":"https:\/\/a-pant.ee\/ru\/product\/moyushhaya-mashina-bissel-spotclean-pro-nasadki\/","title":{"rendered":"\u041c\u043e\u044e\u0449\u0430\u044f \u043c\u0430\u0448\u0438\u043d\u0430 Bissel Spotclean Pro + \u043d\u0430\u0441\u0430\u0434\u043a\u0438"},"content":{"rendered":"\n<p> Tekstiilipesur Bissel Spotclean Pro + Ostikud, heas seisu- ja t\u00f6\u00f6korras! <\/p><p> KIRJELDUS <\/p><p> Mudel:\u00a0Bissell SpotClean Pro <\/p><p> Seade t\u00fc\u00fcp:\u00a0Kaasaskantav pesumasin (t\u00e4ppispuhastus) <\/p><p> Kasutus: <\/p><ul><li> Plekkide ja mustuse eemaldamine vaipadelt, m\u00f6\u00f6blilt, tekstiilidelt ja autoistmetelt <\/li><\/ul><p> Puhastuss\u00fcsteem: <\/p><ul><li> K\u00e4sitsi vee ja puhastusvahendi pihustamine <\/li><li> Tugev imemine <\/li><\/ul><p> T\u00f5husus: <\/p><ul><li> V\u00f5imas imemisj\u00f5ud s\u00fcgavpuhastuseks <\/li><li> Efektiivne kangekaelsete plekkide eemaldamine <\/li><\/ul><p> Mahutid: <\/p><ul><li> Eraldi puhta ja musta vee mahutid <\/li><\/ul><p> Voolik ja otsikud: <\/p><ul><li> Pikk painduv voolik <\/li><li> Erinevad harjad ja otsikud erinevate pindade jaoks <\/li><\/ul><p> Juhtimine ja mugavus: <\/p><ul><li> Kompaktne ja lihtne kasutada <\/li><li> Mugav kandehaarats <\/li><\/ul><p> Toide: <\/p><ul><li> T\u00f6\u00f6tamine vahelduvvoolu toitega <\/li><\/ul><p> Kasutusalad: <\/p><ul><li> Kodune, korter, auto, kontorim\u00f6\u00f6bel <\/li><\/ul>\n","protected":false},"excerpt":{"rendered":"<p>Tekstiilipesur Bissel Spotclean Pro + Ostikud, heas seisu- ja t\u00f6\u00f6korras! KIRJELDUS Mudel:\u00a0Bissell SpotClean Pro Seade t\u00fc\u00fcp:\u00a0Kaasaskantav pesumasin (t\u00e4ppispuhastus) Kasutus: Plekkide ja mustuse eemaldamine vaipadelt, m\u00f6\u00f6blilt, tekstiilidelt ja autoistmetelt Puhastuss\u00fcsteem: K\u00e4sitsi vee ja puhastusvahendi pihustamine Tugev imemine T\u00f5husus: V\u00f5imas imemisj\u00f5ud s\u00fcgavpuhastuseks Efektiivne kangekaelsete plekkide eemaldamine Mahutid: Eraldi puhta ja musta vee mahutid Voolik ja otsikud: Pikk [&hellip;]<\/p>\n","protected":false},"featured_media":34115,"comment_status":"closed","ping_status":"closed","template":"","meta":{"inline_featured_image":false},"product_brand":[],"product_cat":[166],"product_tag":[],"class_list":{"0":"post-34114","1":"product","2":"type-product","3":"status-publish","4":"has-post-thumbnail","6":"product_cat-bytovaya-tehnika","7":"pa_asukoht-mustamae","8":"pa_seisukord-ispolzovano","10":"first","11":"outofstock","12":"taxable","13":"shipping-taxable","14":"purchasable","15":"product-type-simple"},"_links":{"self":[{"href":"https:\/\/a-pant.ee\/ru\/wp-json\/wp\/v2\/product\/34114","targetHints":{"allow":["GET"]}}],"collection":[{"href":"https:\/\/a-pant.ee\/ru\/wp-json\/wp\/v2\/product"}],"about":[{"href":"https:\/\/a-pant.ee\/ru\/wp-json\/wp\/v2\/types\/product"}],"replies":[{"embeddable":true,"href":"https:\/\/a-pant.ee\/ru\/wp-json\/wp\/v2\/comments?post=34114"}],"wp:featuredmedia":[{"embeddable":true,"href":"https:\/\/a-pant.ee\/ru\/wp-json\/wp\/v2\/media\/34115"}],"wp:attachment":[{"href":"https:\/\/a-pant.ee\/ru\/wp-json\/wp\/v2\/media?parent=34114"}],"wp:term":[{"taxonomy":"product_brand","embeddable":true,"href":"https:\/\/a-pant.ee\/ru\/wp-json\/wp\/v2\/product_brand?post=34114"},{"taxonomy":"product_cat","embeddable":true,"href":"https:\/\/a-pant.ee\/ru\/wp-json\/wp\/v2\/product_cat?post=34114"},{"taxonomy":"product_tag","embeddable":true,"href":"https:\/\/a-pant.ee\/ru\/wp-json\/wp\/v2\/product_tag?post=34114"}],"curies":[{"name":"wp","href":"https:\/\/api.w.org\/{rel}","templated":true}]}}