{"id":34108,"date":"2026-02-04T15:29:09","date_gmt":"2026-02-04T12:29:09","guid":{"rendered":"https:\/\/a-pant.ee\/product\/telefon-redmi-a5-zaryadka-korobka\/"},"modified":"2026-02-22T12:11:25","modified_gmt":"2026-02-22T09:11:25","slug":"telefon-redmi-a5-zaryadka-korobka","status":"publish","type":"product","link":"https:\/\/a-pant.ee\/ru\/product\/telefon-redmi-a5-zaryadka-korobka\/","title":{"rendered":"\u0422\u0435\u043b\u0435\u0444\u043e\u043d Redmi A5 + \u0417\u0430\u0440\u044f\u0434\u043a\u0430 + \u041a\u043e\u0440\u043e\u0431\u043a\u0430"},"content":{"rendered":"\n<p> Telefon Redmi A5 + Laadija + Karp, heas seisu- ja t\u00f6\u00f6korras! <\/p><p> KIRJELDUS <\/p><p> Seade t\u00fc\u00fcp:\u00a0Nutitelefon <\/p><p> Operatsioonis\u00fcsteem:\u00a0Android 15 Go Edition <\/p><p> Ekraan: <\/p><ul><li> Suurus: 6,88\u2033 <\/li><li> T\u00fc\u00fcp: IPS LCD <\/li><li> Resolutsioon: 1640 \u00d7 720 (HD+) <\/li><li> V\u00e4rskendussagedus: kuni 120\u202fHz <\/li><\/ul><p> Protsessor: <\/p><ul><li> UNISOC T7250, kaheksatuumaline <\/li><\/ul><p> M\u00e4lu: <\/p><ul><li> Operatiivm\u00e4lu: 3\u202fGB <\/li><li> Sisemine salvestusruum: 64\u202fGB <\/li><li> Laiendatav microSD kaardiga <\/li><\/ul><p> Kaamera: <\/p><ul><li> Tagumine kaamera: 32\u202fMP <\/li><li> Eesmine kaamera: 8\u202fMP <\/li><li> Video salvestus: kuni 1080p @30\u202ffps <\/li><\/ul><p> \u00dchenduvus: <\/p><ul><li> 2G\/3G\/4G <\/li><li> Wi\u2011Fi <\/li><li> Bluetooth 5.2 <\/li><\/ul><p> Navigeerimine: <\/p><ul><li> GPS, GLONASS, Galileo, BDS <\/li><\/ul><p> Turvalisus: <\/p><ul><li> S\u00f5rmej\u00e4ljelugeja k\u00fcljes <\/li><li> N\u00e4otuvastus <\/li><\/ul><p> Liidesed: <\/p><ul><li> USB\u2011C <\/li><li> 3,5\u202fmm k\u00f5rvaklappide pesa <\/li><\/ul><p> Aku: <\/p><ul><li> Maht: 5200\u202fmAh <\/li><li> Toestab kiiret laadimist 15\u202fW <\/li><\/ul><p> M\u00f5\u00f5tmed ja kaal: <\/p><ul><li> Umbes: 171,7 \u00d7 77,8 \u00d7 8,3\u202fmm <\/li><li> Kaal: umbes 193\u202fg <\/li><\/ul>\n","protected":false},"excerpt":{"rendered":"<p>Telefon Redmi A5 + Laadija + Karp, heas seisu- ja t\u00f6\u00f6korras! KIRJELDUS Seade t\u00fc\u00fcp:\u00a0Nutitelefon Operatsioonis\u00fcsteem:\u00a0Android 15 Go Edition Ekraan: Suurus: 6,88\u2033 T\u00fc\u00fcp: IPS LCD Resolutsioon: 1640 \u00d7 720 (HD+) V\u00e4rskendussagedus: kuni 120\u202fHz Protsessor: UNISOC T7250, kaheksatuumaline M\u00e4lu: Operatiivm\u00e4lu: 3\u202fGB Sisemine salvestusruum: 64\u202fGB Laiendatav microSD kaardiga Kaamera: Tagumine kaamera: 32\u202fMP Eesmine kaamera: 8\u202fMP Video salvestus: kuni [&hellip;]<\/p>\n","protected":false},"featured_media":34109,"comment_status":"closed","ping_status":"closed","template":"","meta":{"inline_featured_image":false},"product_brand":[],"product_cat":[171],"product_tag":[],"class_list":{"0":"post-34108","1":"product","2":"type-product","3":"status-publish","4":"has-post-thumbnail","6":"product_cat-mobilnye-telefony","7":"pa_asukoht-mustamae","8":"pa_seisukord-ispolzovano","10":"first","11":"outofstock","12":"taxable","13":"shipping-taxable","14":"purchasable","15":"product-type-simple"},"_links":{"self":[{"href":"https:\/\/a-pant.ee\/ru\/wp-json\/wp\/v2\/product\/34108","targetHints":{"allow":["GET"]}}],"collection":[{"href":"https:\/\/a-pant.ee\/ru\/wp-json\/wp\/v2\/product"}],"about":[{"href":"https:\/\/a-pant.ee\/ru\/wp-json\/wp\/v2\/types\/product"}],"replies":[{"embeddable":true,"href":"https:\/\/a-pant.ee\/ru\/wp-json\/wp\/v2\/comments?post=34108"}],"wp:featuredmedia":[{"embeddable":true,"href":"https:\/\/a-pant.ee\/ru\/wp-json\/wp\/v2\/media\/34109"}],"wp:attachment":[{"href":"https:\/\/a-pant.ee\/ru\/wp-json\/wp\/v2\/media?parent=34108"}],"wp:term":[{"taxonomy":"product_brand","embeddable":true,"href":"https:\/\/a-pant.ee\/ru\/wp-json\/wp\/v2\/product_brand?post=34108"},{"taxonomy":"product_cat","embeddable":true,"href":"https:\/\/a-pant.ee\/ru\/wp-json\/wp\/v2\/product_cat?post=34108"},{"taxonomy":"product_tag","embeddable":true,"href":"https:\/\/a-pant.ee\/ru\/wp-json\/wp\/v2\/product_tag?post=34108"}],"curies":[{"name":"wp","href":"https:\/\/api.w.org\/{rel}","templated":true}]}}