{"id":34102,"date":"2026-02-04T15:29:09","date_gmt":"2026-02-04T12:29:09","guid":{"rendered":"https:\/\/a-pant.ee\/product\/moyka-vysokogo-davleniya-blue-clean-bc250-dss\/"},"modified":"2026-02-22T12:11:25","modified_gmt":"2026-02-22T09:11:25","slug":"mojka-vysokogo-davleniya-blue-clean-bc250-dss-prinadlezhnosti","status":"publish","type":"product","link":"https:\/\/a-pant.ee\/ru\/product\/mojka-vysokogo-davleniya-blue-clean-bc250-dss-prinadlezhnosti\/","title":{"rendered":"\u041c\u043e\u0439\u043a\u0430 \u0432\u044b\u0441\u043e\u043a\u043e\u0433\u043e \u0434\u0430\u0432\u043b\u0435\u043d\u0438\u044f Blue Clean BC250 DSS +\u041f\u0440\u0438\u043d\u0430\u0434\u043b\u0435\u0436\u043d\u043e\u0441\u0442\u0438"},"content":{"rendered":"\n<p> K\u00f5rgsurvepesur Blue Clean BC250 DSS + Tarvikud + Aku,Laadija, heas seisu- ja t\u00f6\u00f6korras! <\/p><p> KIRJELDUS <\/p><p> Mudel:\u00a0Blue Clean BC250 DSS <\/p><p> Seadme t\u00fc\u00fcp:\u00a0Akuga kaasaskantav k\u00f5rgsurvepesur <\/p><p> Toide: <\/p><ul><li> Toiteallikas: 18\u202fV Li\u2011ion aku <\/li><li> T\u00f6\u00f6aeg: kuni 21\u202fminutit \u00fche laadimisega <\/li><\/ul><p> T\u00f6\u00f6omadused: <\/p><ul><li> Maksimaalne surve: kuni 24\u202fbar <\/li><li> Maksimaalne veevool: umbes 175\u202fl\/h <\/li><\/ul><p> Funktsioonid: <\/p><ul><li> Dual Speed System \u2013 kahe t\u00f6\u00f6re\u017eiimiga s\u00fcsteem (ECO\/MAX) puhastuse reguleerimiseks <\/li><li> V\u00f5imalus v\u00f5tta vett erinevatest allikatest (\u00e4mber, paak jne) <\/li><\/ul><p> Kaal:\u00a0umbes 1,8\u202fkg <br \/> Rakendused:\u00a0sobib v\u00e4listingimustes pindade, s\u00f5idukite, rattade, m\u00f6\u00f6bli, seinte ja teiste pindade pesemiseks <\/p>\n","protected":false},"excerpt":{"rendered":"<p>K\u00f5rgsurvepesur Blue Clean BC250 DSS + Tarvikud + Aku,Laadija, heas seisu- ja t\u00f6\u00f6korras! KIRJELDUS Mudel:\u00a0Blue Clean BC250 DSS Seadme t\u00fc\u00fcp:\u00a0Akuga kaasaskantav k\u00f5rgsurvepesur Toide: Toiteallikas: 18\u202fV Li\u2011ion aku T\u00f6\u00f6aeg: kuni 21\u202fminutit \u00fche laadimisega T\u00f6\u00f6omadused: Maksimaalne surve: kuni 24\u202fbar Maksimaalne veevool: umbes 175\u202fl\/h Funktsioonid: Dual Speed System \u2013 kahe t\u00f6\u00f6re\u017eiimiga s\u00fcsteem (ECO\/MAX) puhastuse reguleerimiseks V\u00f5imalus v\u00f5tta vett [&hellip;]<\/p>\n","protected":false},"featured_media":34103,"comment_status":"closed","ping_status":"open","template":"","meta":{"inline_featured_image":false},"product_brand":[],"product_cat":[166],"product_tag":[],"class_list":{"0":"post-34102","1":"product","2":"type-product","3":"status-publish","4":"has-post-thumbnail","6":"product_cat-bytovaya-tehnika","7":"pa_asukoht-mustamae","8":"pa_seisukord-ispolzovano","10":"first","11":"instock","12":"taxable","13":"shipping-taxable","14":"purchasable","15":"product-type-simple"},"_links":{"self":[{"href":"https:\/\/a-pant.ee\/ru\/wp-json\/wp\/v2\/product\/34102","targetHints":{"allow":["GET"]}}],"collection":[{"href":"https:\/\/a-pant.ee\/ru\/wp-json\/wp\/v2\/product"}],"about":[{"href":"https:\/\/a-pant.ee\/ru\/wp-json\/wp\/v2\/types\/product"}],"replies":[{"embeddable":true,"href":"https:\/\/a-pant.ee\/ru\/wp-json\/wp\/v2\/comments?post=34102"}],"wp:featuredmedia":[{"embeddable":true,"href":"https:\/\/a-pant.ee\/ru\/wp-json\/wp\/v2\/media\/34103"}],"wp:attachment":[{"href":"https:\/\/a-pant.ee\/ru\/wp-json\/wp\/v2\/media?parent=34102"}],"wp:term":[{"taxonomy":"product_brand","embeddable":true,"href":"https:\/\/a-pant.ee\/ru\/wp-json\/wp\/v2\/product_brand?post=34102"},{"taxonomy":"product_cat","embeddable":true,"href":"https:\/\/a-pant.ee\/ru\/wp-json\/wp\/v2\/product_cat?post=34102"},{"taxonomy":"product_tag","embeddable":true,"href":"https:\/\/a-pant.ee\/ru\/wp-json\/wp\/v2\/product_tag?post=34102"}],"curies":[{"name":"wp","href":"https:\/\/api.w.org\/{rel}","templated":true}]}}