{"id":34096,"date":"2026-02-04T15:29:09","date_gmt":"2026-02-04T12:29:09","guid":{"rendered":"https:\/\/a-pant.ee\/product\/robot-pylesos-ezviz-re4-plus\/"},"modified":"2026-02-22T12:11:25","modified_gmt":"2026-02-22T09:11:25","slug":"robot-pylesos-ezviz-re4-plus","status":"publish","type":"product","link":"https:\/\/a-pant.ee\/ru\/product\/robot-pylesos-ezviz-re4-plus\/","title":{"rendered":"\u0420\u043e\u0431\u043e\u0442-\u043f\u044b\u043b\u0435\u0441\u043e\u0441 EZVIZ RE4 Plus"},"content":{"rendered":"\n<p> Robot-tolmuimeja EZVIZ RE4 Plus\u00a0, heas seisu- ja t\u00f6\u00f6korras! <\/p><p> KIRJELDUS <\/p><p> Mudel:\u00a0Ezviz RE4 Plus <\/p><p> Puhastust\u00fc\u00fcp:\u00a0Kuiv ja m\u00e4rgpuhastus <br \/> Navigeerimine:\u00a0LDS LiDAR, ruumi kaardistamine <br \/> Takistuste v\u00e4ltimine ja serva tuvastus <\/p><p> Imemisv\u00f5imsus:\u00a0kuni 4000 Pa <br \/> Imemistasemed:\u00a04 taset <br \/> Automaatne v\u00f5imsuse t\u00f5stmine vaibadel <br \/> \u00dcletatavad takistused:\u00a0kuni umbes 20 mm <\/p><p> M\u00e4rgpuhastus: <\/p><ul><li> Veetase reguleeritav: 3 taset <\/li><li> Veepaagi maht: umbes 300 ml <\/li><li> Pesu-mopiga <\/li><\/ul><p> Aku:\u00a0Li-ion 4930 mAh <br \/> T\u00f6\u00f6aeg:\u00a0kuni umbes 240 min (vaikne), 180 min (standard) <br \/> Laadimisaeg:\u00a0umbes 5 h <\/p><p> Tolmu ja t\u00fchjendamine: <\/p><ul><li> Robotitolmu mahutavus: umbes 0,35 l <\/li><li> Automaatne t\u00fchjendamise alus tolmukotiga umbes 4 l (kuni umbes 90 p\u00e4eva vaheline t\u00fchi) <\/li><\/ul><p> Juhtimine: <\/p><ul><li> EZVIZ rakendus (Wi-Fi 2,4 GHz) <\/li><li> Puhastuste ajastamine, tsoonide ja keelualade seadistamine <\/li><li> H\u00e4\u00e4ljuhtimine (Google Assistant, Amazon Alexa) <\/li><\/ul><p> Puhastuspind:\u00a0kuni umbes 300 m\u00b2 \u00fche korraga <\/p><p> M\u00f5\u00f5tmed:\u00a0umbes 345 \u00d7 345 \u00d7 95 mm <br \/> Kaal:\u00a0umbes 3,1 kg (robot) <\/p>\n","protected":false},"excerpt":{"rendered":"<p>Robot-tolmuimeja EZVIZ RE4 Plus\u00a0, heas seisu- ja t\u00f6\u00f6korras! KIRJELDUS Mudel:\u00a0Ezviz RE4 Plus Puhastust\u00fc\u00fcp:\u00a0Kuiv ja m\u00e4rgpuhastus Navigeerimine:\u00a0LDS LiDAR, ruumi kaardistamine Takistuste v\u00e4ltimine ja serva tuvastus Imemisv\u00f5imsus:\u00a0kuni 4000 Pa Imemistasemed:\u00a04 taset Automaatne v\u00f5imsuse t\u00f5stmine vaibadel \u00dcletatavad takistused:\u00a0kuni umbes 20 mm M\u00e4rgpuhastus: Veetase reguleeritav: 3 taset Veepaagi maht: umbes 300 ml Pesu-mopiga Aku:\u00a0Li-ion 4930 mAh T\u00f6\u00f6aeg:\u00a0kuni umbes 240 [&hellip;]<\/p>\n","protected":false},"featured_media":34097,"comment_status":"closed","ping_status":"closed","template":"","meta":{"inline_featured_image":false},"product_brand":[],"product_cat":[166,162],"product_tag":[],"class_list":{"0":"post-34096","1":"product","2":"type-product","3":"status-publish","4":"has-post-thumbnail","6":"product_cat-bytovaya-tehnika","7":"product_cat-elektronika-drugoe","8":"product_shipping_class-oversize","9":"pa_asukoht-mustamae","10":"pa_seisukord-ispolzovano","12":"first","13":"instock","14":"taxable","15":"shipping-taxable","16":"purchasable","17":"product-type-simple"},"_links":{"self":[{"href":"https:\/\/a-pant.ee\/ru\/wp-json\/wp\/v2\/product\/34096","targetHints":{"allow":["GET"]}}],"collection":[{"href":"https:\/\/a-pant.ee\/ru\/wp-json\/wp\/v2\/product"}],"about":[{"href":"https:\/\/a-pant.ee\/ru\/wp-json\/wp\/v2\/types\/product"}],"replies":[{"embeddable":true,"href":"https:\/\/a-pant.ee\/ru\/wp-json\/wp\/v2\/comments?post=34096"}],"wp:featuredmedia":[{"embeddable":true,"href":"https:\/\/a-pant.ee\/ru\/wp-json\/wp\/v2\/media\/34097"}],"wp:attachment":[{"href":"https:\/\/a-pant.ee\/ru\/wp-json\/wp\/v2\/media?parent=34096"}],"wp:term":[{"taxonomy":"product_brand","embeddable":true,"href":"https:\/\/a-pant.ee\/ru\/wp-json\/wp\/v2\/product_brand?post=34096"},{"taxonomy":"product_cat","embeddable":true,"href":"https:\/\/a-pant.ee\/ru\/wp-json\/wp\/v2\/product_cat?post=34096"},{"taxonomy":"product_tag","embeddable":true,"href":"https:\/\/a-pant.ee\/ru\/wp-json\/wp\/v2\/product_tag?post=34096"}],"curies":[{"name":"wp","href":"https:\/\/api.w.org\/{rel}","templated":true}]}}