{"id":34090,"date":"2026-02-04T15:29:09","date_gmt":"2026-02-04T12:29:09","guid":{"rendered":"https:\/\/a-pant.ee\/product\/kontroller-ps5-sony-portal-s-displeem\/"},"modified":"2026-02-22T12:11:25","modified_gmt":"2026-02-22T09:11:25","slug":"kontroller-s-displeem-dlya-udalyonnoj-igry-ps5-sony-portal","status":"publish","type":"product","link":"https:\/\/a-pant.ee\/ru\/product\/kontroller-s-displeem-dlya-udalyonnoj-igry-ps5-sony-portal\/","title":{"rendered":"\u041a\u043e\u043d\u0442\u0440\u043e\u043b\u043b\u0435\u0440 \u0441 \u0434\u0438\u0441\u043f\u043b\u0435\u0435\u043c \u0434\u043b\u044f \u0443\u0434\u0430\u043b\u0451\u043d\u043d\u043e\u0439 \u0438\u0433\u0440\u044b PS5 Sony Portal"},"content":{"rendered":"\n<p> Kontroller ekraaniga PS5 kaugm\u00e4ngimiseks Sony Portal, heas seisu- ja t\u00f6\u00f6korras! <\/p><p> KIRJELDUS <\/p><p> Mudel:\u00a0Sony PlayStation Portal <br \/> Seadme t\u00fc\u00fcp:\u00a0Kaasaskantav kontroller ekraaniga PS5 kaugm\u00e4ngimiseks <\/p><p> Ekraan: <\/p><ul><li> Suurus: 8\u2033 <\/li><li> T\u00fc\u00fcp: LCD <\/li><li> Resolutsioon: 1920 \u00d7 1080 (Full HD) <\/li><li> V\u00e4rskendussagedus: kuni 60 Hz <\/li><\/ul><p> Juhtimine: <\/p><ul><li> T\u00e4issuuruses DualSense\u2019i nupud ja kangid <\/li><li> Adaptiivsed p\u00e4\u00e4stikud <\/li><li> Haptika (vibratsioon) <\/li><\/ul><p> \u00dchenduvus: <\/p><ul><li> Wi-Fi (\u00fchendus PlayStation 5 konsooliga) <\/li><\/ul><p> Heli: <\/p><ul><li> Sisseehitatud k\u00f5larid <\/li><li> 3,5 mm k\u00f5rvaklapipesa <\/li><\/ul><p> Liidesed: <\/p><ul><li> USB-C (laadimine) <\/li><\/ul><p> Toide: <\/p><ul><li> Sisseehitatud aku <\/li><\/ul><p> \u00dchilduvus: <\/p><ul><li> PlayStation 5 (Remote Play) <\/li><\/ul>\n","protected":false},"excerpt":{"rendered":"<p>Kontroller ekraaniga PS5 kaugm\u00e4ngimiseks Sony Portal, heas seisu- ja t\u00f6\u00f6korras! KIRJELDUS Mudel:\u00a0Sony PlayStation Portal Seadme t\u00fc\u00fcp:\u00a0Kaasaskantav kontroller ekraaniga PS5 kaugm\u00e4ngimiseks Ekraan: Suurus: 8\u2033 T\u00fc\u00fcp: LCD Resolutsioon: 1920 \u00d7 1080 (Full HD) V\u00e4rskendussagedus: kuni 60 Hz Juhtimine: T\u00e4issuuruses DualSense\u2019i nupud ja kangid Adaptiivsed p\u00e4\u00e4stikud Haptika (vibratsioon) \u00dchenduvus: Wi-Fi (\u00fchendus PlayStation 5 konsooliga) Heli: Sisseehitatud k\u00f5larid 3,5 [&hellip;]<\/p>\n","protected":false},"featured_media":34091,"comment_status":"closed","ping_status":"closed","template":"","meta":{"inline_featured_image":false},"product_brand":[],"product_cat":[175],"product_tag":[],"class_list":{"0":"post-34090","1":"product","2":"type-product","3":"status-publish","4":"has-post-thumbnail","6":"product_cat-vsyo-dlya-pristavok","7":"pa_asukoht-mustamae","8":"pa_seisukord-ispolzovano","10":"first","11":"outofstock","12":"taxable","13":"shipping-taxable","14":"purchasable","15":"product-type-simple"},"_links":{"self":[{"href":"https:\/\/a-pant.ee\/ru\/wp-json\/wp\/v2\/product\/34090","targetHints":{"allow":["GET"]}}],"collection":[{"href":"https:\/\/a-pant.ee\/ru\/wp-json\/wp\/v2\/product"}],"about":[{"href":"https:\/\/a-pant.ee\/ru\/wp-json\/wp\/v2\/types\/product"}],"replies":[{"embeddable":true,"href":"https:\/\/a-pant.ee\/ru\/wp-json\/wp\/v2\/comments?post=34090"}],"wp:featuredmedia":[{"embeddable":true,"href":"https:\/\/a-pant.ee\/ru\/wp-json\/wp\/v2\/media\/34091"}],"wp:attachment":[{"href":"https:\/\/a-pant.ee\/ru\/wp-json\/wp\/v2\/media?parent=34090"}],"wp:term":[{"taxonomy":"product_brand","embeddable":true,"href":"https:\/\/a-pant.ee\/ru\/wp-json\/wp\/v2\/product_brand?post=34090"},{"taxonomy":"product_cat","embeddable":true,"href":"https:\/\/a-pant.ee\/ru\/wp-json\/wp\/v2\/product_cat?post=34090"},{"taxonomy":"product_tag","embeddable":true,"href":"https:\/\/a-pant.ee\/ru\/wp-json\/wp\/v2\/product_tag?post=34090"}],"curies":[{"name":"wp","href":"https:\/\/api.w.org\/{rel}","templated":true}]}}