{"id":34084,"date":"2026-02-04T15:29:09","date_gmt":"2026-02-04T12:29:09","guid":{"rendered":"https:\/\/a-pant.ee\/product\/kamera-nedis-wcam130gn\/"},"modified":"2026-02-22T12:11:25","modified_gmt":"2026-02-22T09:11:25","slug":"kamera-nedis-wcam130gn","status":"publish","type":"product","link":"https:\/\/a-pant.ee\/ru\/product\/kamera-nedis-wcam130gn\/","title":{"rendered":"\u041a\u0430\u043c\u0435\u0440\u0430 Nedis WCAM130GN"},"content":{"rendered":"\n<p> Kaamera Nedis WCAM130GN, heas seisu- ja t\u00f6\u00f6korras! <\/p><p> KIRJELDUS <\/p><p> T\u00fc\u00fcp:\u00a0IP-valvekaamera <br \/> Video eraldusv\u00f5ime:\u00a01080p (Full HD) <br \/> Vaatevinkel:\u00a0lai vaatenurk <br \/> \u00d6\u00f6n\u00e4gemine:\u00a0olemas (IR-valgustus) <br \/> Liikumise tuvastus:\u00a0olemas <br \/> \u00dchenduvus:\u00a0Wi-Fi <br \/> V\u00f5rk:\u00a02,4 GHz <br \/> Heli:\u00a0kahepoolne (mikrofon ja k\u00f5lar) <br \/> Salvestus:\u00a0lokaalne ja\/v\u00f5i pilvep\u00f5hine <br \/> Rakendustugi:\u00a0iOS ja Android rakendus <br \/> Toide:\u00a0v\u00f5rguvool v\u00f5i PoE (kui seadistatud) <br \/> Seadistamine:\u00a0mobiilirakenduse kaudu <br \/> Paigalduskoht:\u00a0siseruumides <\/p>\n","protected":false},"excerpt":{"rendered":"<p>Kaamera Nedis WCAM130GN, heas seisu- ja t\u00f6\u00f6korras! KIRJELDUS T\u00fc\u00fcp:\u00a0IP-valvekaamera Video eraldusv\u00f5ime:\u00a01080p (Full HD) Vaatevinkel:\u00a0lai vaatenurk \u00d6\u00f6n\u00e4gemine:\u00a0olemas (IR-valgustus) Liikumise tuvastus:\u00a0olemas \u00dchenduvus:\u00a0Wi-Fi V\u00f5rk:\u00a02,4 GHz Heli:\u00a0kahepoolne (mikrofon ja k\u00f5lar) Salvestus:\u00a0lokaalne ja\/v\u00f5i pilvep\u00f5hine Rakendustugi:\u00a0iOS ja Android rakendus Toide:\u00a0v\u00f5rguvool v\u00f5i PoE (kui seadistatud) Seadistamine:\u00a0mobiilirakenduse kaudu Paigalduskoht:\u00a0siseruumides<\/p>\n","protected":false},"featured_media":34085,"comment_status":"closed","ping_status":"open","template":"","meta":{"inline_featured_image":false},"product_brand":[],"product_cat":[182,183],"product_tag":[],"class_list":{"0":"post-34084","1":"product","2":"type-product","3":"status-publish","4":"has-post-thumbnail","6":"product_cat-videokamery","7":"product_cat-videoregistratory","8":"pa_asukoht-mustamae","9":"pa_seisukord-ispolzovano","11":"first","12":"instock","13":"taxable","14":"shipping-taxable","15":"purchasable","16":"product-type-simple"},"_links":{"self":[{"href":"https:\/\/a-pant.ee\/ru\/wp-json\/wp\/v2\/product\/34084","targetHints":{"allow":["GET"]}}],"collection":[{"href":"https:\/\/a-pant.ee\/ru\/wp-json\/wp\/v2\/product"}],"about":[{"href":"https:\/\/a-pant.ee\/ru\/wp-json\/wp\/v2\/types\/product"}],"replies":[{"embeddable":true,"href":"https:\/\/a-pant.ee\/ru\/wp-json\/wp\/v2\/comments?post=34084"}],"wp:featuredmedia":[{"embeddable":true,"href":"https:\/\/a-pant.ee\/ru\/wp-json\/wp\/v2\/media\/34085"}],"wp:attachment":[{"href":"https:\/\/a-pant.ee\/ru\/wp-json\/wp\/v2\/media?parent=34084"}],"wp:term":[{"taxonomy":"product_brand","embeddable":true,"href":"https:\/\/a-pant.ee\/ru\/wp-json\/wp\/v2\/product_brand?post=34084"},{"taxonomy":"product_cat","embeddable":true,"href":"https:\/\/a-pant.ee\/ru\/wp-json\/wp\/v2\/product_cat?post=34084"},{"taxonomy":"product_tag","embeddable":true,"href":"https:\/\/a-pant.ee\/ru\/wp-json\/wp\/v2\/product_tag?post=34084"}],"curies":[{"name":"wp","href":"https:\/\/api.w.org\/{rel}","templated":true}]}}