{"id":34078,"date":"2026-02-04T15:29:09","date_gmt":"2026-02-04T12:29:09","guid":{"rendered":"https:\/\/a-pant.ee\/product\/router-repeater-tp-link-re550\/"},"modified":"2026-02-22T12:11:24","modified_gmt":"2026-02-22T09:11:24","slug":"router-repitor-tp-link-re550","status":"publish","type":"product","link":"https:\/\/a-pant.ee\/ru\/product\/router-repitor-tp-link-re550\/","title":{"rendered":"\u0420\u043e\u0443\u0442\u0435\u0440\/\u0420\u0435\u043f\u0438\u0442\u043e\u0440 TP-Link RE550"},"content":{"rendered":"\n<p> Ruuter\/repiiter TP-Link RE550, heas seisu- ja t\u00f6\u00f6korras! <\/p><p> KIRJELDUS <\/p><p> Seadme t\u00fc\u00fcp:\u00a0Wi-Fi kordaja \/ signaali tugevdat <br \/> Wi-Fi standard:\u00a0IEEE 802.11ac\/n\/a\/b\/g <br \/> Sagedusalad:\u00a02,4 GHz ja 5 GHz <br \/> Maksimaalne kiirus:\u00a0kuni\u00a01900 Mb\/s\u00a0(\u2248 600 Mb\/s 2,4 GHz + 1300 Mb\/s 5 GHz) <br \/> Antennid:\u00a0reguleeritavad v\u00e4lised antennid <br \/> T\u00f6\u00f6re\u017eiimid:\u00a0Wi-Fi signaali v\u00f5imendamine, ligip\u00e4\u00e4supunkt <br \/> K\u00fclalisv\u00f5rk:\u00a0olemas <br \/> V\u00f5rgu kaitse:\u00a0WPA\/WPA2 <br \/> Etherneti port:\u00a01 \u00d7 gigabit LAN <br \/> WPS tug:\u00a0olemas <br \/> Indikaatorid:\u00a0LED signaalitaseme n\u00e4idikud <br \/> \u00dchilduvus:\u00a0sobib k\u00f5igi Wi-Fi ruuteritega <br \/> Toide:\u00a0v\u00f5rgutoide <br \/> Paigaldus:\u00a0seinaadapteri-t\u00fc\u00fcp <br \/> Otstarve:\u00a0Wi-Fi leviala suurendamine kodus v\u00f5i kontoris <\/p>\n","protected":false},"excerpt":{"rendered":"<p>Ruuter\/repiiter TP-Link RE550, heas seisu- ja t\u00f6\u00f6korras! KIRJELDUS Seadme t\u00fc\u00fcp:\u00a0Wi-Fi kordaja \/ signaali tugevdat Wi-Fi standard:\u00a0IEEE 802.11ac\/n\/a\/b\/g Sagedusalad:\u00a02,4 GHz ja 5 GHz Maksimaalne kiirus:\u00a0kuni\u00a01900 Mb\/s\u00a0(\u2248 600 Mb\/s 2,4 GHz + 1300 Mb\/s 5 GHz) Antennid:\u00a0reguleeritavad v\u00e4lised antennid T\u00f6\u00f6re\u017eiimid:\u00a0Wi-Fi signaali v\u00f5imendamine, ligip\u00e4\u00e4supunkt K\u00fclalisv\u00f5rk:\u00a0olemas V\u00f5rgu kaitse:\u00a0WPA\/WPA2 Etherneti port:\u00a01 \u00d7 gigabit LAN WPS tug:\u00a0olemas Indikaatorid:\u00a0LED signaalitaseme n\u00e4idikud \u00dchilduvus:\u00a0sobib [&hellip;]<\/p>\n","protected":false},"featured_media":34079,"comment_status":"closed","ping_status":"open","template":"","meta":{"inline_featured_image":false},"product_brand":[],"product_cat":[162],"product_tag":[],"class_list":{"0":"post-34078","1":"product","2":"type-product","3":"status-publish","4":"has-post-thumbnail","6":"product_cat-elektronika-drugoe","7":"pa_asukoht-mustamae","8":"pa_seisukord-ispolzovano","10":"first","11":"instock","12":"taxable","13":"shipping-taxable","14":"purchasable","15":"product-type-simple"},"_links":{"self":[{"href":"https:\/\/a-pant.ee\/ru\/wp-json\/wp\/v2\/product\/34078","targetHints":{"allow":["GET"]}}],"collection":[{"href":"https:\/\/a-pant.ee\/ru\/wp-json\/wp\/v2\/product"}],"about":[{"href":"https:\/\/a-pant.ee\/ru\/wp-json\/wp\/v2\/types\/product"}],"replies":[{"embeddable":true,"href":"https:\/\/a-pant.ee\/ru\/wp-json\/wp\/v2\/comments?post=34078"}],"wp:featuredmedia":[{"embeddable":true,"href":"https:\/\/a-pant.ee\/ru\/wp-json\/wp\/v2\/media\/34079"}],"wp:attachment":[{"href":"https:\/\/a-pant.ee\/ru\/wp-json\/wp\/v2\/media?parent=34078"}],"wp:term":[{"taxonomy":"product_brand","embeddable":true,"href":"https:\/\/a-pant.ee\/ru\/wp-json\/wp\/v2\/product_brand?post=34078"},{"taxonomy":"product_cat","embeddable":true,"href":"https:\/\/a-pant.ee\/ru\/wp-json\/wp\/v2\/product_cat?post=34078"},{"taxonomy":"product_tag","embeddable":true,"href":"https:\/\/a-pant.ee\/ru\/wp-json\/wp\/v2\/product_tag?post=34078"}],"curies":[{"name":"wp","href":"https:\/\/api.w.org\/{rel}","templated":true}]}}