{"id":34072,"date":"2026-02-04T15:29:09","date_gmt":"2026-02-04T12:29:09","guid":{"rendered":"https:\/\/a-pant.ee\/product\/akumulyator-makita-bl1840b\/"},"modified":"2026-02-22T12:11:24","modified_gmt":"2026-02-22T09:11:24","slug":"akumullyator-makita-bl1840b","status":"publish","type":"product","link":"https:\/\/a-pant.ee\/ru\/product\/akumullyator-makita-bl1840b\/","title":{"rendered":"\u0410\u043a\u0443\u043c\u0443\u043b\u043b\u044f\u0442\u043e\u0440 Makita BL1840B"},"content":{"rendered":"\n<p> Aku Makita BL1840B, heas seisu- ja t\u00f6\u00f6korras! <\/p><p> KIRJELDUS <\/p><p> T\u00fc\u00fcp:\u00a0akupatarei <br \/> Seeria:\u00a0BL1840B <br \/> \u00dchilduvus:\u00a0Makita 18 V t\u00f6\u00f6riistad <br \/> Nimipinge:\u00a018 V <br \/> Aku mahtuvus:\u00a04,0 Ah <br \/> Aku t\u00fc\u00fcp:\u00a0liitium-ioon (Li-Ion) <br \/> Energia:\u00a072 Wh <br \/> Elemendid:\u00a05 raku\u00fchikut <br \/> Kaitses\u00fcsteemid:\u00a0kaitse \u00fclekoormuse, \u00fclekuumenemise ja liigse t\u00fchjenemise eest <br \/> Laadimise n\u00e4idik:\u00a0olemas <br \/> Kaal:\u00a0umbes 0,56 kg <br \/> Kasutus:\u00a0Makita 18 V akuga t\u00f6\u00f6riistad \u2014 kruvikeerajad, puurmasinad, haamridsaagid jt <br \/> T\u00f6\u00f6temperatuur:\u00a0standard Li-Ion aku t\u00f6\u00f6vahemik <\/p>\n","protected":false},"excerpt":{"rendered":"<p>Aku Makita BL1840B, heas seisu- ja t\u00f6\u00f6korras! KIRJELDUS T\u00fc\u00fcp:\u00a0akupatarei Seeria:\u00a0BL1840B \u00dchilduvus:\u00a0Makita 18 V t\u00f6\u00f6riistad Nimipinge:\u00a018 V Aku mahtuvus:\u00a04,0 Ah Aku t\u00fc\u00fcp:\u00a0liitium-ioon (Li-Ion) Energia:\u00a072 Wh Elemendid:\u00a05 raku\u00fchikut Kaitses\u00fcsteemid:\u00a0kaitse \u00fclekoormuse, \u00fclekuumenemise ja liigse t\u00fchjenemise eest Laadimise n\u00e4idik:\u00a0olemas Kaal:\u00a0umbes 0,56 kg Kasutus:\u00a0Makita 18 V akuga t\u00f6\u00f6riistad \u2014 kruvikeerajad, puurmasinad, haamridsaagid jt T\u00f6\u00f6temperatuur:\u00a0standard Li-Ion aku t\u00f6\u00f6vahemik<\/p>\n","protected":false},"featured_media":34073,"comment_status":"closed","ping_status":"closed","template":"","meta":{"inline_featured_image":false},"product_brand":[],"product_cat":[223],"product_tag":[],"class_list":{"0":"post-34072","1":"product","2":"type-product","3":"status-publish","4":"has-post-thumbnail","6":"product_cat-vsyo-dlya-instrumenta","7":"pa_asukoht-mustamae","8":"pa_seisukord-ispolzovano","10":"first","11":"outofstock","12":"taxable","13":"shipping-taxable","14":"purchasable","15":"product-type-simple"},"_links":{"self":[{"href":"https:\/\/a-pant.ee\/ru\/wp-json\/wp\/v2\/product\/34072","targetHints":{"allow":["GET"]}}],"collection":[{"href":"https:\/\/a-pant.ee\/ru\/wp-json\/wp\/v2\/product"}],"about":[{"href":"https:\/\/a-pant.ee\/ru\/wp-json\/wp\/v2\/types\/product"}],"replies":[{"embeddable":true,"href":"https:\/\/a-pant.ee\/ru\/wp-json\/wp\/v2\/comments?post=34072"}],"wp:featuredmedia":[{"embeddable":true,"href":"https:\/\/a-pant.ee\/ru\/wp-json\/wp\/v2\/media\/34073"}],"wp:attachment":[{"href":"https:\/\/a-pant.ee\/ru\/wp-json\/wp\/v2\/media?parent=34072"}],"wp:term":[{"taxonomy":"product_brand","embeddable":true,"href":"https:\/\/a-pant.ee\/ru\/wp-json\/wp\/v2\/product_brand?post=34072"},{"taxonomy":"product_cat","embeddable":true,"href":"https:\/\/a-pant.ee\/ru\/wp-json\/wp\/v2\/product_cat?post=34072"},{"taxonomy":"product_tag","embeddable":true,"href":"https:\/\/a-pant.ee\/ru\/wp-json\/wp\/v2\/product_tag?post=34072"}],"curies":[{"name":"wp","href":"https:\/\/api.w.org\/{rel}","templated":true}]}}