{"id":34066,"date":"2026-02-04T15:29:09","date_gmt":"2026-02-04T12:29:09","guid":{"rendered":"https:\/\/a-pant.ee\/product\/akumuljator-skil-pwrcore-20-25ah\/"},"modified":"2026-02-22T12:11:24","modified_gmt":"2026-02-22T09:11:24","slug":"akumullyator-skil-pwrcore-20-25ah","status":"publish","type":"product","link":"https:\/\/a-pant.ee\/ru\/product\/akumullyator-skil-pwrcore-20-25ah\/","title":{"rendered":"\u0410\u043a\u0443\u043c\u0443\u043b\u043b\u044f\u0442\u043e\u0440 Skil PWRCORE 20 2,5AH"},"content":{"rendered":"\n<p> Aku Skil PWRCORE 20 2,5AH, heas seisu- ja t\u00f6\u00f6korras! <\/p><p> KIRJELDUS <\/p><p> T\u00fc\u00fcp:\u00a0akupatarei <br \/> Seeria:\u00a0PWRCore 20 <br \/> \u00dchilduvus:\u00a020 V akutarvikud <br \/> Nimipinge:\u00a020 V <br \/> Aku mahtuvus:\u00a02,5 Ah <br \/> Aku t\u00fc\u00fcp:\u00a0liitium-ioon (Li-Ion) <br \/> Energia:\u00a050 Wh <br \/> Kaal:\u00a0umbes 0,45 kg <br \/> Laadimise n\u00e4idik:\u00a0olemas <br \/> Omadused:\u00a0stabiilne pinge koormuse all <br \/> Kasutus:\u00a0SKIL 20 V elektrit\u00f6\u00f6riistad ja sobivad seadmed <\/p>\n","protected":false},"excerpt":{"rendered":"<p>Aku Skil PWRCORE 20 2,5AH, heas seisu- ja t\u00f6\u00f6korras! KIRJELDUS T\u00fc\u00fcp:\u00a0akupatarei Seeria:\u00a0PWRCore 20 \u00dchilduvus:\u00a020 V akutarvikud Nimipinge:\u00a020 V Aku mahtuvus:\u00a02,5 Ah Aku t\u00fc\u00fcp:\u00a0liitium-ioon (Li-Ion) Energia:\u00a050 Wh Kaal:\u00a0umbes 0,45 kg Laadimise n\u00e4idik:\u00a0olemas Omadused:\u00a0stabiilne pinge koormuse all Kasutus:\u00a0SKIL 20 V elektrit\u00f6\u00f6riistad ja sobivad seadmed<\/p>\n","protected":false},"featured_media":34067,"comment_status":"closed","ping_status":"open","template":"","meta":{"inline_featured_image":false},"product_brand":[],"product_cat":[223],"product_tag":[],"class_list":{"0":"post-34066","1":"product","2":"type-product","3":"status-publish","4":"has-post-thumbnail","6":"product_cat-vsyo-dlya-instrumenta","7":"pa_asukoht-mustamae","8":"pa_seisukord-ispolzovano","10":"first","11":"instock","12":"taxable","13":"shipping-taxable","14":"purchasable","15":"product-type-simple"},"_links":{"self":[{"href":"https:\/\/a-pant.ee\/ru\/wp-json\/wp\/v2\/product\/34066","targetHints":{"allow":["GET"]}}],"collection":[{"href":"https:\/\/a-pant.ee\/ru\/wp-json\/wp\/v2\/product"}],"about":[{"href":"https:\/\/a-pant.ee\/ru\/wp-json\/wp\/v2\/types\/product"}],"replies":[{"embeddable":true,"href":"https:\/\/a-pant.ee\/ru\/wp-json\/wp\/v2\/comments?post=34066"}],"wp:featuredmedia":[{"embeddable":true,"href":"https:\/\/a-pant.ee\/ru\/wp-json\/wp\/v2\/media\/34067"}],"wp:attachment":[{"href":"https:\/\/a-pant.ee\/ru\/wp-json\/wp\/v2\/media?parent=34066"}],"wp:term":[{"taxonomy":"product_brand","embeddable":true,"href":"https:\/\/a-pant.ee\/ru\/wp-json\/wp\/v2\/product_brand?post=34066"},{"taxonomy":"product_cat","embeddable":true,"href":"https:\/\/a-pant.ee\/ru\/wp-json\/wp\/v2\/product_cat?post=34066"},{"taxonomy":"product_tag","embeddable":true,"href":"https:\/\/a-pant.ee\/ru\/wp-json\/wp\/v2\/product_tag?post=34066"}],"curies":[{"name":"wp","href":"https:\/\/api.w.org\/{rel}","templated":true}]}}