{"id":34060,"date":"2026-02-04T15:29:09","date_gmt":"2026-02-04T12:29:09","guid":{"rendered":"https:\/\/a-pant.ee\/product\/telefon-sony-f3111\/"},"modified":"2026-02-22T12:11:24","modified_gmt":"2026-02-22T09:11:24","slug":"telefon-sony-f3111","status":"publish","type":"product","link":"https:\/\/a-pant.ee\/ru\/product\/telefon-sony-f3111\/","title":{"rendered":"\u0422\u0435\u043b\u0435\u0444\u043e\u043d Sony F3111"},"content":{"rendered":"\n<p> Telefon Sony F3111, heas seisu- ja t\u00f6\u00f6korras! <\/p><p> KIRJELDUS <\/p><p> T\u00fc\u00fcp:\u00a0nutitelefon <br \/> Ekraan:\u00a05,0\u2033 IPS LCD <br \/> Ekraani resolutsioon:\u00a01280 \u00d7 720 <br \/> Pikslitihedus:\u00a0294 ppi <br \/> Operatsioonis\u00fcsteem:\u00a0Android 6.0.1 (uuendatav Android 7.0) <br \/> Protsessor:\u00a0MediaTek MT6755 Helio P10 <br \/> Tuumade arv:\u00a08 <br \/> Graafika:\u00a0Mali-T860 MP2 <br \/> RAM:\u00a02 GB <br \/> Sissem\u00e4lu:\u00a016 GB <br \/> M\u00e4lukaardi tugi:\u00a0microSD kuni 256 GB <br \/> Tagumine kaamera:\u00a013 MP <br \/> Esikaamera:\u00a08 MP <br \/> Video:\u00a0Full HD (1080p) <br \/> Aku:\u00a02300 mAh <br \/> V\u00f5rgud:\u00a02G \/ 3G \/ 4G LTE <br \/> Wi-Fi:\u00a0802.11 a\/b\/g\/n <br \/> Bluetooth:\u00a04.1 <br \/> GPS:\u00a0olemas <br \/> NFC:\u00a0olemas <br \/> Liidesed:\u00a0microUSB, 3,5 mm audio <br \/> SIM:\u00a0Nano-SIM (1 pesa) <br \/> M\u00f5\u00f5tmed:\u00a0143,6 \u00d7 66,8 \u00d7 7,9 mm <br \/> Kaal:\u00a0137,4 g <\/p>\n","protected":false},"excerpt":{"rendered":"<p>Telefon Sony F3111, heas seisu- ja t\u00f6\u00f6korras! KIRJELDUS T\u00fc\u00fcp:\u00a0nutitelefon Ekraan:\u00a05,0\u2033 IPS LCD Ekraani resolutsioon:\u00a01280 \u00d7 720 Pikslitihedus:\u00a0294 ppi Operatsioonis\u00fcsteem:\u00a0Android 6.0.1 (uuendatav Android 7.0) Protsessor:\u00a0MediaTek MT6755 Helio P10 Tuumade arv:\u00a08 Graafika:\u00a0Mali-T860 MP2 RAM:\u00a02 GB Sissem\u00e4lu:\u00a016 GB M\u00e4lukaardi tugi:\u00a0microSD kuni 256 GB Tagumine kaamera:\u00a013 MP Esikaamera:\u00a08 MP Video:\u00a0Full HD (1080p) Aku:\u00a02300 mAh V\u00f5rgud:\u00a02G \/ 3G \/ 4G [&hellip;]<\/p>\n","protected":false},"featured_media":34061,"comment_status":"closed","ping_status":"closed","template":"","meta":{"inline_featured_image":false},"product_brand":[],"product_cat":[171],"product_tag":[],"class_list":{"0":"post-34060","1":"product","2":"type-product","3":"status-publish","4":"has-post-thumbnail","6":"product_cat-mobilnye-telefony","7":"pa_asukoht-mustamae","8":"pa_seisukord-ispolzovano","10":"first","11":"outofstock","12":"taxable","13":"shipping-taxable","14":"purchasable","15":"product-type-simple"},"_links":{"self":[{"href":"https:\/\/a-pant.ee\/ru\/wp-json\/wp\/v2\/product\/34060","targetHints":{"allow":["GET"]}}],"collection":[{"href":"https:\/\/a-pant.ee\/ru\/wp-json\/wp\/v2\/product"}],"about":[{"href":"https:\/\/a-pant.ee\/ru\/wp-json\/wp\/v2\/types\/product"}],"replies":[{"embeddable":true,"href":"https:\/\/a-pant.ee\/ru\/wp-json\/wp\/v2\/comments?post=34060"}],"wp:featuredmedia":[{"embeddable":true,"href":"https:\/\/a-pant.ee\/ru\/wp-json\/wp\/v2\/media\/34061"}],"wp:attachment":[{"href":"https:\/\/a-pant.ee\/ru\/wp-json\/wp\/v2\/media?parent=34060"}],"wp:term":[{"taxonomy":"product_brand","embeddable":true,"href":"https:\/\/a-pant.ee\/ru\/wp-json\/wp\/v2\/product_brand?post=34060"},{"taxonomy":"product_cat","embeddable":true,"href":"https:\/\/a-pant.ee\/ru\/wp-json\/wp\/v2\/product_cat?post=34060"},{"taxonomy":"product_tag","embeddable":true,"href":"https:\/\/a-pant.ee\/ru\/wp-json\/wp\/v2\/product_tag?post=34060"}],"curies":[{"name":"wp","href":"https:\/\/api.w.org\/{rel}","templated":true}]}}