{"id":34046,"date":"2026-02-04T15:29:09","date_gmt":"2026-02-04T12:29:09","guid":{"rendered":"https:\/\/a-pant.ee\/product\/bluetooth-kolonka-jbl-go3\/"},"modified":"2026-02-22T12:11:24","modified_gmt":"2026-02-22T09:11:24","slug":"bluetooth-kolonka-jbl-go3","status":"publish","type":"product","link":"https:\/\/a-pant.ee\/ru\/product\/bluetooth-kolonka-jbl-go3\/","title":{"rendered":"Bluetooth \u041a\u043e\u043b\u043e\u043d\u043a\u0430 JBL Go3"},"content":{"rendered":"\n<p><strong> Bluetooth K\u00f5lar JBL Go3 <\/strong> , heas seisu- ja t\u00f6\u00f6korras! <\/p><p> KIRJELDUS <\/p><ul><li><strong> Mudel: <\/strong> \u00a0JBL GO 3 <\/li><li><strong> T\u00fc\u00fcp: <\/strong> \u00a0Kaasaskantav juhtmevaba k\u00f5lar <\/li><li><strong> V\u00f5imsus: <\/strong> \u00a04,2 W RMS <\/li><li><strong> \u00dchenduvus: <\/strong> \u00a0Bluetooth 5.1 <\/li><li><strong> Sagedusvahemik: <\/strong> \u00a0110 Hz \u2013 20 kHz <\/li><li><strong> Veekindlus ja tolmukindlus: <\/strong> \u00a0IP67 (t\u00e4ielikult veekindel ja tolmukindel) <\/li><li><strong> Aku: <\/strong> \u00a0Liitium-ioon 2,7 V, 730 mAh <\/li><li><strong> Aku kestvus: <\/strong> \u00a0Kuni 5 tundi <\/li><li><strong> Laadimisaeg: <\/strong> \u00a0Umbes 2,5 tundi (USB-C kaudu) <\/li><li><strong> M\u00f5\u00f5tmed: <\/strong> \u00a087,5 \u00d7 75 \u00d7 41,3 mm <\/li><li><strong> Kaal: <\/strong> \u00a0209 g <\/li><\/ul>\n","protected":false},"excerpt":{"rendered":"<p>Bluetooth K\u00f5lar JBL Go3 , heas seisu- ja t\u00f6\u00f6korras! KIRJELDUS Mudel: \u00a0JBL GO 3 T\u00fc\u00fcp: \u00a0Kaasaskantav juhtmevaba k\u00f5lar V\u00f5imsus: \u00a04,2 W RMS \u00dchenduvus: \u00a0Bluetooth 5.1 Sagedusvahemik: \u00a0110 Hz \u2013 20 kHz Veekindlus ja tolmukindlus: \u00a0IP67 (t\u00e4ielikult veekindel ja tolmukindel) Aku: \u00a0Liitium-ioon 2,7 V, 730 mAh Aku kestvus: \u00a0Kuni 5 tundi Laadimisaeg: \u00a0Umbes 2,5 tundi (USB-C [&hellip;]<\/p>\n","protected":false},"featured_media":34047,"comment_status":"closed","ping_status":"open","template":"","meta":{"inline_featured_image":false},"product_brand":[],"product_cat":[167],"product_tag":[],"class_list":{"0":"post-34046","1":"product","2":"type-product","3":"status-publish","4":"has-post-thumbnail","6":"product_cat-kolonki","7":"pa_asukoht-lasnamae","8":"pa_seisukord-ispolzovano","10":"first","11":"instock","12":"taxable","13":"shipping-taxable","14":"purchasable","15":"product-type-simple"},"_links":{"self":[{"href":"https:\/\/a-pant.ee\/ru\/wp-json\/wp\/v2\/product\/34046","targetHints":{"allow":["GET"]}}],"collection":[{"href":"https:\/\/a-pant.ee\/ru\/wp-json\/wp\/v2\/product"}],"about":[{"href":"https:\/\/a-pant.ee\/ru\/wp-json\/wp\/v2\/types\/product"}],"replies":[{"embeddable":true,"href":"https:\/\/a-pant.ee\/ru\/wp-json\/wp\/v2\/comments?post=34046"}],"wp:featuredmedia":[{"embeddable":true,"href":"https:\/\/a-pant.ee\/ru\/wp-json\/wp\/v2\/media\/34047"}],"wp:attachment":[{"href":"https:\/\/a-pant.ee\/ru\/wp-json\/wp\/v2\/media?parent=34046"}],"wp:term":[{"taxonomy":"product_brand","embeddable":true,"href":"https:\/\/a-pant.ee\/ru\/wp-json\/wp\/v2\/product_brand?post=34046"},{"taxonomy":"product_cat","embeddable":true,"href":"https:\/\/a-pant.ee\/ru\/wp-json\/wp\/v2\/product_cat?post=34046"},{"taxonomy":"product_tag","embeddable":true,"href":"https:\/\/a-pant.ee\/ru\/wp-json\/wp\/v2\/product_tag?post=34046"}],"curies":[{"name":"wp","href":"https:\/\/api.w.org\/{rel}","templated":true}]}}