{"id":34040,"date":"2026-02-04T15:29:09","date_gmt":"2026-02-04T12:29:09","guid":{"rendered":"https:\/\/a-pant.ee\/product\/sabelnaya-pila-makita-djr186-3-0ach\/"},"modified":"2026-02-22T12:11:23","modified_gmt":"2026-02-22T09:11:23","slug":"sabelnaya-pila-makita-djr186-30ach","status":"publish","type":"product","link":"https:\/\/a-pant.ee\/ru\/product\/sabelnaya-pila-makita-djr186-30ach\/","title":{"rendered":"\u0421\u0430\u0431\u0435\u043b\u044c\u043d\u0430\u044f \u043f\u0438\u043b\u0430 Makita DJR186 + 3,0\u0410\u0447"},"content":{"rendered":"\n<p><strong> Tiigersaag Makita DJR186 + 3,0Ah <\/strong> , heas seisu- ja t\u00f6\u00f6korras! <\/p><p> KIRJELDUS <\/p><ul><li> T\u00fc\u00fcp: akuga tikksaag (sabelsaag) <\/li><li> Pinge: 18 V <\/li><li> L\u00f6\u00f6gisagedus: 0\u20132 800 l\u00f6\u00f6ki\/min <\/li><li> L\u00f6\u00f6gipikkus: 32 mm <\/li><li> Maks. l\u00f5ikes\u00fcgavus puidus: 255 mm <\/li><li> Maks. l\u00f5ikes\u00fcgavus torus: 130 mm <\/li><li> Kiire tera vahetus ilma v\u00f5tmeta <\/li><li> Ergonomiline kummist k\u00e4epide <\/li><li> T\u00f6\u00f6riista pikkus: 486 mm <\/li><li> Kaal: 3,8 kg <\/li><\/ul><p> \u00a0 <\/p>\n","protected":false},"excerpt":{"rendered":"<p>Tiigersaag Makita DJR186 + 3,0Ah , heas seisu- ja t\u00f6\u00f6korras! KIRJELDUS T\u00fc\u00fcp: akuga tikksaag (sabelsaag) Pinge: 18 V L\u00f6\u00f6gisagedus: 0\u20132 800 l\u00f6\u00f6ki\/min L\u00f6\u00f6gipikkus: 32 mm Maks. l\u00f5ikes\u00fcgavus puidus: 255 mm Maks. l\u00f5ikes\u00fcgavus torus: 130 mm Kiire tera vahetus ilma v\u00f5tmeta Ergonomiline kummist k\u00e4epide T\u00f6\u00f6riista pikkus: 486 mm Kaal: 3,8 kg \u00a0<\/p>\n","protected":false},"featured_media":34041,"comment_status":"closed","ping_status":"open","template":"","meta":{"inline_featured_image":false},"product_brand":[],"product_cat":[243],"product_tag":[],"class_list":{"0":"post-34040","1":"product","2":"type-product","3":"status-publish","4":"has-post-thumbnail","6":"product_cat-sabelnye-pily","7":"pa_asukoht-lasnamae","8":"pa_seisukord-ispolzovano","10":"first","11":"outofstock","12":"taxable","13":"shipping-taxable","14":"purchasable","15":"product-type-simple"},"_links":{"self":[{"href":"https:\/\/a-pant.ee\/ru\/wp-json\/wp\/v2\/product\/34040","targetHints":{"allow":["GET"]}}],"collection":[{"href":"https:\/\/a-pant.ee\/ru\/wp-json\/wp\/v2\/product"}],"about":[{"href":"https:\/\/a-pant.ee\/ru\/wp-json\/wp\/v2\/types\/product"}],"replies":[{"embeddable":true,"href":"https:\/\/a-pant.ee\/ru\/wp-json\/wp\/v2\/comments?post=34040"}],"wp:featuredmedia":[{"embeddable":true,"href":"https:\/\/a-pant.ee\/ru\/wp-json\/wp\/v2\/media\/34041"}],"wp:attachment":[{"href":"https:\/\/a-pant.ee\/ru\/wp-json\/wp\/v2\/media?parent=34040"}],"wp:term":[{"taxonomy":"product_brand","embeddable":true,"href":"https:\/\/a-pant.ee\/ru\/wp-json\/wp\/v2\/product_brand?post=34040"},{"taxonomy":"product_cat","embeddable":true,"href":"https:\/\/a-pant.ee\/ru\/wp-json\/wp\/v2\/product_cat?post=34040"},{"taxonomy":"product_tag","embeddable":true,"href":"https:\/\/a-pant.ee\/ru\/wp-json\/wp\/v2\/product_tag?post=34040"}],"curies":[{"name":"wp","href":"https:\/\/api.w.org\/{rel}","templated":true}]}}