{"id":34021,"date":"2026-02-04T15:29:09","date_gmt":"2026-02-04T12:29:09","guid":{"rendered":"https:\/\/a-pant.ee\/product\/ugloshlifovalnaya-mashinka-metabo-w6-125\/"},"modified":"2026-02-22T12:11:23","modified_gmt":"2026-02-22T09:11:23","slug":"ugloshlifovalnaya-mashinka-metabo-w6-125","status":"publish","type":"product","link":"https:\/\/a-pant.ee\/ru\/product\/ugloshlifovalnaya-mashinka-metabo-w6-125\/","title":{"rendered":"\u0423\u0433\u043b\u043e\u0448\u043b\u0438\u0444\u043e\u0432\u0430\u043b\u044c\u043d\u0430\u044f \u043c\u0430\u0448\u0438\u043d\u043a\u0430 Metabo W6-125"},"content":{"rendered":"\n<p><strong> Relakas Metabo W6-125 <\/strong> ,\u00a0 <\/p><p> KIRJELDUS <\/p><p> Ketta l\u00e4bim\u00f5\u00f5t: 125 mm. <br \/> V\u00f5imsus: umbes 650\u2013750 W. <br \/> P\u00f6\u00f6rded t\u00fchik\u00e4igul: kuni ~11 000 p\/min. <br \/> Spindli keere: M14. <br \/> Kaal: umbes 1,6\u20131,9 kg. <\/p><p> \u00a0 <\/p>\n","protected":false},"excerpt":{"rendered":"<p>Relakas Metabo W6-125 ,\u00a0 KIRJELDUS Ketta l\u00e4bim\u00f5\u00f5t: 125 mm. V\u00f5imsus: umbes 650\u2013750 W. P\u00f6\u00f6rded t\u00fchik\u00e4igul: kuni ~11 000 p\/min. Spindli keere: M14. Kaal: umbes 1,6\u20131,9 kg. \u00a0<\/p>\n","protected":false},"featured_media":34022,"comment_status":"closed","ping_status":"closed","template":"","meta":{"inline_featured_image":false},"product_brand":[],"product_cat":[235],"product_tag":[],"class_list":{"0":"post-34021","1":"product","2":"type-product","3":"status-publish","4":"has-post-thumbnail","6":"product_cat-bolgarki","7":"pa_asukoht-lasnamae","8":"pa_seisukord-ispolzovano","10":"first","11":"outofstock","12":"taxable","13":"shipping-taxable","14":"purchasable","15":"product-type-simple"},"_links":{"self":[{"href":"https:\/\/a-pant.ee\/ru\/wp-json\/wp\/v2\/product\/34021","targetHints":{"allow":["GET"]}}],"collection":[{"href":"https:\/\/a-pant.ee\/ru\/wp-json\/wp\/v2\/product"}],"about":[{"href":"https:\/\/a-pant.ee\/ru\/wp-json\/wp\/v2\/types\/product"}],"replies":[{"embeddable":true,"href":"https:\/\/a-pant.ee\/ru\/wp-json\/wp\/v2\/comments?post=34021"}],"wp:featuredmedia":[{"embeddable":true,"href":"https:\/\/a-pant.ee\/ru\/wp-json\/wp\/v2\/media\/34022"}],"wp:attachment":[{"href":"https:\/\/a-pant.ee\/ru\/wp-json\/wp\/v2\/media?parent=34021"}],"wp:term":[{"taxonomy":"product_brand","embeddable":true,"href":"https:\/\/a-pant.ee\/ru\/wp-json\/wp\/v2\/product_brand?post=34021"},{"taxonomy":"product_cat","embeddable":true,"href":"https:\/\/a-pant.ee\/ru\/wp-json\/wp\/v2\/product_cat?post=34021"},{"taxonomy":"product_tag","embeddable":true,"href":"https:\/\/a-pant.ee\/ru\/wp-json\/wp\/v2\/product_tag?post=34021"}],"curies":[{"name":"wp","href":"https:\/\/api.w.org\/{rel}","templated":true}]}}