{"id":34014,"date":"2026-02-04T15:29:09","date_gmt":"2026-02-04T12:29:09","guid":{"rendered":"https:\/\/a-pant.ee\/product\/akudrel-makita-hp330d-1-3ach\/"},"modified":"2026-02-22T12:11:23","modified_gmt":"2026-02-22T09:11:23","slug":"akudrel-makita-hp330d-13ach","status":"publish","type":"product","link":"https:\/\/a-pant.ee\/ru\/product\/akudrel-makita-hp330d-13ach\/","title":{"rendered":"\u0410\u043a\u0443\u0434\u0440\u0435\u043b\u044c Makita HP330D + 1,3\u0410\u0447"},"content":{"rendered":"\n<p><strong> Akutrell Makita HP330D + 1,3Ah <\/strong> , heas seisu- ja t\u00f6\u00f6korras! <strong> \u00a0 <\/strong><\/p><p> KIRJELDUS <\/p><p> Aku pinge 10,8 V <\/p><p> Aku mahutavus 1,3 Ah Li-lon <\/p><p> T\u00fchik\u00e4ik 0-400 \/ 0-1500 p\/min <\/p><p> Padruni l\u00e4bim\u00f5\u00f5t 10 mm <\/p><p> Max p\u00f6\u00f6rdemoment 24 Nm <\/p><p> Puuri l\u00e4bim\u00f5\u00f5t Teras 10 mm <\/p><p> Puit 21 mm &#8212; Tellis 8 mm <\/p><p> M\u00f5\u00f5dud 201x53x183 mm <\/p><p> Kaal 1,1 kg <\/p><p> \u00a0 <\/p>\n","protected":false},"excerpt":{"rendered":"<p>Akutrell Makita HP330D + 1,3Ah , heas seisu- ja t\u00f6\u00f6korras! \u00a0 KIRJELDUS Aku pinge 10,8 V Aku mahutavus 1,3 Ah Li-lon T\u00fchik\u00e4ik 0-400 \/ 0-1500 p\/min Padruni l\u00e4bim\u00f5\u00f5t 10 mm Max p\u00f6\u00f6rdemoment 24 Nm Puuri l\u00e4bim\u00f5\u00f5t Teras 10 mm Puit 21 mm &#8212; Tellis 8 mm M\u00f5\u00f5dud 201x53x183 mm Kaal 1,1 kg \u00a0<\/p>\n","protected":false},"featured_media":34015,"comment_status":"closed","ping_status":"open","template":"","meta":{"inline_featured_image":false},"product_brand":[],"product_cat":[221],"product_tag":[],"class_list":{"0":"post-34014","1":"product","2":"type-product","3":"status-publish","4":"has-post-thumbnail","6":"product_cat-akkumulyatornye-dreli","7":"pa_asukoht-lasnamae","8":"pa_seisukord-ispolzovano","10":"first","11":"instock","12":"taxable","13":"shipping-taxable","14":"purchasable","15":"product-type-simple"},"_links":{"self":[{"href":"https:\/\/a-pant.ee\/ru\/wp-json\/wp\/v2\/product\/34014","targetHints":{"allow":["GET"]}}],"collection":[{"href":"https:\/\/a-pant.ee\/ru\/wp-json\/wp\/v2\/product"}],"about":[{"href":"https:\/\/a-pant.ee\/ru\/wp-json\/wp\/v2\/types\/product"}],"replies":[{"embeddable":true,"href":"https:\/\/a-pant.ee\/ru\/wp-json\/wp\/v2\/comments?post=34014"}],"wp:featuredmedia":[{"embeddable":true,"href":"https:\/\/a-pant.ee\/ru\/wp-json\/wp\/v2\/media\/34015"}],"wp:attachment":[{"href":"https:\/\/a-pant.ee\/ru\/wp-json\/wp\/v2\/media?parent=34014"}],"wp:term":[{"taxonomy":"product_brand","embeddable":true,"href":"https:\/\/a-pant.ee\/ru\/wp-json\/wp\/v2\/product_brand?post=34014"},{"taxonomy":"product_cat","embeddable":true,"href":"https:\/\/a-pant.ee\/ru\/wp-json\/wp\/v2\/product_cat?post=34014"},{"taxonomy":"product_tag","embeddable":true,"href":"https:\/\/a-pant.ee\/ru\/wp-json\/wp\/v2\/product_tag?post=34014"}],"curies":[{"name":"wp","href":"https:\/\/api.w.org\/{rel}","templated":true}]}}