{"id":33980,"date":"2026-02-04T15:25:22","date_gmt":"2026-02-04T12:25:22","guid":{"rendered":"https:\/\/a-pant.ee\/product\/izmelchitel-vetok-makita-ud2500\/"},"modified":"2026-02-22T12:11:28","modified_gmt":"2026-02-22T09:11:28","slug":"izmelchitel-vetok-makita-ud2500","status":"publish","type":"product","link":"https:\/\/a-pant.ee\/ru\/product\/izmelchitel-vetok-makita-ud2500\/","title":{"rendered":"\u0418\u0437\u043c\u0435\u043b\u044c\u0447\u0438\u0442\u0435\u043b\u044c \u0432\u0435\u0442\u043e\u043a Makita UD2500"},"content":{"rendered":"\n<p><strong> Oksapurustaja Makita UD2500 <\/strong> , heas seisu- ja t\u00f6\u00f6korras! <\/p><p> KIRJELDUS <\/p><ul><li><strong> V\u00f5imsus: <\/strong> 2500 W <\/li><li><strong> Toide: <\/strong> elektriline, 230 V <\/li><li><strong> Maks. oksa l\u00e4bim\u00f5\u00f5t: <\/strong> 45 mm <\/li><li><strong> Kogumiskasti maht: <\/strong> 67 l <\/li><li><strong> Kaal: <\/strong> umbes 28\u201330 kg <\/li><li><strong> Tagasik\u00e4ik: <\/strong> olemas ummistuse eemaldamiseks <\/li><li><strong> Rattad ja k\u00e4epidemed: <\/strong> lihtsamaks liigutamiseks <\/li><\/ul>\n","protected":false},"excerpt":{"rendered":"<p>Oksapurustaja Makita UD2500 , heas seisu- ja t\u00f6\u00f6korras! KIRJELDUS V\u00f5imsus: 2500 W Toide: elektriline, 230 V Maks. oksa l\u00e4bim\u00f5\u00f5t: 45 mm Kogumiskasti maht: 67 l Kaal: umbes 28\u201330 kg Tagasik\u00e4ik: olemas ummistuse eemaldamiseks Rattad ja k\u00e4epidemed: lihtsamaks liigutamiseks<\/p>\n","protected":false},"featured_media":33981,"comment_status":"closed","ping_status":"open","template":"","meta":{"inline_featured_image":false},"product_brand":[],"product_cat":[220],"product_tag":[],"class_list":{"0":"post-33980","1":"product","2":"type-product","3":"status-publish","4":"has-post-thumbnail","6":"product_cat-sadovye-instrumenty","7":"pa_asukoht-lasnamae","8":"pa_seisukord-ispolzovano","10":"first","11":"outofstock","12":"taxable","13":"shipping-taxable","14":"purchasable","15":"product-type-simple"},"_links":{"self":[{"href":"https:\/\/a-pant.ee\/ru\/wp-json\/wp\/v2\/product\/33980","targetHints":{"allow":["GET"]}}],"collection":[{"href":"https:\/\/a-pant.ee\/ru\/wp-json\/wp\/v2\/product"}],"about":[{"href":"https:\/\/a-pant.ee\/ru\/wp-json\/wp\/v2\/types\/product"}],"replies":[{"embeddable":true,"href":"https:\/\/a-pant.ee\/ru\/wp-json\/wp\/v2\/comments?post=33980"}],"wp:featuredmedia":[{"embeddable":true,"href":"https:\/\/a-pant.ee\/ru\/wp-json\/wp\/v2\/media\/33981"}],"wp:attachment":[{"href":"https:\/\/a-pant.ee\/ru\/wp-json\/wp\/v2\/media?parent=33980"}],"wp:term":[{"taxonomy":"product_brand","embeddable":true,"href":"https:\/\/a-pant.ee\/ru\/wp-json\/wp\/v2\/product_brand?post=33980"},{"taxonomy":"product_cat","embeddable":true,"href":"https:\/\/a-pant.ee\/ru\/wp-json\/wp\/v2\/product_cat?post=33980"},{"taxonomy":"product_tag","embeddable":true,"href":"https:\/\/a-pant.ee\/ru\/wp-json\/wp\/v2\/product_tag?post=33980"}],"curies":[{"name":"wp","href":"https:\/\/api.w.org\/{rel}","templated":true}]}}