{"id":33969,"date":"2026-02-04T15:25:22","date_gmt":"2026-02-04T12:25:22","guid":{"rendered":"https:\/\/a-pant.ee\/product\/naruchnye-chasy-diesel-mega-chief-dz-4290\/"},"modified":"2026-02-22T12:11:27","modified_gmt":"2026-02-22T09:11:27","slug":"naruchnye-chasy-diesel-mega-chief-dz-4290","status":"publish","type":"product","link":"https:\/\/a-pant.ee\/ru\/product\/naruchnye-chasy-diesel-mega-chief-dz-4290\/","title":{"rendered":"\u041d\u0430\u0440\u0443\u0447\u043d\u044b\u0435 \u0447\u0430\u0441\u044b Diesel Mega Chief DZ-4290"},"content":{"rendered":"\n<p> K\u00e4ekell Diesel Mega Chief DZ-4290, heas seisu- ja t\u00f6\u00f6korras! <\/p><p> KIRJELDUS <\/p><p> Br\u00e4nd: Diesel <br \/> T\u00fc\u00fcp: Meeste k\u00e4ekell <br \/> Mehhanism: Kvarts (v\u00e4ga t\u00e4pne, l\u00f6\u00f6gikindel) <br \/> Klaas: Mineraalklaas (3-4 korda tugevam kui standard) <br \/> Korpus: Teras <br \/> M\u00f5\u00f5tmed: Laius 51 mm, K\u00f5rgus 59 mm, Paksus 12 mm <br \/> K\u00e4ev\u00f5ru: Nahk (Pehme, mugav) <br \/> Veekindlus: 100 m (ujumine ja sukeldumine ilma sukeldumisvarustuseta) <br \/> Valgus: Luminestsentslambid osutitel ja markeritel <\/p>\n","protected":false},"excerpt":{"rendered":"<p>K\u00e4ekell Diesel Mega Chief DZ-4290, heas seisu- ja t\u00f6\u00f6korras! KIRJELDUS Br\u00e4nd: Diesel T\u00fc\u00fcp: Meeste k\u00e4ekell Mehhanism: Kvarts (v\u00e4ga t\u00e4pne, l\u00f6\u00f6gikindel) Klaas: Mineraalklaas (3-4 korda tugevam kui standard) Korpus: Teras M\u00f5\u00f5tmed: Laius 51 mm, K\u00f5rgus 59 mm, Paksus 12 mm K\u00e4ev\u00f5ru: Nahk (Pehme, mugav) Veekindlus: 100 m (ujumine ja sukeldumine ilma sukeldumisvarustuseta) Valgus: Luminestsentslambid osutitel ja [&hellip;]<\/p>\n","protected":false},"featured_media":33970,"comment_status":"closed","ping_status":"open","template":"","meta":{"inline_featured_image":false},"product_brand":[],"product_cat":[211],"product_tag":[],"class_list":{"0":"post-33969","1":"product","2":"type-product","3":"status-publish","4":"has-post-thumbnail","6":"product_cat-muzhskie-chasy","7":"pa_asukoht-mustamae","8":"pa_seisukord-ispolzovano","10":"first","11":"instock","12":"taxable","13":"shipping-taxable","14":"purchasable","15":"product-type-simple"},"_links":{"self":[{"href":"https:\/\/a-pant.ee\/ru\/wp-json\/wp\/v2\/product\/33969","targetHints":{"allow":["GET"]}}],"collection":[{"href":"https:\/\/a-pant.ee\/ru\/wp-json\/wp\/v2\/product"}],"about":[{"href":"https:\/\/a-pant.ee\/ru\/wp-json\/wp\/v2\/types\/product"}],"replies":[{"embeddable":true,"href":"https:\/\/a-pant.ee\/ru\/wp-json\/wp\/v2\/comments?post=33969"}],"wp:featuredmedia":[{"embeddable":true,"href":"https:\/\/a-pant.ee\/ru\/wp-json\/wp\/v2\/media\/33970"}],"wp:attachment":[{"href":"https:\/\/a-pant.ee\/ru\/wp-json\/wp\/v2\/media?parent=33969"}],"wp:term":[{"taxonomy":"product_brand","embeddable":true,"href":"https:\/\/a-pant.ee\/ru\/wp-json\/wp\/v2\/product_brand?post=33969"},{"taxonomy":"product_cat","embeddable":true,"href":"https:\/\/a-pant.ee\/ru\/wp-json\/wp\/v2\/product_cat?post=33969"},{"taxonomy":"product_tag","embeddable":true,"href":"https:\/\/a-pant.ee\/ru\/wp-json\/wp\/v2\/product_tag?post=33969"}],"curies":[{"name":"wp","href":"https:\/\/api.w.org\/{rel}","templated":true}]}}