{"id":33963,"date":"2026-02-04T15:25:22","date_gmt":"2026-02-04T12:25:22","guid":{"rendered":"https:\/\/a-pant.ee\/product\/akkumulyatornaya-drel-makita-ddf482-4\/"},"modified":"2026-02-22T12:11:27","modified_gmt":"2026-02-22T09:11:27","slug":"akkumulyatornaya-drel-makita-ddf482-akku-3-0ach","status":"publish","type":"product","link":"https:\/\/a-pant.ee\/ru\/product\/akkumulyatornaya-drel-makita-ddf482-akku-3-0ach\/","title":{"rendered":"\u0410\u043a\u043a\u0443\u043c\u0443\u043b\u044f\u0442\u043e\u0440\u043d\u0430\u044f \u0434\u0440\u0435\u043b\u044c Makita DDF482 + \u0430\u043a\u043a\u0443 3.0\u0410\u0447"},"content":{"rendered":"\n<p> Akutrell Makita DDF482 + aku 3.0Ah, heas seisu- ja t\u00f6\u00f6korras! <\/p><p> KIRJELDUS <\/p><p> Aku kaitses\u00fcsteem <br \/> P\u00f6\u00f6retearv (min-1): 0-600 \/ 1900 <br \/> Maks.p\u00f6\u00f6rdemoment (K\u00f5va\/pehme): 62 \/ 36 Nm <br \/> Siduri astmed: 21 <br \/> Maks. l\u00e4bim\u00f5\u00f5t puidus: 38 mm <br \/> Maks. l\u00e4bim\u00f5\u00f5t terases: 13 mm <br \/> Spindel: 1\/2\u2033-20UNF \u201d <br \/> Padrun: 1,5 \u2013 13 mm <\/p>\n","protected":false},"excerpt":{"rendered":"<p>Akutrell Makita DDF482 + aku 3.0Ah, heas seisu- ja t\u00f6\u00f6korras! KIRJELDUS Aku kaitses\u00fcsteem P\u00f6\u00f6retearv (min-1): 0-600 \/ 1900 Maks.p\u00f6\u00f6rdemoment (K\u00f5va\/pehme): 62 \/ 36 Nm Siduri astmed: 21 Maks. l\u00e4bim\u00f5\u00f5t puidus: 38 mm Maks. l\u00e4bim\u00f5\u00f5t terases: 13 mm Spindel: 1\/2\u2033-20UNF \u201d Padrun: 1,5 \u2013 13 mm<\/p>\n","protected":false},"featured_media":33964,"comment_status":"closed","ping_status":"closed","template":"","meta":{"inline_featured_image":false},"product_brand":[],"product_cat":[221],"product_tag":[],"class_list":{"0":"post-33963","1":"product","2":"type-product","3":"status-publish","4":"has-post-thumbnail","6":"product_cat-akkumulyatornye-dreli","7":"pa_asukoht-mustamae","8":"pa_seisukord-ispolzovano","10":"first","11":"outofstock","12":"taxable","13":"shipping-taxable","14":"purchasable","15":"product-type-simple"},"_links":{"self":[{"href":"https:\/\/a-pant.ee\/ru\/wp-json\/wp\/v2\/product\/33963","targetHints":{"allow":["GET"]}}],"collection":[{"href":"https:\/\/a-pant.ee\/ru\/wp-json\/wp\/v2\/product"}],"about":[{"href":"https:\/\/a-pant.ee\/ru\/wp-json\/wp\/v2\/types\/product"}],"replies":[{"embeddable":true,"href":"https:\/\/a-pant.ee\/ru\/wp-json\/wp\/v2\/comments?post=33963"}],"wp:featuredmedia":[{"embeddable":true,"href":"https:\/\/a-pant.ee\/ru\/wp-json\/wp\/v2\/media\/33964"}],"wp:attachment":[{"href":"https:\/\/a-pant.ee\/ru\/wp-json\/wp\/v2\/media?parent=33963"}],"wp:term":[{"taxonomy":"product_brand","embeddable":true,"href":"https:\/\/a-pant.ee\/ru\/wp-json\/wp\/v2\/product_brand?post=33963"},{"taxonomy":"product_cat","embeddable":true,"href":"https:\/\/a-pant.ee\/ru\/wp-json\/wp\/v2\/product_cat?post=33963"},{"taxonomy":"product_tag","embeddable":true,"href":"https:\/\/a-pant.ee\/ru\/wp-json\/wp\/v2\/product_tag?post=33963"}],"curies":[{"name":"wp","href":"https:\/\/api.w.org\/{rel}","templated":true}]}}