{"id":33956,"date":"2026-02-04T15:25:22","date_gmt":"2026-02-04T12:25:22","guid":{"rendered":"https:\/\/a-pant.ee\/product\/akubank-wave-10000mah\/"},"modified":"2026-02-22T12:11:27","modified_gmt":"2026-02-22T09:11:27","slug":"akubank-wave-10000mah","status":"publish","type":"product","link":"https:\/\/a-pant.ee\/ru\/product\/akubank-wave-10000mah\/","title":{"rendered":"\u0410\u043a\u0443\u0431\u0430\u043d\u043a Wave 10000Mah"},"content":{"rendered":"\n<p> Akupank Wave 10000Mah, heas seisu- ja t\u00f6\u00f6korras! <\/p><p> KIRJELDUS <\/p><p> \u00dcldomadused <\/p><p> Etten\u00e4htud: <\/p><p> Mobiiltelefonidele, tahvelarvutitele ja muudele seadmetele <\/p><p> Patarei mahtuvus: <\/p><p> 10000 <\/p><p> Patarei t\u00fc\u00fcp: <\/p><p> Li-poly <\/p><p> Pinge ja vool <\/p><p> V\u00e4ljundpinge ja vool: <\/p><p> 5 V \/ 2,4 A <\/p><p> Sisendpinge ja vool: <\/p><p> 5 V \/ 2 A <\/p><p> Lisaomadused <\/p><p> Kaal: <\/p><p> 189 g <\/p><p> Suurus: <\/p><p> 89 x 63 x 23 <\/p><p> V\u00e4rv: <\/p><p> Must <\/p><p> Muud omadused: <\/p><p> LED ekraan <\/p>\n","protected":false},"excerpt":{"rendered":"<p>Akupank Wave 10000Mah, heas seisu- ja t\u00f6\u00f6korras! KIRJELDUS \u00dcldomadused Etten\u00e4htud: Mobiiltelefonidele, tahvelarvutitele ja muudele seadmetele Patarei mahtuvus: 10000 Patarei t\u00fc\u00fcp: Li-poly Pinge ja vool V\u00e4ljundpinge ja vool: 5 V \/ 2,4 A Sisendpinge ja vool: 5 V \/ 2 A Lisaomadused Kaal: 189 g Suurus: 89 x 63 x 23 V\u00e4rv: Must Muud omadused: LED [&hellip;]<\/p>\n","protected":false},"featured_media":33957,"comment_status":"closed","ping_status":"open","template":"","meta":{"inline_featured_image":false},"product_brand":[],"product_cat":[172,162],"product_tag":[],"class_list":{"0":"post-33956","1":"product","2":"type-product","3":"status-publish","4":"has-post-thumbnail","6":"product_cat-vse-dlya-telefonov","7":"product_cat-elektronika-drugoe","8":"pa_asukoht-mustamae","9":"pa_seisukord-ispolzovano","11":"first","12":"instock","13":"taxable","14":"shipping-taxable","15":"purchasable","16":"product-type-simple"},"_links":{"self":[{"href":"https:\/\/a-pant.ee\/ru\/wp-json\/wp\/v2\/product\/33956","targetHints":{"allow":["GET"]}}],"collection":[{"href":"https:\/\/a-pant.ee\/ru\/wp-json\/wp\/v2\/product"}],"about":[{"href":"https:\/\/a-pant.ee\/ru\/wp-json\/wp\/v2\/types\/product"}],"replies":[{"embeddable":true,"href":"https:\/\/a-pant.ee\/ru\/wp-json\/wp\/v2\/comments?post=33956"}],"wp:featuredmedia":[{"embeddable":true,"href":"https:\/\/a-pant.ee\/ru\/wp-json\/wp\/v2\/media\/33957"}],"wp:attachment":[{"href":"https:\/\/a-pant.ee\/ru\/wp-json\/wp\/v2\/media?parent=33956"}],"wp:term":[{"taxonomy":"product_brand","embeddable":true,"href":"https:\/\/a-pant.ee\/ru\/wp-json\/wp\/v2\/product_brand?post=33956"},{"taxonomy":"product_cat","embeddable":true,"href":"https:\/\/a-pant.ee\/ru\/wp-json\/wp\/v2\/product_cat?post=33956"},{"taxonomy":"product_tag","embeddable":true,"href":"https:\/\/a-pant.ee\/ru\/wp-json\/wp\/v2\/product_tag?post=33956"}],"curies":[{"name":"wp","href":"https:\/\/api.w.org\/{rel}","templated":true}]}}