{"id":33949,"date":"2026-02-04T15:25:22","date_gmt":"2026-02-04T12:25:22","guid":{"rendered":"https:\/\/a-pant.ee\/product\/invertern-gembird-12v-150w-korobka\/"},"modified":"2026-02-22T12:11:27","modified_gmt":"2026-02-22T09:11:27","slug":"inverter-gembird-12v-150w-korobka","status":"publish","type":"product","link":"https:\/\/a-pant.ee\/ru\/product\/inverter-gembird-12v-150w-korobka\/","title":{"rendered":"\u0418\u043d\u0432\u0435\u0440\u0442\u0435\u0440 Gembird 12V 150W + \u043a\u043e\u0440\u043e\u0431\u043a\u0430"},"content":{"rendered":"\n<p> Inverter Gembird 12V 150W + karp, heas seisu- ja t\u00f6\u00f6korras! <\/p><p> KIRJELDUS <\/p><p> Laadija <\/p><p> v\u00e4ljundpinge <br \/> 230 VAC +\/- 10% at 50 Hz (+\/-3Hz) <br \/> l\u00fchise kaitse <br \/> Jah <br \/> \u00fclekoormuse kaitse <br \/> Jah <br \/> \u00fclekuumenemise kaitse <br \/> Jah <br \/> Liidesed <\/p><p> USB-A <br \/> 2 tk <br \/> V\u00f5imsus <\/p><p> v\u00f5imsus <br \/> 150 W <\/p>\n","protected":false},"excerpt":{"rendered":"<p>Inverter Gembird 12V 150W + karp, heas seisu- ja t\u00f6\u00f6korras! KIRJELDUS Laadija v\u00e4ljundpinge 230 VAC +\/- 10% at 50 Hz (+\/-3Hz) l\u00fchise kaitse Jah \u00fclekoormuse kaitse Jah \u00fclekuumenemise kaitse Jah Liidesed USB-A 2 tk V\u00f5imsus v\u00f5imsus 150 W<\/p>\n","protected":false},"featured_media":33950,"comment_status":"closed","ping_status":"closed","template":"","meta":{"inline_featured_image":false},"product_brand":[],"product_cat":[162],"product_tag":[],"class_list":{"0":"post-33949","1":"product","2":"type-product","3":"status-publish","4":"has-post-thumbnail","6":"product_cat-elektronika-drugoe","7":"pa_asukoht-mustamae","8":"pa_seisukord-ispolzovano","10":"first","11":"outofstock","12":"taxable","13":"shipping-taxable","14":"purchasable","15":"product-type-simple"},"_links":{"self":[{"href":"https:\/\/a-pant.ee\/ru\/wp-json\/wp\/v2\/product\/33949","targetHints":{"allow":["GET"]}}],"collection":[{"href":"https:\/\/a-pant.ee\/ru\/wp-json\/wp\/v2\/product"}],"about":[{"href":"https:\/\/a-pant.ee\/ru\/wp-json\/wp\/v2\/types\/product"}],"replies":[{"embeddable":true,"href":"https:\/\/a-pant.ee\/ru\/wp-json\/wp\/v2\/comments?post=33949"}],"wp:featuredmedia":[{"embeddable":true,"href":"https:\/\/a-pant.ee\/ru\/wp-json\/wp\/v2\/media\/33950"}],"wp:attachment":[{"href":"https:\/\/a-pant.ee\/ru\/wp-json\/wp\/v2\/media?parent=33949"}],"wp:term":[{"taxonomy":"product_brand","embeddable":true,"href":"https:\/\/a-pant.ee\/ru\/wp-json\/wp\/v2\/product_brand?post=33949"},{"taxonomy":"product_cat","embeddable":true,"href":"https:\/\/a-pant.ee\/ru\/wp-json\/wp\/v2\/product_cat?post=33949"},{"taxonomy":"product_tag","embeddable":true,"href":"https:\/\/a-pant.ee\/ru\/wp-json\/wp\/v2\/product_tag?post=33949"}],"curies":[{"name":"wp","href":"https:\/\/api.w.org\/{rel}","templated":true}]}}