{"id":33942,"date":"2026-02-04T15:25:22","date_gmt":"2026-02-04T12:25:22","guid":{"rendered":"https:\/\/a-pant.ee\/product\/beprovodnye-naushniki-jbl-tune-770-nc\/"},"modified":"2026-02-22T12:11:27","modified_gmt":"2026-02-22T09:11:27","slug":"besprovodnye-naushniki-jbl-tune-770-nc","status":"publish","type":"product","link":"https:\/\/a-pant.ee\/ru\/product\/besprovodnye-naushniki-jbl-tune-770-nc\/","title":{"rendered":"\u0411\u0435\u0441\u043f\u0440\u043e\u0432\u043e\u0434\u043d\u044b\u0435 \u043d\u0430\u0443\u0448\u043d\u0438\u043a\u0438 JBL Tune 770 NC"},"content":{"rendered":"\n<p> K\u00f5rvaklapid JBL Tune 770NC\u00a0, heas seisu- ja t\u00f6\u00f6korras! <\/p><p> KIRJELDUS <\/p><ul><li> Bluetooth 5.3 <\/li><li> Aktiivne m\u00fcrasummutus (NC) <\/li><li> Sisseehitatud mikrofon <\/li><li> 40 mm k\u00f5larid, selge ja v\u00f5imas heli <\/li><li> T\u00f6\u00f6aeg kuni 70 tundi <\/li><li><p> Kaal: 232 g <\/p><\/li><\/ul>\n","protected":false},"excerpt":{"rendered":"<p>K\u00f5rvaklapid JBL Tune 770NC\u00a0, heas seisu- ja t\u00f6\u00f6korras! KIRJELDUS Bluetooth 5.3 Aktiivne m\u00fcrasummutus (NC) Sisseehitatud mikrofon 40 mm k\u00f5larid, selge ja v\u00f5imas heli T\u00f6\u00f6aeg kuni 70 tundi Kaal: 232 g<\/p>\n","protected":false},"featured_media":33943,"comment_status":"closed","ping_status":"open","template":"","meta":{"inline_featured_image":false},"product_brand":[],"product_cat":[168],"product_tag":[],"class_list":{"0":"post-33942","1":"product","2":"type-product","3":"status-publish","4":"has-post-thumbnail","6":"product_cat-naushniki","7":"pa_asukoht-lasnamae","8":"pa_seisukord-ispolzovano","10":"first","11":"instock","12":"taxable","13":"shipping-taxable","14":"purchasable","15":"product-type-simple"},"_links":{"self":[{"href":"https:\/\/a-pant.ee\/ru\/wp-json\/wp\/v2\/product\/33942","targetHints":{"allow":["GET"]}}],"collection":[{"href":"https:\/\/a-pant.ee\/ru\/wp-json\/wp\/v2\/product"}],"about":[{"href":"https:\/\/a-pant.ee\/ru\/wp-json\/wp\/v2\/types\/product"}],"replies":[{"embeddable":true,"href":"https:\/\/a-pant.ee\/ru\/wp-json\/wp\/v2\/comments?post=33942"}],"wp:featuredmedia":[{"embeddable":true,"href":"https:\/\/a-pant.ee\/ru\/wp-json\/wp\/v2\/media\/33943"}],"wp:attachment":[{"href":"https:\/\/a-pant.ee\/ru\/wp-json\/wp\/v2\/media?parent=33942"}],"wp:term":[{"taxonomy":"product_brand","embeddable":true,"href":"https:\/\/a-pant.ee\/ru\/wp-json\/wp\/v2\/product_brand?post=33942"},{"taxonomy":"product_cat","embeddable":true,"href":"https:\/\/a-pant.ee\/ru\/wp-json\/wp\/v2\/product_cat?post=33942"},{"taxonomy":"product_tag","embeddable":true,"href":"https:\/\/a-pant.ee\/ru\/wp-json\/wp\/v2\/product_tag?post=33942"}],"curies":[{"name":"wp","href":"https:\/\/api.w.org\/{rel}","templated":true}]}}