{"id":33936,"date":"2026-02-04T15:25:22","date_gmt":"2026-02-04T12:25:22","guid":{"rendered":"https:\/\/a-pant.ee\/product\/ruter-brovi-5g-cpe-5-h155-381\/"},"modified":"2026-02-22T12:11:27","modified_gmt":"2026-02-22T09:11:27","slug":"ruter-brovi-5g-cpe-5-h155-381","status":"publish","type":"product","link":"https:\/\/a-pant.ee\/ru\/product\/ruter-brovi-5g-cpe-5-h155-381\/","title":{"rendered":"\u0420\u0443\u0442\u0435\u0440 Brovi 5G CPE 5 (H155-381)"},"content":{"rendered":"\n<p> Router Brovi 5G CPE 5 (H155-381) + juhe + karp\u00a0, heas seisu- ja t\u00f6\u00f6korras! <\/p><p> KIRJELDUS <\/p><ul><li> 5G \/ 4G LTE \/ 3G, Nano SIM <\/li><li> Allalaadimine kuni 3.6 Gbit\/s (5G) <\/li><li> Wi-Fi 6 (802.11ax), 2.4 &amp; 5 GHz <\/li><li> Kiirus: kuni 2400 Mbit\/s (5 GHz) <\/li><li> 1\u00d7 Gigabit LAN\/WAN, RJ-45 <\/li><li> Turvalisus: WPA2 \/ WPA3, tulem\u00fc\u00fcr <\/li><li> Sisemised antennid <\/li><li> V\u00e4rv: valge <\/li><\/ul>\n","protected":false},"excerpt":{"rendered":"<p>Router Brovi 5G CPE 5 (H155-381) + juhe + karp\u00a0, heas seisu- ja t\u00f6\u00f6korras! KIRJELDUS 5G \/ 4G LTE \/ 3G, Nano SIM Allalaadimine kuni 3.6 Gbit\/s (5G) Wi-Fi 6 (802.11ax), 2.4 &amp; 5 GHz Kiirus: kuni 2400 Mbit\/s (5 GHz) 1\u00d7 Gigabit LAN\/WAN, RJ-45 Turvalisus: WPA2 \/ WPA3, tulem\u00fc\u00fcr Sisemised antennid V\u00e4rv: valge<\/p>\n","protected":false},"featured_media":33937,"comment_status":"closed","ping_status":"open","template":"","meta":{"inline_featured_image":false},"product_brand":[],"product_cat":[157],"product_tag":[],"class_list":{"0":"post-33936","1":"product","2":"type-product","3":"status-publish","4":"has-post-thumbnail","6":"product_cat-vse-dlya-kompyutera","7":"pa_asukoht-lasnamae","8":"pa_seisukord-ispolzovano","10":"first","11":"outofstock","12":"taxable","13":"shipping-taxable","14":"purchasable","15":"product-type-simple"},"_links":{"self":[{"href":"https:\/\/a-pant.ee\/ru\/wp-json\/wp\/v2\/product\/33936","targetHints":{"allow":["GET"]}}],"collection":[{"href":"https:\/\/a-pant.ee\/ru\/wp-json\/wp\/v2\/product"}],"about":[{"href":"https:\/\/a-pant.ee\/ru\/wp-json\/wp\/v2\/types\/product"}],"replies":[{"embeddable":true,"href":"https:\/\/a-pant.ee\/ru\/wp-json\/wp\/v2\/comments?post=33936"}],"wp:featuredmedia":[{"embeddable":true,"href":"https:\/\/a-pant.ee\/ru\/wp-json\/wp\/v2\/media\/33937"}],"wp:attachment":[{"href":"https:\/\/a-pant.ee\/ru\/wp-json\/wp\/v2\/media?parent=33936"}],"wp:term":[{"taxonomy":"product_brand","embeddable":true,"href":"https:\/\/a-pant.ee\/ru\/wp-json\/wp\/v2\/product_brand?post=33936"},{"taxonomy":"product_cat","embeddable":true,"href":"https:\/\/a-pant.ee\/ru\/wp-json\/wp\/v2\/product_cat?post=33936"},{"taxonomy":"product_tag","embeddable":true,"href":"https:\/\/a-pant.ee\/ru\/wp-json\/wp\/v2\/product_tag?post=33936"}],"curies":[{"name":"wp","href":"https:\/\/api.w.org\/{rel}","templated":true}]}}