{"id":33930,"date":"2026-02-04T15:25:22","date_gmt":"2026-02-04T12:25:22","guid":{"rendered":"https:\/\/a-pant.ee\/product\/akkumulyatornyy-gvozdiezabivnoy-pistolet-dewalt-dcn660n\/"},"modified":"2026-02-22T12:11:26","modified_gmt":"2026-02-22T09:11:26","slug":"akkumulyatornyj-gvozdezabivnoj-pistolet-dewalt-dcn660n-5-0ach","status":"publish","type":"product","link":"https:\/\/a-pant.ee\/ru\/product\/akkumulyatornyj-gvozdezabivnoj-pistolet-dewalt-dcn660n-5-0ach\/","title":{"rendered":"\u0410\u043a\u043a\u0443\u043c\u0443\u043b\u044f\u0442\u043e\u0440\u043d\u044b\u0439 \u0433\u0432\u043e\u0437\u0434\u0435\u0437\u0430\u0431\u0438\u0432\u043d\u043e\u0439 \u043f\u0438\u0441\u0442\u043e\u043b\u0435\u0442 DeWalt DCN660N 5.0\u0410\u0447"},"content":{"rendered":"\n<p> \u00a0Aku Naelap\u00fcstol DeWalt DCN660N + Aku 5.0 Ah\u00a0, heas seisu- ja t\u00f6\u00f6korras! <\/p><p> V\u00e4ga heas seisukorras <\/p><p> KIRJELDUS <\/p><p> Tootja tootekood: DCN660N-XJ <br \/> Tootja: DeWalt <br \/> V\u00f6\u00f6tkood: 5035048558423 <br \/> Kaal: 2,7 kg <br \/> Aku pinge: 18 V <br \/> Kogukaal koos pakendiga: 2,9 kg <br \/> Naela diameeter: 1,6 mm <br \/> T\u00f6\u00f6riista m\u00f5\u00f5tmed: 310 \u00d7 95 \u00d7 305 mm <br \/> Naela pikkus: 32\u201363 mm <br \/> Kasutajagrupp: professionaalidele <br \/> Maksimaalne kogus salves: 110 <br \/> Mootori t\u00fc\u00fcp: akutoitega <br \/> Naelte kaldenurk salves: 20\u00b0 <br \/> Sisseehitatud LED-valgustus: jah <\/p>\n","protected":false},"excerpt":{"rendered":"<p>\u00a0Aku Naelap\u00fcstol DeWalt DCN660N + Aku 5.0 Ah\u00a0, heas seisu- ja t\u00f6\u00f6korras! V\u00e4ga heas seisukorras KIRJELDUS Tootja tootekood: DCN660N-XJ Tootja: DeWalt V\u00f6\u00f6tkood: 5035048558423 Kaal: 2,7 kg Aku pinge: 18 V Kogukaal koos pakendiga: 2,9 kg Naela diameeter: 1,6 mm T\u00f6\u00f6riista m\u00f5\u00f5tmed: 310 \u00d7 95 \u00d7 305 mm Naela pikkus: 32\u201363 mm Kasutajagrupp: professionaalidele Maksimaalne kogus [&hellip;]<\/p>\n","protected":false},"featured_media":33931,"comment_status":"closed","ping_status":"open","template":"","meta":{"inline_featured_image":false},"product_brand":[],"product_cat":[224],"product_tag":[],"class_list":{"0":"post-33930","1":"product","2":"type-product","3":"status-publish","4":"has-post-thumbnail","6":"product_cat-gazovye-pistolety","7":"pa_asukoht-lasnamae","8":"pa_seisukord-ispolzovano","10":"first","11":"instock","12":"taxable","13":"shipping-taxable","14":"purchasable","15":"product-type-simple"},"_links":{"self":[{"href":"https:\/\/a-pant.ee\/ru\/wp-json\/wp\/v2\/product\/33930","targetHints":{"allow":["GET"]}}],"collection":[{"href":"https:\/\/a-pant.ee\/ru\/wp-json\/wp\/v2\/product"}],"about":[{"href":"https:\/\/a-pant.ee\/ru\/wp-json\/wp\/v2\/types\/product"}],"replies":[{"embeddable":true,"href":"https:\/\/a-pant.ee\/ru\/wp-json\/wp\/v2\/comments?post=33930"}],"wp:featuredmedia":[{"embeddable":true,"href":"https:\/\/a-pant.ee\/ru\/wp-json\/wp\/v2\/media\/33931"}],"wp:attachment":[{"href":"https:\/\/a-pant.ee\/ru\/wp-json\/wp\/v2\/media?parent=33930"}],"wp:term":[{"taxonomy":"product_brand","embeddable":true,"href":"https:\/\/a-pant.ee\/ru\/wp-json\/wp\/v2\/product_brand?post=33930"},{"taxonomy":"product_cat","embeddable":true,"href":"https:\/\/a-pant.ee\/ru\/wp-json\/wp\/v2\/product_cat?post=33930"},{"taxonomy":"product_tag","embeddable":true,"href":"https:\/\/a-pant.ee\/ru\/wp-json\/wp\/v2\/product_tag?post=33930"}],"curies":[{"name":"wp","href":"https:\/\/api.w.org\/{rel}","templated":true}]}}